{"id":7922,"date":"2019-02-14T18:01:56","date_gmt":"2019-02-14T17:01:56","guid":{"rendered":"https:\/\/www.insardinia.ch\/?page_id=7922"},"modified":"2019-03-29T16:51:27","modified_gmt":"2019-03-29T15:51:27","slug":"consulenza-immobiliare-sardegna-come-comprare","status":"publish","type":"page","link":"https:\/\/www.insardinia.ch\/it\/consulenza-immobiliare-sardegna-come-comprare\/","title":{"rendered":"Come Comprare una casa in Sardegna"},"content":{"rendered":"<p>[vc_row css=&#8221;.vc_custom_1548842334709{margin-top: 50px !important;}&#8221;][vc_column][vc_column_text css=&#8221;.vc_custom_1550162739725{margin-bottom: 0px !important;}&#8221;]<\/p>\n<h1 style=\"text-align: center;\">Processo di Acquisto: come comprare casa<\/h1>\n<p>[\/vc_column_text][vc_separator color=&#8221;custom&#8221; border_width=&#8221;2&#8243; el_width=&#8221;40&#8243; accent_color=&#8221;#002d72&#8243; css=&#8221;.vc_custom_1548842401884{margin-top: 30px !important;margin-bottom: 30px !important;}&#8221;][vc_column_text]<\/p>\n<p style=\"text-align: center;\">\u00c8 facile.. una volta che avrete individuato la vostra casa dei sogni potrete contattarci inviandoci una richiesta <strong><a class=\"popmake-come-comprare\" href=\"#\">tramite form<\/a><\/strong>, telefonandoci , oppure presso i nostri uffici a Ginevra.<\/p>\n<p style=\"text-align: center;\">Forte delle proprie competenze, Insardinia si pone come l\u2019interlocutore ideale per fornire una consulenza corretta ed efficace per realizzare finalmente il vostro sogno: comprare casa in Sardegna.<\/p>\n<p>[\/vc_column_text][vc_single_image image=&#8221;6447&#8243; img_size=&#8221;full&#8221; alignment=&#8221;center&#8221;][\/vc_column][\/vc_row][vc_row css=&#8221;.vc_custom_1548842334709{margin-top: 50px !important;}&#8221;][vc_column][vc_column_text]<\/p>\n<p style=\"text-align: center;\">Insardinia.ch \u00e8 partner di <a href=\"https:\/\/www.insardinia.ch\/it\/un-network-di-professionisti-qualificati\/\"><strong>prestigiose agenzie immobiliari<\/strong><\/a>\u00a0rigorosamente selezionate e che hanno sede in Sardegna; assieme , forniremo un fondamentale supporto al servizio dell\u2019acquirente mettendovi a disposizione una serie di <a href=\"#servizi\"><strong>servizi indispensabili<\/strong><\/a>\u00a0per acquistare la vostra casa in Sardegna.<\/p>\n<p class=\"p1\" style=\"text-align: center;\"><span class=\"s1\">Che si tratti di un investimento, una casa per la pensione o una casa vacanza, vi forniremo tutto il nostro supporto.<\/span><\/p>\n<p class=\"p1\" style=\"text-align: center;\"><span class=\"s1\">Acquistare casa in Sardegna \u00e8 un\u2019operazione molto complessa se non si conosce bene l\u2019aspetto <\/span><a href=\"https:\/\/www.insardinia.ch\/it\/tasse-casa-italia-imposte-tassazione-effetto-fiscale\/\"><span class=\"s2\"><b>burocratico fiscale italiano<\/b><\/span><\/a><span class=\"s1\">, crediamo fortemente che il potenziale acquirente debba essere a conoscenza di molti aspetti, per questo p<\/span><span class=\"s3\">renderemo in conto elementi tecnici, burocratici, fiscali, legali e<span class=\"Apple-converted-space\">\u00a0 <\/span>territoriali legati all\u2019acquisto di un bene immobiliare in Sardegna.<\/span><\/p>\n<p>[\/vc_column_text][vc_column_text css=&#8221;.vc_custom_1550481765678{margin-bottom: 0px !important;}&#8221; el_id=&#8221;come-lavoriamo&#8221;]<\/p>\n<h1 style=\"text-align: center;\">Ecco come lavoriamo<\/h1>\n<p>[\/vc_column_text][vc_separator color=&#8221;custom&#8221; border_width=&#8221;2&#8243; el_width=&#8221;40&#8243; accent_color=&#8221;#002d72&#8243; css=&#8221;.vc_custom_1550166907972{margin-top: 30px !important;margin-bottom: 30px !important;}&#8221; el_id=&#8221;servizi&#8221;][vc_column_text css_animation=&#8221;fadeInDown&#8221; el_class=&#8221;sezione-caratteristiche&#8221; css=&#8221;.vc_custom_1550226286731{padding-top: 20px !important;padding-right: 20px !important;padding-bottom: 20px !important;padding-left: 20px !important;background-color: #002d72 !important;}&#8221;]<\/p>\n<h3 style=\"text-align: center;\"><span style=\"color: #ffffff;\"><span style=\"vertical-align: inherit;\"><span style=\"vertical-align: inherit;\">Il Servizio di assistenza<\/span><\/span><\/span><\/h3>\n<p style=\"text-align: center;\"><span style=\"color: #ffffff;\"><span style=\"vertical-align: inherit;\"><span style=\"vertical-align: inherit;\">Rispondere prontamente in maniera esaustiva alle vostre Richieste, in modo professionale e nel minor tempo possibile, ci permette di distinguerci offrendovi soddisfazioni a 360 \u00b0 ascolteremo i vostri bisogni Durante tutto Il processo di acquisto della Vostra casa in Sardegna, scriveteci e diteci come vorreste la Vostra casa in Sardegna<\/span><\/span><\/span><\/p>\n<p>[\/vc_column_text][vc_column_text css_animation=&#8221;fadeInDown&#8221; el_class=&#8221;sezione-caratteristiche&#8221; css=&#8221;.vc_custom_1550226442333{padding-top: 20px !important;padding-right: 20px !important;padding-bottom: 20px !important;padding-left: 20px !important;background-color: #002d72 !important;}&#8221;]<\/p>\n<h3 style=\"text-align: center;\"><span style=\"color: #ffffff;\"> Aspetti tecnici e burocratici <\/span><\/h3>\n<p style=\"text-align: center;\"><span style=\"color: #ffffff;\">Un servizio fondamentale a disposizione dell\u2019acquirente.<br \/>\nComunicare nella stessa lingua, documenti da richiedere in fase di trattativa, autorizzazioni edilizie, atti di provenienza, planimetrie catastali, certificati di conformit\u00e0 degli impianti: sono solo alcune delle numerose pratiche da richiedere in fase d\u2019acquisto.<br \/>\nInsardinia, assieme alle agenzie immobiliari sarde, prendenderanno in conto questi importanti aspetti legati all\u2019acquisto del vostro bene.<br \/>\nIn alcuni casi, la fase di raccolta di questi atti, potrebbe prolungarsi per ragioni burocratiche, il nostro impegno, unito alla professionalit\u00e0, faciliter\u00e0 questo passaggio limitando ulteriori ritardi.<\/span><\/p>\n<p>[\/vc_column_text][vc_column_text css_animation=&#8221;fadeInDown&#8221; el_class=&#8221;sezione-caratteristiche&#8221; css=&#8221;.vc_custom_1550164775901{padding-top: 20px !important;padding-right: 20px !important;padding-bottom: 20px !important;padding-left: 20px !important;background-color: #002d72 !important;}&#8221;]<\/p>\n<h3 style=\"text-align: center;\"><span style=\"color: #ffffff;\"> Un servizio di interpretariato da trattativa su misura <\/span><\/h3>\n<p style=\"text-align: center;\"><span style=\"color: #ffffff;\">Il corretto svolgimento e il successo del vostro acquisto dipendono anche dalla qualit\u00e0 dei servizi di interpretariato: trattasi di una disciplina esigente e complessa, che richiede una competenza di primo livello.<br \/>\nMettiamo a disposizione solo interpreti madrelingua, con un ottima preparazione terminologica e con elevate competenze territoriali, le lingue di destinazione sono il Tedesco, il Francese, l`Inglese e Italiano.<br \/>\nUno dei nostri consulenti vi seguir\u00e0 per tutta la durata della trattativa e vi accompagner\u00e0 sino all&#8217;atto notarile.<\/span><\/p>\n<p>[\/vc_column_text][vc_column_text css_animation=&#8221;fadeInDown&#8221; el_class=&#8221;sezione-caratteristiche&#8221; css=&#8221;.vc_custom_1550226653025{padding-top: 20px !important;padding-right: 20px !important;padding-bottom: 20px !important;padding-left: 20px !important;background-color: #002d72 !important;}&#8221;]<\/p>\n<h3 style=\"text-align: center;\"><span style=\"color: #ffffff;\"> Redditivit\u00e0 dell\u2019immobile <\/span><\/h3>\n<p style=\"text-align: center;\"><span style=\"color: #ffffff;\">Calcoleremo il tasso di rendimento del vostro bene, un report completo vi mostrer\u00e0 la stima del tasso di ritorno.<br \/>\nInvestitori ed immobiliaristi lo utilizzano per comprendere indicativamente a quanto ammonteranno le entrate generate dall\u2019abitazione.<br \/>\nUn semplice conteggio per avere una &#8220;previsione&#8221; dell&#8217;investimento immobiliare fatto.<\/span><\/p>\n<p>[\/vc_column_text][vc_column_text css_animation=&#8221;fadeInDown&#8221; el_class=&#8221;sezione-caratteristiche&#8221; css=&#8221;.vc_custom_1550227658120{padding-top: 20px !important;padding-right: 20px !important;padding-bottom: 20px !important;padding-left: 20px !important;background-color: #002d72 !important;}&#8221;]<\/p>\n<h3 style=\"text-align: center;\"><span style=\"color: #ffffff;\"> Un mutuo in Italia <\/span><\/h3>\n<p style=\"text-align: center;\"><span style=\"color: #ffffff;\">Se necessitate di un credito per acquistare casa nell\u2019isola pi\u00f9 affascinante del mediterraneo non dovrete fare altro che leggere alcuni dei nostri\u00a0<a style=\"color: #ffffff;\" href=\"https:\/\/www.insardinia.ch\/it\/mutuo-per-non-residenti\/\">utili consigli<\/a>\u00a0che troverete all\u2019interno del nostro sito, altre preziose informazioni vi verranno offerte in fase di consulenza. [\/vc_column_text][vc_column_text css_animation=&#8221;fadeInDown&#8221; el_class=&#8221;sezione-caratteristiche&#8221; css=&#8221;.vc_custom_1550228183226{padding-top: 20px !important;padding-right: 20px !important;padding-bottom: 20px !important;padding-left: 20px !important;background-color: #002d72 !important;}&#8221;]\u00a0<\/span><\/p>\n<h3 style=\"text-align: center;\"><span style=\"color: #ffffff;\"> Tasse, imposte,costi della vostra casa, imposta del patrimonio e tassazione del reddito <\/span><\/h3>\n<p style=\"text-align: center;\"><span style=\"color: #ffffff;\"> Vi verranno consegnati due report dettagliati: <\/span><\/p>\n<p style=\"text-align: center;\"><span style=\"color: #ffffff;\">Il primo che \u00e8 quello Italiano che ha come obbiettivo quello di individuare i principali costi di gestione annui relativi all\u2019immobile, le tasse, le imposte e il suo tasso di rendimento;<\/span><\/p>\n<p style=\"text-align: center;\"><span style=\"color: #ffffff;\">Il secondo \u00e8 quello relativo al vostro paese di provenienza ( Svizzera, Francia, Belgio), dove verr\u00e0 fatta una simulazione fiscale che comprende due elementi: l\u2019imposta del patrimonio e l\u2019effetto fiscale sulla tassazione del reddito.<\/span><\/p>\n<p>[\/vc_column_text][vc_column_text css_animation=&#8221;fadeInDown&#8221; el_class=&#8221;sezione-caratteristiche&#8221; css=&#8221;.vc_custom_1550227035922{padding-top: 20px !important;padding-right: 20px !important;padding-bottom: 20px !important;padding-left: 20px !important;background-color: #002d72 !important;}&#8221;]<\/p>\n<h3 style=\"text-align: center;\"><span style=\"color: #ffffff;\"> Gestione della casa <\/span><\/h3>\n<p style=\"text-align: center;\"><span style=\"color: #ffffff;\">Affidare e far gestire la vostra casa in Sardegna \u00e8 un incarico molto delicato ove prima di tutto occorrono specifiche competenze, seriet\u00e0, comprovata esperienza, professionalit\u00e0 e una serie di accorgimenti che solo chi fa questo di mestiere \u00e8 in grado di offrire, nulla s`improvvisa.<br \/>\nL\u2019apertura e chiusura dell\u2019abitazione, la cura degli ambienti, la manutenzione e una impeccabile igiene sono solo alcuni aspetti che per noi sono imperativi.<br \/>\nTroveremo l\u2019agenzia che fa al caso vostro e che potr\u00e0 gestire la vostra casa se non vorrete occuparvene personalmente.<br \/>\n<\/span><\/p>\n<p>[\/vc_column_text][vc_column_text css_animation=&#8221;fadeInDown&#8221; el_class=&#8221;sezione-caratteristiche&#8221; css=&#8221;.vc_custom_1550226918708{padding-top: 20px !important;padding-right: 20px !important;padding-bottom: 20px !important;padding-left: 20px !important;background-color: #002d72 !important;}&#8221;]<\/p>\n<h3 style=\"text-align: center;\"><span style=\"color: #ffffff;\"> Arredare con stile la vostra casa <\/span><\/h3>\n<p style=\"text-align: center;\"><span style=\"color: #ffffff;\">Rustico o contemporaneo? Vintage o Shabby? Permetteteci di segnalarvi raffinate boutique e caratteristici negozi dell\u2019isola.<br \/>\nScegliete lo stile pi\u00f9 adatto alla vostra casa in Sardegna, vi proporremo diverse soluzioni con stili differenti.<\/span><\/p>\n<p>[\/vc_column_text][vc_column_text css_animation=&#8221;fadeInDown&#8221; el_class=&#8221;sezione-caratteristiche&#8221; css=&#8221;.vc_custom_1550164969725{padding-top: 20px !important;padding-right: 20px !important;padding-bottom: 20px !important;padding-left: 20px !important;background-color: #002d72 !important;}&#8221;]<\/p>\n<h3 style=\"text-align: center;\"><span style=\"color: #ffffff;\"> Ristrutturare la vostra casa <\/span><\/h3>\n<p style=\"text-align: center;\"><span style=\"color: #ffffff;\">Collaboriamo con professionisti in architettura che fondano il loro lavoro sullo studio del paesaggio e sulle relazioni fra i valori della cultura dell\u2019abitare sardo e le innovazioni contemporanee e tecnologiche. Ogni progetto \u00e8 l\u2019occasione per offrire soluzioni di design su misura, massimo comfort e qualit\u00e0 degli spazi quotidiani, dando vita ad atmosfere suggestive e mutevoli, attraverso un\u2019attenta sensibilit\u00e0 verso i dettagli, l\u2019uso dei materiali, la sostenibilit\u00e0 e il rispetto del luogo.<\/span><\/p>\n<p><span style=\"color: #ffffff;\">Diverse soluzioni vi verranno proposte in fase di consulenza.<\/span>[\/vc_column_text][vc_column_text css_animation=&#8221;fadeInDown&#8221; el_class=&#8221;sezione-caratteristiche&#8221; css=&#8221;.vc_custom_1550226854227{padding-top: 20px !important;padding-right: 20px !important;padding-bottom: 20px !important;padding-left: 20px !important;background-color: #002d72 !important;}&#8221;]<\/p>\n<h3 style=\"text-align: center;\"><span style=\"color: #ffffff;\"> Informazioni sul bene e sul luogo <\/span><\/h3>\n<p style=\"text-align: center;\"><span style=\"color: #ffffff;\">Parlano i nostri partner in Sardegna;chi meglio di loro potr\u00e0 indicarvi altre preziosissime informazioni sulla vostra futura abitazione?<br \/>\nParliamo di aspetti importanti per comprendere se la vostra casa si trova in una zona calma piuttosto che da movida, vicinato riservato o piuttosto estroverso? Ed il luogo? \u00c8 molto richiesto oppure \u00e8 ancora sconosciuto e da valorizzare?<br \/>\nSono solo alcuni punti che possono influenzare la vostra decisione, un altro valido motivo per affidarvi a noi.<\/span><\/p>\n<p>[\/vc_column_text][\/vc_column][\/vc_row][vc_row full_width=&#8221;stretch_row_content&#8221; css=&#8221;.vc_custom_1550165014794{margin-top: 30px !important;margin-bottom: 0px !important;padding-top: 80px !important;padding-bottom: 60px !important;background-color: #947029 !important;}&#8221;][vc_column width=&#8221;1\/4&#8243;][\/vc_column][vc_column width=&#8221;1\/2&#8243;][vc_column_text css=&#8221;.vc_custom_1550163788026{margin-bottom: 0px !important;}&#8221;]<\/p>\n<h2 style=\"text-align: center;\"><span style=\"color: #ffffff;\"><strong>Il modo pi\u00f9 intelligente di trovare la vostra casa in Sardegna<\/strong><\/span><\/h2>\n<p>[\/vc_column_text][\/vc_column][vc_column width=&#8221;1\/4&#8243;][\/vc_column][\/vc_row][vc_row css=&#8221;.vc_custom_1548842334709{margin-top: 50px !important;}&#8221;][vc_column]<div style=\"clear:both; width:100%; height:50px\"><\/div>[vc_column_text]<img decoding=\"async\" loading=\"lazy\" class=\"aligncenter size-thumbnail wp-image-7530\" src=\"https:\/\/www.insardinia.ch\/vendita\/wp-content\/uploads\/2019\/02\/message-150x150.png\" alt=\"\" width=\"150\" height=\"150\" srcset=\"https:\/\/www.insardinia.ch\/vendita\/wp-content\/uploads\/2019\/02\/message-150x150.png 150w, https:\/\/www.insardinia.ch\/vendita\/wp-content\/uploads\/2019\/02\/message-300x300.png 300w, https:\/\/www.insardinia.ch\/vendita\/wp-content\/uploads\/2019\/02\/message-350x350.png 350w, https:\/\/www.insardinia.ch\/vendita\/wp-content\/uploads\/2019\/02\/message-480x480.png 480w, https:\/\/www.insardinia.ch\/vendita\/wp-content\/uploads\/2019\/02\/message.png 512w\" sizes=\"(max-width: 150px) 100vw, 150px\" \/>[\/vc_column_text][vc_column_text]<\/p>\n<h3 class=\"p1\" style=\"text-align: center;\">INVIA UNA RICHIESTA<\/h3>\n<p>[\/vc_column_text][vc_btn title=&#8221;CLICCA QUI&#8221; shape=&#8221;square&#8221; color=&#8221;primary&#8221; size=&#8221;lg&#8221; align=&#8221;center&#8221; link=&#8221;url:%23|||rel:nofollow&#8221; el_class=&#8221;popmake-come-comprare&#8221; el_id=&#8221;pulsante-form&#8221;][\/vc_column][\/vc_row]<\/p>\n","protected":false},"excerpt":{"rendered":"<p>[vc_row css=&#8221;.vc_custom_1548842334709{margin-top: 50px !important;}&#8221;][vc_column][vc_column_text css=&#8221;.vc_custom_1550162739725{margin-bottom: 0px !important;}&#8221;] Processo di Acquisto: come comprare casa [\/vc_column_text][vc_separator color=&#8221;custom&#8221; border_width=&#8221;2&#8243; el_width=&#8221;40&#8243; accent_color=&#8221;#002d72&#8243; css=&#8221;.vc_custom_1548842401884{margin-top: 30px !important;margin-bottom: 30px !important;}&#8221;][vc_column_text] \u00c8 facile.. una volta che avrete individuato la vostra casa dei sogni potrete contattarci inviandoci una richiesta tramite form, telefonandoci , oppure presso i nostri uffici a Ginevra. Forte delle proprie competenze, [&hellip;]<\/p>\n","protected":false},"author":34,"featured_media":0,"parent":0,"menu_order":0,"comment_status":"closed","ping_status":"closed","template":"template\/template-homepage.php","meta":{"_mi_skip_tracking":false,"_exactmetrics_sitenote_active":false,"_exactmetrics_sitenote_note":"","_exactmetrics_sitenote_category":0,"footnotes":""},"yoast_head":"<!-- This site is optimized with the Yoast SEO plugin v21.3 - https:\/\/yoast.com\/wordpress\/plugins\/seo\/ -->\n<title>Sardegna Immobiliare:case e ville in vendita in Sardegna,come acquistare<\/title>\n<meta name=\"description\" content=\"Sardegna:stai decidendo di acquistare casa?lasciati guidare da esperti altamente qualificati,bisogno di consigli per la tua casa in Sardegna? leggi qui!!!!\" \/>\n<meta name=\"robots\" content=\"index, follow, max-snippet:-1, max-image-preview:large, max-video-preview:-1\" \/>\n<link rel=\"canonical\" href=\"https:\/\/www.insardinia.ch\/it\/consulenza-immobiliare-sardegna-come-comprare\/\" \/>\n<meta property=\"og:locale\" content=\"it_IT\" \/>\n<meta property=\"og:type\" content=\"article\" \/>\n<meta property=\"og:title\" content=\"Sardegna Immobiliare:case e ville in vendita in Sardegna,come acquistare\" \/>\n<meta property=\"og:description\" content=\"Sardegna:stai decidendo di acquistare casa?lasciati guidare da esperti altamente qualificati,bisogno di consigli per la tua casa in Sardegna? leggi qui!!!!\" \/>\n<meta property=\"og:url\" content=\"https:\/\/www.insardinia.ch\/it\/consulenza-immobiliare-sardegna-come-comprare\/\" \/>\n<meta property=\"og:site_name\" content=\"InSardinia\" \/>\n<meta property=\"article:modified_time\" content=\"2019-03-29T15:51:27+00:00\" \/>\n<meta property=\"og:image\" content=\"https:\/\/www.insardinia.ch\/vendita\/wp-content\/uploads\/2019\/02\/message-150x150.png\" \/>\n<meta name=\"twitter:card\" content=\"summary_large_image\" \/>\n<meta name=\"twitter:label1\" content=\"Tempo di lettura stimato\" \/>\n\t<meta name=\"twitter:data1\" content=\"7 minuti\" \/>\n<script type=\"application\/ld+json\" class=\"yoast-schema-graph\">{\"@context\":\"https:\/\/schema.org\",\"@graph\":[{\"@type\":\"WebPage\",\"@id\":\"https:\/\/www.insardinia.ch\/it\/consulenza-immobiliare-sardegna-come-comprare\/\",\"url\":\"https:\/\/www.insardinia.ch\/it\/consulenza-immobiliare-sardegna-come-comprare\/\",\"name\":\"Sardegna Immobiliare:case e ville in vendita in Sardegna,come acquistare\",\"isPartOf\":{\"@id\":\"https:\/\/www.insardinia.ch\/en\/#website\"},\"datePublished\":\"2019-02-14T17:01:56+00:00\",\"dateModified\":\"2019-03-29T15:51:27+00:00\",\"description\":\"Sardegna:stai decidendo di acquistare casa?lasciati guidare da esperti altamente qualificati,bisogno di consigli per la tua casa in Sardegna? leggi qui!!!!\",\"breadcrumb\":{\"@id\":\"https:\/\/www.insardinia.ch\/it\/consulenza-immobiliare-sardegna-come-comprare\/#breadcrumb\"},\"inLanguage\":\"it-IT\",\"potentialAction\":[{\"@type\":\"ReadAction\",\"target\":[\"https:\/\/www.insardinia.ch\/it\/consulenza-immobiliare-sardegna-come-comprare\/\"]}]},{\"@type\":\"BreadcrumbList\",\"@id\":\"https:\/\/www.insardinia.ch\/it\/consulenza-immobiliare-sardegna-come-comprare\/#breadcrumb\",\"itemListElement\":[{\"@type\":\"ListItem\",\"position\":1,\"name\":\"Home\",\"item\":\"https:\/\/www.insardinia.ch\/it\/\"},{\"@type\":\"ListItem\",\"position\":2,\"name\":\"Come Comprare una casa in Sardegna\"}]},{\"@type\":\"WebSite\",\"@id\":\"https:\/\/www.insardinia.ch\/en\/#website\",\"url\":\"https:\/\/www.insardinia.ch\/en\/\",\"name\":\"InSardinia\",\"description\":\"\",\"potentialAction\":[{\"@type\":\"SearchAction\",\"target\":{\"@type\":\"EntryPoint\",\"urlTemplate\":\"https:\/\/www.insardinia.ch\/en\/?s={search_term_string}\"},\"query-input\":\"required name=search_term_string\"}],\"inLanguage\":\"it-IT\"}]}<\/script>\n<!-- \/ Yoast SEO plugin. -->","yoast_head_json":{"title":"Sardegna Immobiliare:case e ville in vendita in Sardegna,come acquistare","description":"Sardegna:stai decidendo di acquistare casa?lasciati guidare da esperti altamente qualificati,bisogno di consigli per la tua casa in Sardegna? leggi qui!!!!","robots":{"index":"index","follow":"follow","max-snippet":"max-snippet:-1","max-image-preview":"max-image-preview:large","max-video-preview":"max-video-preview:-1"},"canonical":"https:\/\/www.insardinia.ch\/it\/consulenza-immobiliare-sardegna-come-comprare\/","og_locale":"it_IT","og_type":"article","og_title":"Sardegna Immobiliare:case e ville in vendita in Sardegna,come acquistare","og_description":"Sardegna:stai decidendo di acquistare casa?lasciati guidare da esperti altamente qualificati,bisogno di consigli per la tua casa in Sardegna? leggi qui!!!!","og_url":"https:\/\/www.insardinia.ch\/it\/consulenza-immobiliare-sardegna-come-comprare\/","og_site_name":"InSardinia","article_modified_time":"2019-03-29T15:51:27+00:00","og_image":[{"url":"https:\/\/www.insardinia.ch\/vendita\/wp-content\/uploads\/2019\/02\/message-150x150.png"}],"twitter_card":"summary_large_image","twitter_misc":{"Tempo di lettura stimato":"7 minuti"},"schema":{"@context":"https:\/\/schema.org","@graph":[{"@type":"WebPage","@id":"https:\/\/www.insardinia.ch\/it\/consulenza-immobiliare-sardegna-come-comprare\/","url":"https:\/\/www.insardinia.ch\/it\/consulenza-immobiliare-sardegna-come-comprare\/","name":"Sardegna Immobiliare:case e ville in vendita in Sardegna,come acquistare","isPartOf":{"@id":"https:\/\/www.insardinia.ch\/en\/#website"},"datePublished":"2019-02-14T17:01:56+00:00","dateModified":"2019-03-29T15:51:27+00:00","description":"Sardegna:stai decidendo di acquistare casa?lasciati guidare da esperti altamente qualificati,bisogno di consigli per la tua casa in Sardegna? leggi qui!!!!","breadcrumb":{"@id":"https:\/\/www.insardinia.ch\/it\/consulenza-immobiliare-sardegna-come-comprare\/#breadcrumb"},"inLanguage":"it-IT","potentialAction":[{"@type":"ReadAction","target":["https:\/\/www.insardinia.ch\/it\/consulenza-immobiliare-sardegna-come-comprare\/"]}]},{"@type":"BreadcrumbList","@id":"https:\/\/www.insardinia.ch\/it\/consulenza-immobiliare-sardegna-come-comprare\/#breadcrumb","itemListElement":[{"@type":"ListItem","position":1,"name":"Home","item":"https:\/\/www.insardinia.ch\/it\/"},{"@type":"ListItem","position":2,"name":"Come Comprare una casa in Sardegna"}]},{"@type":"WebSite","@id":"https:\/\/www.insardinia.ch\/en\/#website","url":"https:\/\/www.insardinia.ch\/en\/","name":"InSardinia","description":"","potentialAction":[{"@type":"SearchAction","target":{"@type":"EntryPoint","urlTemplate":"https:\/\/www.insardinia.ch\/en\/?s={search_term_string}"},"query-input":"required name=search_term_string"}],"inLanguage":"it-IT"}]}},"_links":{"self":[{"href":"https:\/\/www.insardinia.ch\/it\/wp-json\/wp\/v2\/pages\/7922"}],"collection":[{"href":"https:\/\/www.insardinia.ch\/it\/wp-json\/wp\/v2\/pages"}],"about":[{"href":"https:\/\/www.insardinia.ch\/it\/wp-json\/wp\/v2\/types\/page"}],"author":[{"embeddable":true,"href":"https:\/\/www.insardinia.ch\/it\/wp-json\/wp\/v2\/users\/34"}],"replies":[{"embeddable":true,"href":"https:\/\/www.insardinia.ch\/it\/wp-json\/wp\/v2\/comments?post=7922"}],"version-history":[{"count":0,"href":"https:\/\/www.insardinia.ch\/it\/wp-json\/wp\/v2\/pages\/7922\/revisions"}],"wp:attachment":[{"href":"https:\/\/www.insardinia.ch\/it\/wp-json\/wp\/v2\/media?parent=7922"}],"curies":[{"name":"wp","href":"https:\/\/api.w.org\/{rel}","templated":true}]}}