{"id":7421,"date":"2019-01-30T11:31:55","date_gmt":"2019-01-30T10:31:55","guid":{"rendered":"https:\/\/www.insardinia.ch\/?page_id=7421"},"modified":"2020-02-03T09:51:59","modified_gmt":"2020-02-03T08:51:59","slug":"tasse-casa-italia-imposte-tassazione-effetto-fiscale","status":"publish","type":"page","link":"https:\/\/www.insardinia.ch\/it\/tasse-casa-italia-imposte-tassazione-effetto-fiscale\/","title":{"rendered":"Consulenza Fiscale"},"content":{"rendered":"<p>[vc_row css=&#8221;.vc_custom_1548842334709{margin-top: 50px !important;}&#8221;][vc_column][vc_column_text css=&#8221;.vc_custom_1559832651899{margin-bottom: 0px !important;}&#8221;]<\/p>\n<h1 style=\"text-align: center;\"><strong>Tasse casa in Italia &#8211; Quali sono le imposte per la casa in Italia<\/strong><\/h1>\n<p>[\/vc_column_text][vc_separator color=&#8221;custom&#8221; border_width=&#8221;2&#8243; el_width=&#8221;40&#8243; accent_color=&#8221;#002d72&#8243; css=&#8221;.vc_custom_1559740109889{margin-top: 30px !important;margin-bottom: 30px !important;}&#8221;][vc_column_text]<\/p>\n<p style=\"text-align: center;\">Desideriamo mettervi al corrente di tutto ci\u00f2 che non conoscete e che nessuno vi ha mai detto. Parliamo di costi da sostenere per possedere un\u2019abitazione, <a href=\"https:\/\/www.insardinia.ch\/it\/tasse-ed-imposte-sulla-casa-in-sardegna\/\">le tasse, ed eventuali imposte da versare una volta proprietari della vostra casa dei sogni<\/a>.<br \/>\nPer sapere in merito a&#8221;tasse casa in Italia\u00a0 o Quali sono le imposte per la casa in Sardegna&#8221; lasciatevi guidare dai nostri partner esperti in fiscalit\u00e0 internazionale, in questo modo non avrete spiacevoli sorprese ma sarete messi a conoscenza,\u00a0 attraverso fruibili e semplici informazioni, su tutta la parte fiscale Italiana e Svizzera<\/p>\n<p style=\"text-align: center;\"><strong>Tasse casa in Italia: Riceverete due report dettagliati<br \/>\n<\/strong><\/p>\n<p style=\"text-align: center;\">Il primo che \u00e8 quello Italiano che ha come obbiettivo quello di individuare<a href=\"https:\/\/www.insardinia.ch\/it\/consigli-e-guida-acquisto-casa-in-sardegna\/\"> i principali costi di gestione<\/a> annui relativi all\u2019immobile, le tasse, le imposte e il suo tasso di rendimento;<\/p>\n<p style=\"text-align: center;\"><strong>Il secondo \u00e8 quello relativo al vostro paese di provenienza<\/strong> ( Svizzera, Francia, Belgio), dove verr\u00e0 fatta una simulazione fiscale che comprende due elementi: <a href=\"https:\/\/www.ch.ch\/it\/pagare-le-imposte\/\">l\u2019imposta del patrimonio e l\u2019effetto fiscale sulla tassazione del reddito.<\/a><\/p>\n<p>Non \u00e8 finita qui, vorresti trasferirti in Sardegna e spostare quindi la tua residenza fiscale in Italia? sappi che ci sono delle ottime agevolazioni per tutti coloro che intendono trasferirsi in Sardegna, <a href=\"https:\/\/www.insardinia.ch\/news-fr\/retraite-en-italie-tax-et-impots-au-7-pour-les-retraites-etrangers\/\">se vuoi ulteriori informazioni su questo argomento leggi qui!!!<\/a>[\/vc_column_text][\/vc_column][\/vc_row][vc_row css=&#8221;.vc_custom_1548842334709{margin-top: 50px !important;}&#8221;][vc_column][vc_column_text css=&#8221;.vc_custom_1559742355602{margin-bottom: 0px !important;}&#8221;]<\/p>\n<h2 style=\"text-align: center;\"><strong>Come garantiamo la nostra Consulenza Fiscale<\/strong><\/h2>\n<p>[\/vc_column_text][vc_separator color=&#8221;custom&#8221; border_width=&#8221;2&#8243; el_width=&#8221;40&#8243; accent_color=&#8221;#002d72&#8243; css=&#8221;.vc_custom_1548842401884{margin-top: 30px !important;margin-bottom: 30px !important;}&#8221;][vc_column_text]<img decoding=\"async\" loading=\"lazy\" class=\"aligncenter size-thumbnail wp-image-7430\" src=\"https:\/\/www.insardinia.ch\/vendita\/wp-content\/uploads\/2019\/01\/esperienza-150x150.png\" alt=\"\" width=\"120\" height=\"120\" srcset=\"https:\/\/www.insardinia.ch\/vendita\/wp-content\/uploads\/2019\/01\/esperienza-150x150.png 150w, https:\/\/www.insardinia.ch\/vendita\/wp-content\/uploads\/2019\/01\/esperienza-300x300.png 300w, https:\/\/www.insardinia.ch\/vendita\/wp-content\/uploads\/2019\/01\/esperienza-350x350.png 350w, https:\/\/www.insardinia.ch\/vendita\/wp-content\/uploads\/2019\/01\/esperienza-480x480.png 480w, https:\/\/www.insardinia.ch\/vendita\/wp-content\/uploads\/2019\/01\/esperienza.png 512w\" sizes=\"(max-width: 120px) 100vw, 120px\" \/>[\/vc_column_text][vc_column_text]<\/p>\n<h2 class=\"p1\" style=\"text-align: center;\"><strong><span class=\"s1\">ESPERIENZA<\/span><\/strong><\/h2>\n<p class=\"p1\" style=\"text-align: center;\"><span class=\"s1\">La consulenza \u00e8 affidata esclusivamente a dottori Commercialisti e specialisti in contabilit\u00e0 e fiscalit\u00e0 internazionale, esperti in questo settore.<\/span><\/p>\n<p>[\/vc_column_text]<div style=\"clear:both; width:100%; height:50px\"><\/div>[vc_column_text]<img decoding=\"async\" loading=\"lazy\" class=\"aligncenter size-thumbnail wp-image-7426\" src=\"https:\/\/www.insardinia.ch\/vendita\/wp-content\/uploads\/2019\/01\/affidabile-150x150.png\" alt=\"\" width=\"120\" height=\"120\" srcset=\"https:\/\/www.insardinia.ch\/vendita\/wp-content\/uploads\/2019\/01\/affidabile-150x150.png 150w, https:\/\/www.insardinia.ch\/vendita\/wp-content\/uploads\/2019\/01\/affidabile-300x300.png 300w, https:\/\/www.insardinia.ch\/vendita\/wp-content\/uploads\/2019\/01\/affidabile-350x350.png 350w, https:\/\/www.insardinia.ch\/vendita\/wp-content\/uploads\/2019\/01\/affidabile.png 480w\" sizes=\"(max-width: 120px) 100vw, 120px\" \/>[\/vc_column_text][vc_column_text]<\/p>\n<h2 class=\"p1\" style=\"text-align: center;\"><strong>RISERVATEZZA<\/strong><\/h2>\n<p class=\"p1\" style=\"text-align: center;\">Qualsiasi informazione che ci comunicherai non sar\u00e0 divulgata a terzi, garantiamo sempre la privacy dei nostri clienti.<\/p>\n<p>[\/vc_column_text]<div style=\"clear:both; width:100%; height:50px\"><\/div>[vc_column_text]<img decoding=\"async\" loading=\"lazy\" class=\"aligncenter size-thumbnail wp-image-7434\" src=\"https:\/\/www.insardinia.ch\/vendita\/wp-content\/uploads\/2019\/01\/garanzia-150x150.png\" alt=\"\" width=\"120\" height=\"120\" srcset=\"https:\/\/www.insardinia.ch\/vendita\/wp-content\/uploads\/2019\/01\/garanzia-150x150.png 150w, https:\/\/www.insardinia.ch\/vendita\/wp-content\/uploads\/2019\/01\/garanzia-300x300.png 300w, https:\/\/www.insardinia.ch\/vendita\/wp-content\/uploads\/2019\/01\/garanzia-350x350.png 350w, https:\/\/www.insardinia.ch\/vendita\/wp-content\/uploads\/2019\/01\/garanzia.png 480w\" sizes=\"(max-width: 120px) 100vw, 120px\" \/>[\/vc_column_text][vc_column_text]<\/p>\n<h2 class=\"p1\" style=\"text-align: center;\"><strong>GARANZIA<\/strong><\/h2>\n<p class=\"p1\" style=\"text-align: center;\">La garanzia \u00e8 data dalla possibilit\u00e0 di verificare la nostra iscrizione all&#8217;ordine professionale.<\/p>\n<p>[\/vc_column_text][\/vc_column][\/vc_row][vc_row full_width=&#8221;stretch_row_content&#8221; css=&#8221;.vc_custom_1548843526622{padding-top: 80px !important;padding-bottom: 80px !important;background-image: url(https:\/\/www.insardinia.ch\/vendita\/wp-content\/uploads\/2019\/01\/sfondo-banner.jpg?id=7448) !important;background-position: center !important;background-repeat: no-repeat !important;background-size: cover !important;}&#8221;][vc_column][vc_column_text css=&#8221;.vc_custom_1548843534464{margin-bottom: 0px !important;}&#8221;]<\/p>\n<h1 style=\"text-align: center;\"><span style=\"color: #ffffff;\">Chiedici una consulenza<\/span><\/h1>\n<p style=\"text-align: center;\"><span style=\"color: #ffffff;\">Se hai bisogno di maggiori informazioni sulla consulenza, se vuoi esporci direttamente il tuo caso oppure gradisci una quotazione per la tua consulenza, contattaci qui.<\/span><\/p>\n<p>[\/vc_column_text]<div style=\"clear:both; width:100%; height:50px\"><\/div>[vc_btn title=&#8221;CONTATTACI&#8221; shape=&#8221;square&#8221; color=&#8221;turquoise&#8221; size=&#8221;lg&#8221; align=&#8221;center&#8221; link=&#8221;url:%23|||rel:nofollow&#8221; el_class=&#8221;popmake-form-consulenza-fiscale&#8221; el_id=&#8221;pulsante-form&#8221;][\/vc_column][\/vc_row]<\/p>\n","protected":false},"excerpt":{"rendered":"<p>[vc_row css=&#8221;.vc_custom_1548842334709{margin-top: 50px !important;}&#8221;][vc_column][vc_column_text css=&#8221;.vc_custom_1559832651899{margin-bottom: 0px !important;}&#8221;] Tasse casa in Italia &#8211; Quali sono le imposte per la casa in Italia [\/vc_column_text][vc_separator color=&#8221;custom&#8221; border_width=&#8221;2&#8243; el_width=&#8221;40&#8243; accent_color=&#8221;#002d72&#8243; css=&#8221;.vc_custom_1559740109889{margin-top: 30px !important;margin-bottom: 30px !important;}&#8221;][vc_column_text] Desideriamo mettervi al corrente di tutto ci\u00f2 che non conoscete e che nessuno vi ha mai detto. Parliamo di costi da sostenere per possedere [&hellip;]<\/p>\n","protected":false},"author":34,"featured_media":21923,"parent":0,"menu_order":0,"comment_status":"closed","ping_status":"closed","template":"template\/template-homepage.php","meta":{"_mi_skip_tracking":false,"_exactmetrics_sitenote_active":false,"_exactmetrics_sitenote_note":"","_exactmetrics_sitenote_category":0,"footnotes":""},"yoast_head":"<!-- This site is optimized with the Yoast SEO plugin v21.3 - https:\/\/yoast.com\/wordpress\/plugins\/seo\/ -->\n<title>Tasse casa in Italia, Quali sono le imposte per la casa in Italia - Insardinia<\/title>\n<meta name=\"description\" content=\"Tasse casa in Italia - Quali sono le imposte per la casa in Italia ?Quali tasse e imposte pagherai per la tua casa in Italia e Sardegna? Guarda qui\" \/>\n<meta name=\"robots\" content=\"index, follow, max-snippet:-1, max-image-preview:large, max-video-preview:-1\" \/>\n<link rel=\"canonical\" href=\"https:\/\/www.insardinia.ch\/it\/tasse-casa-italia-imposte-tassazione-effetto-fiscale\/\" \/>\n<meta property=\"og:locale\" content=\"it_IT\" \/>\n<meta property=\"og:type\" content=\"article\" \/>\n<meta property=\"og:title\" content=\"Tasse casa in Italia, Quali sono le imposte per la casa in Italia - Insardinia\" \/>\n<meta property=\"og:description\" content=\"Tasse casa in Italia - Quali sono le imposte per la casa in Italia ?Quali tasse e imposte pagherai per la tua casa in Italia e Sardegna? Guarda qui\" \/>\n<meta property=\"og:url\" content=\"https:\/\/www.insardinia.ch\/it\/tasse-casa-italia-imposte-tassazione-effetto-fiscale\/\" \/>\n<meta property=\"og:site_name\" content=\"InSardinia\" \/>\n<meta property=\"article:modified_time\" content=\"2020-02-03T08:51:59+00:00\" \/>\n<meta property=\"og:image\" content=\"https:\/\/www.insardinia.ch\/vendita\/wp-content\/uploads\/2019\/06\/sardinia-1853770_640.jpg\" \/>\n\t<meta property=\"og:image:width\" content=\"640\" \/>\n\t<meta property=\"og:image:height\" content=\"426\" \/>\n\t<meta property=\"og:image:type\" content=\"image\/jpeg\" \/>\n<meta name=\"twitter:card\" content=\"summary_large_image\" \/>\n<meta name=\"twitter:label1\" content=\"Tempo di lettura stimato\" \/>\n\t<meta name=\"twitter:data1\" content=\"3 minuti\" \/>\n<script type=\"application\/ld+json\" class=\"yoast-schema-graph\">{\"@context\":\"https:\/\/schema.org\",\"@graph\":[{\"@type\":\"WebPage\",\"@id\":\"https:\/\/www.insardinia.ch\/it\/tasse-casa-italia-imposte-tassazione-effetto-fiscale\/\",\"url\":\"https:\/\/www.insardinia.ch\/it\/tasse-casa-italia-imposte-tassazione-effetto-fiscale\/\",\"name\":\"Tasse casa in Italia, Quali sono le imposte per la casa in Italia - Insardinia\",\"isPartOf\":{\"@id\":\"https:\/\/www.insardinia.ch\/en\/#website\"},\"datePublished\":\"2019-01-30T10:31:55+00:00\",\"dateModified\":\"2020-02-03T08:51:59+00:00\",\"description\":\"Tasse casa in Italia - Quali sono le imposte per la casa in Italia ?Quali tasse e imposte pagherai per la tua casa in Italia e Sardegna? Guarda qui\",\"breadcrumb\":{\"@id\":\"https:\/\/www.insardinia.ch\/it\/tasse-casa-italia-imposte-tassazione-effetto-fiscale\/#breadcrumb\"},\"inLanguage\":\"it-IT\",\"potentialAction\":[{\"@type\":\"ReadAction\",\"target\":[\"https:\/\/www.insardinia.ch\/it\/tasse-casa-italia-imposte-tassazione-effetto-fiscale\/\"]}]},{\"@type\":\"BreadcrumbList\",\"@id\":\"https:\/\/www.insardinia.ch\/it\/tasse-casa-italia-imposte-tassazione-effetto-fiscale\/#breadcrumb\",\"itemListElement\":[{\"@type\":\"ListItem\",\"position\":1,\"name\":\"Home\",\"item\":\"https:\/\/www.insardinia.ch\/it\/\"},{\"@type\":\"ListItem\",\"position\":2,\"name\":\"Consulenza Fiscale\"}]},{\"@type\":\"WebSite\",\"@id\":\"https:\/\/www.insardinia.ch\/en\/#website\",\"url\":\"https:\/\/www.insardinia.ch\/en\/\",\"name\":\"InSardinia\",\"description\":\"\",\"potentialAction\":[{\"@type\":\"SearchAction\",\"target\":{\"@type\":\"EntryPoint\",\"urlTemplate\":\"https:\/\/www.insardinia.ch\/en\/?s={search_term_string}\"},\"query-input\":\"required name=search_term_string\"}],\"inLanguage\":\"it-IT\"}]}<\/script>\n<!-- \/ Yoast SEO plugin. -->","yoast_head_json":{"title":"Tasse casa in Italia, Quali sono le imposte per la casa in Italia - Insardinia","description":"Tasse casa in Italia - Quali sono le imposte per la casa in Italia ?Quali tasse e imposte pagherai per la tua casa in Italia e Sardegna? Guarda qui","robots":{"index":"index","follow":"follow","max-snippet":"max-snippet:-1","max-image-preview":"max-image-preview:large","max-video-preview":"max-video-preview:-1"},"canonical":"https:\/\/www.insardinia.ch\/it\/tasse-casa-italia-imposte-tassazione-effetto-fiscale\/","og_locale":"it_IT","og_type":"article","og_title":"Tasse casa in Italia, Quali sono le imposte per la casa in Italia - Insardinia","og_description":"Tasse casa in Italia - Quali sono le imposte per la casa in Italia ?Quali tasse e imposte pagherai per la tua casa in Italia e Sardegna? Guarda qui","og_url":"https:\/\/www.insardinia.ch\/it\/tasse-casa-italia-imposte-tassazione-effetto-fiscale\/","og_site_name":"InSardinia","article_modified_time":"2020-02-03T08:51:59+00:00","og_image":[{"width":640,"height":426,"url":"https:\/\/www.insardinia.ch\/vendita\/wp-content\/uploads\/2019\/06\/sardinia-1853770_640.jpg","type":"image\/jpeg"}],"twitter_card":"summary_large_image","twitter_misc":{"Tempo di lettura stimato":"3 minuti"},"schema":{"@context":"https:\/\/schema.org","@graph":[{"@type":"WebPage","@id":"https:\/\/www.insardinia.ch\/it\/tasse-casa-italia-imposte-tassazione-effetto-fiscale\/","url":"https:\/\/www.insardinia.ch\/it\/tasse-casa-italia-imposte-tassazione-effetto-fiscale\/","name":"Tasse casa in Italia, Quali sono le imposte per la casa in Italia - Insardinia","isPartOf":{"@id":"https:\/\/www.insardinia.ch\/en\/#website"},"datePublished":"2019-01-30T10:31:55+00:00","dateModified":"2020-02-03T08:51:59+00:00","description":"Tasse casa in Italia - Quali sono le imposte per la casa in Italia ?Quali tasse e imposte pagherai per la tua casa in Italia e Sardegna? Guarda qui","breadcrumb":{"@id":"https:\/\/www.insardinia.ch\/it\/tasse-casa-italia-imposte-tassazione-effetto-fiscale\/#breadcrumb"},"inLanguage":"it-IT","potentialAction":[{"@type":"ReadAction","target":["https:\/\/www.insardinia.ch\/it\/tasse-casa-italia-imposte-tassazione-effetto-fiscale\/"]}]},{"@type":"BreadcrumbList","@id":"https:\/\/www.insardinia.ch\/it\/tasse-casa-italia-imposte-tassazione-effetto-fiscale\/#breadcrumb","itemListElement":[{"@type":"ListItem","position":1,"name":"Home","item":"https:\/\/www.insardinia.ch\/it\/"},{"@type":"ListItem","position":2,"name":"Consulenza Fiscale"}]},{"@type":"WebSite","@id":"https:\/\/www.insardinia.ch\/en\/#website","url":"https:\/\/www.insardinia.ch\/en\/","name":"InSardinia","description":"","potentialAction":[{"@type":"SearchAction","target":{"@type":"EntryPoint","urlTemplate":"https:\/\/www.insardinia.ch\/en\/?s={search_term_string}"},"query-input":"required name=search_term_string"}],"inLanguage":"it-IT"}]}},"_links":{"self":[{"href":"https:\/\/www.insardinia.ch\/it\/wp-json\/wp\/v2\/pages\/7421"}],"collection":[{"href":"https:\/\/www.insardinia.ch\/it\/wp-json\/wp\/v2\/pages"}],"about":[{"href":"https:\/\/www.insardinia.ch\/it\/wp-json\/wp\/v2\/types\/page"}],"author":[{"embeddable":true,"href":"https:\/\/www.insardinia.ch\/it\/wp-json\/wp\/v2\/users\/34"}],"replies":[{"embeddable":true,"href":"https:\/\/www.insardinia.ch\/it\/wp-json\/wp\/v2\/comments?post=7421"}],"version-history":[{"count":0,"href":"https:\/\/www.insardinia.ch\/it\/wp-json\/wp\/v2\/pages\/7421\/revisions"}],"wp:featuredmedia":[{"embeddable":true,"href":"https:\/\/www.insardinia.ch\/it\/wp-json\/wp\/v2\/media\/21923"}],"wp:attachment":[{"href":"https:\/\/www.insardinia.ch\/it\/wp-json\/wp\/v2\/media?parent=7421"}],"curies":[{"name":"wp","href":"https:\/\/api.w.org\/{rel}","templated":true}]}}