{"id":7188,"date":"2018-12-04T10:21:11","date_gmt":"2018-12-04T09:21:11","guid":{"rendered":"https:\/\/www.insardinia.ch\/?page_id=7188"},"modified":"2022-09-20T14:31:44","modified_gmt":"2022-09-20T12:31:44","slug":"immobili-in-vendita-in-sardegna","status":"publish","type":"page","link":"https:\/\/www.insardinia.ch\/it\/immobili-in-vendita-in-sardegna\/","title":{"rendered":"Immobili in vendita in Sardegna"},"content":{"rendered":"<h1>Case, Appartamenti, Ville in vendita in Sardegna<\/h1>\n<p>Magnifici scenari naturali, spiagge incantevoli e il comfort di una terra consapevole che ha saputo preservare la sua bellezza sin dall\u2019antichit\u00e0. Chi desidera acquistare una casa, un appartamento oppure una splendida villa in Sardegna, lo fa per realizzare un sogno esclusivo ma possibile,Case, Appartamenti, Ville in vendita in Sardegna scoprite il nostro catalogo<\/p>\n<p>Le virt\u00f9 di quest\u2019isola, al centro del bacino occidentale del Mediterraneo, sono molte, ci\u00f2 che la rende speciale e unica, \u00e8 la sensazione che non ne manchi nemmeno una. L\u2019isola incantata \u00e8 considerata un paradiso per le sue coste, per le riserve naturali, per il prestigio degli immobili e per la lungimiranza del suo popolo che la protegge dagli abusi e la preserva cos\u00ec come l\u2019ha ricevuta.<\/p>\n<h2>La Sardegna \u00e8 il frutto del Mediterraneo<\/h2>\n<p><a href=\"https:\/\/it.wikipedia.org\/wiki\/Sardegna\"><strong>La posizione geografica della Sardegna<\/strong><\/a> sembra studiata a tavolino poich\u00e9 oltre al clima favorevole per gran parte dell\u2019anno, \u00e8 raggiungibile in molti modi sia a nord che a sud. Gli aeroporti sono a vocazione internazionale grazie alla presenza di moltissime compagnie aeree che la collegano a ben 89 rotte internazionali.<\/p>\n<p><a href=\"https:\/\/www.geasar.it\/\"><strong>Pi\u00f9 in particolare a nord l\u2019aeroporto di Olbia<\/strong><\/a> si trova a soli 9 minuti d\u2019auto dalla Costa Smeralda, a sud l\u2019aeroporto di Cagliari \u00e8 divenuto un hub che gestisce il traffico di 4 milioni di passeggeri l\u2019anno. Via mare i collegamenti sono eccellenti da nord a sud poich\u00e9 \u00e8 servita da numerosi porti tra cui Porto Torres, Olbia, Arbatax e Cagliari.<\/p>\n<p>Non mancano neppure gli scali privati, Eccelsa rappresenta uno dei pi\u00f9 importanti in Europa insieme con quello di Olbia.<\/p>\n<p>Chi compra una casa in Sardegna sa che pu\u00f2 godere del sole, per 300 giorni l\u2019anno. Una villa in costa si sfrutta per una lunga estate che va da inizio giugno a fine settembre. Ci\u00f2 che stupisce, anche chi gi\u00e0 se lo aspetta, \u00e8 la bellezza naturale che attira persone di qualsiasi et\u00e0, il mare cristallino e le spiagge bianche si accompagnano a strisce lunghissime di macchia mediterranea che inebria con il suo profumo e regala panorami mozzafiato.<\/p>\n<p>Una <strong>villa in vendita in Sardegna a bordo mare<\/strong>, nel sud o nel nord dell\u2019isola, offre vacanze straordinarie e prolungate. Oltre alla bellezza del luogo e alla possibilit\u00e0 di sfruttare la <strong>casa in Sardegna<\/strong>, occorre saper valutare la bont\u00e0 dell\u2019investimento.<\/p>\n<p>Bisogna sapere che, da Palau ad Arzachena, da La Maddalena a Santa Teresa di Gallura ci sono 450 km di costa sottoposte a vincolo paesaggistico, grazie ad una legge che risale al 1968. Tramite questa legge non sono possibili nuove lottizzazioni, una <strong>casa in Gallura e in Costa Smeralda<\/strong> \u00e8 considerata un bene raro. Per questi motivi, l\u2019immobile acquistato \u00e8 destinato a crescere di valore nel tempo.<\/p>\n<h2>Case, Appartamenti, Ville in vendita in Sardegna;La vendita di appartamenti sul mare<\/h2>\n<p>Il sogno della seconda casa riguarda, per la maggior parte delle persone, una villa in riva al mare. Il valore dell\u2019abitazione dipende proprio da questa caratteristica ed \u00e8 ci\u00f2 che fa della Sardegna la soluzione migliore.<\/p>\n<p>Il mare di Sardegna \u00e8 famoso in tutto il mondo ed \u00e8 tale lungo tutto il litorale, gli immobili che sorgono sul mare sono moltissimi e ci\u00f2 alimenta un mercato sempre florido e soprattutto adeguato a qualsiasi esigenza.<\/p>\n<p>I motivi per <strong>acquistare casa in Sardegna<\/strong> possono essere molteplici, c\u2019\u00e8 chi merita di godersi il periodo della <strong>pensione<\/strong>, chi vuole realizzare un <strong>sogno<\/strong> per se e la propria famiglia, chi invece sta valutando un\u2019opportunit\u00e0 di <strong>investimento<\/strong>. E\u2019 frequente conoscere persone che vengono da tutta Europa per rimanerci, ben contenti di soggiornare nell\u2019isola pi\u00f9 incantata del vecchio continente.<\/p>\n<h2>Case, Appartamenti, Ville in vendita in Sardegna;Una casa in Sardegna si sceglie per il suo territorio<\/h2>\n<p>La Sardegna \u00e8 famosa anche per la vita semplice e rilassata che si vive non appena si mette piede nell\u2019isola. Non a caso agli onori delle cronache spesso i sardi sono citati come la popolazione pi\u00f9 longeva del mondo.<\/p>\n<p>La Sardegna \u00e8 terapeutica per tutti coloro che hanno bisogno di una <a href=\"https:\/\/www.insardinia.ch\/it\/perche-abitare-in-sardegna\/\"><strong>migliore qualit\u00e0 della vita<\/strong>,<\/a> di ritmi meno logoranti e di riempire gli occhi e le narici della vera bellezza della natura incontaminata.<\/p>\n<p>Un\u2019altra caratteristica unica che ha questo territorio, \u00e8 che chiunque pu\u00f2 godere delle sue bellezze, ovunque infatti si trovano paradisi incontaminati. Un appartamento, una casa o una villa possono differire di valore immobiliare ma il luogo dove sorgono sar\u00e0 sempre <strong>esclusivo<\/strong>.<\/p>\n<p>La vacanza di relax non \u00e8 l\u2019unica possibile in Sardegna, lo sport e la scoperta dell\u2019entroterra sono resi possibili dalle strutture turistiche altamente ricettive e collaudate\u00a0 per decenni. Gli immobili, a prescindere dalla loro tipologia, sono sempre inseriti in un contesto turistico, con ampia disponibilit\u00e0 di servizi.<\/p>\n<h2>Le Spiagge e la Natura<\/h2>\n<p>Bisogna tenere conto della diversit\u00e0 dei luoghi, la Sardegna \u00e8 fatta di piccole insenature, spiagge bianche, ma anche di storia e cultura, di tradizione che si impara a tavola, nelle ricorrenze e bevendo un buon vino autoctono, tutto ci\u00f2 fa si che quando si acquista una casa per passarci una vita oppure un\u2019estate, ci si senta accolti proprio come vorremmo che fosse, sempre.<\/p>\n","protected":false},"excerpt":{"rendered":"<p>Case, Appartamenti, Ville in vendita in Sardegna Magnifici scenari naturali, spiagge incantevoli e il comfort di una terra consapevole che ha saputo preservare la sua bellezza sin dall\u2019antichit\u00e0. Chi desidera acquistare una casa, un appartamento oppure una splendida villa in Sardegna, lo fa per realizzare un sogno esclusivo ma possibile,Case, Appartamenti, Ville in vendita in [&hellip;]<\/p>\n","protected":false},"author":1,"featured_media":28158,"parent":0,"menu_order":0,"comment_status":"closed","ping_status":"closed","template":"template\/property-listing-template.php","meta":{"_mi_skip_tracking":false,"_exactmetrics_sitenote_active":false,"_exactmetrics_sitenote_note":"","_exactmetrics_sitenote_category":0,"footnotes":""},"yoast_head":"<!-- This site is optimized with the Yoast SEO plugin v21.3 - https:\/\/yoast.com\/wordpress\/plugins\/seo\/ -->\n<title>Case, Appartamenti, Ville in vendita in Sardegna-Insardinia<\/title>\n<meta name=\"description\" content=\"Acquistare casa in Sardegna sul mare,Case, Appartamenti, Ville in vendita in Sardegna:oggi \u00e8 un sogno realizzabile da chiunque, scopri gli appartamenti!\" \/>\n<meta name=\"robots\" content=\"index, follow, max-snippet:-1, max-image-preview:large, max-video-preview:-1\" \/>\n<link rel=\"canonical\" href=\"https:\/\/www.insardinia.ch\/it\/immobili-in-vendita-in-sardegna\/\" \/>\n<meta property=\"og:locale\" content=\"it_IT\" \/>\n<meta property=\"og:type\" content=\"article\" \/>\n<meta property=\"og:title\" content=\"Case, Appartamenti, Ville in vendita in Sardegna-Insardinia\" \/>\n<meta property=\"og:description\" content=\"Acquistare casa in Sardegna sul mare,Case, Appartamenti, Ville in vendita in Sardegna:oggi \u00e8 un sogno realizzabile da chiunque, scopri gli appartamenti!\" \/>\n<meta property=\"og:url\" content=\"https:\/\/www.insardinia.ch\/it\/immobili-in-vendita-in-sardegna\/\" \/>\n<meta property=\"og:site_name\" content=\"InSardinia\" \/>\n<meta property=\"article:modified_time\" content=\"2022-09-20T12:31:44+00:00\" \/>\n<meta property=\"og:image\" content=\"https:\/\/www.insardinia.ch\/vendita\/wp-content\/uploads\/2019\/11\/casa-sardegna--1024x683.jpg\" \/>\n\t<meta property=\"og:image:width\" content=\"1024\" \/>\n\t<meta property=\"og:image:height\" content=\"683\" \/>\n\t<meta property=\"og:image:type\" content=\"image\/jpeg\" \/>\n<meta name=\"twitter:card\" content=\"summary_large_image\" \/>\n<meta name=\"twitter:label1\" content=\"Tempo di lettura stimato\" \/>\n\t<meta name=\"twitter:data1\" content=\"4 minuti\" \/>\n<script type=\"application\/ld+json\" class=\"yoast-schema-graph\">{\"@context\":\"https:\/\/schema.org\",\"@graph\":[{\"@type\":\"WebPage\",\"@id\":\"https:\/\/www.insardinia.ch\/it\/immobili-in-vendita-in-sardegna\/\",\"url\":\"https:\/\/www.insardinia.ch\/it\/immobili-in-vendita-in-sardegna\/\",\"name\":\"Case, Appartamenti, Ville in vendita in Sardegna-Insardinia\",\"isPartOf\":{\"@id\":\"https:\/\/www.insardinia.ch\/en\/#website\"},\"datePublished\":\"2018-12-04T09:21:11+00:00\",\"dateModified\":\"2022-09-20T12:31:44+00:00\",\"description\":\"Acquistare casa in Sardegna sul mare,Case, Appartamenti, Ville in vendita in Sardegna:oggi \u00e8 un sogno realizzabile da chiunque, scopri gli appartamenti!\",\"breadcrumb\":{\"@id\":\"https:\/\/www.insardinia.ch\/it\/immobili-in-vendita-in-sardegna\/#breadcrumb\"},\"inLanguage\":\"it-IT\",\"potentialAction\":[{\"@type\":\"ReadAction\",\"target\":[\"https:\/\/www.insardinia.ch\/it\/immobili-in-vendita-in-sardegna\/\"]}]},{\"@type\":\"BreadcrumbList\",\"@id\":\"https:\/\/www.insardinia.ch\/it\/immobili-in-vendita-in-sardegna\/#breadcrumb\",\"itemListElement\":[{\"@type\":\"ListItem\",\"position\":1,\"name\":\"Home\",\"item\":\"https:\/\/www.insardinia.ch\/it\/\"},{\"@type\":\"ListItem\",\"position\":2,\"name\":\"Immobili in vendita in Sardegna\"}]},{\"@type\":\"WebSite\",\"@id\":\"https:\/\/www.insardinia.ch\/en\/#website\",\"url\":\"https:\/\/www.insardinia.ch\/en\/\",\"name\":\"InSardinia\",\"description\":\"\",\"potentialAction\":[{\"@type\":\"SearchAction\",\"target\":{\"@type\":\"EntryPoint\",\"urlTemplate\":\"https:\/\/www.insardinia.ch\/en\/?s={search_term_string}\"},\"query-input\":\"required name=search_term_string\"}],\"inLanguage\":\"it-IT\"}]}<\/script>\n<!-- \/ Yoast SEO plugin. -->","yoast_head_json":{"title":"Case, Appartamenti, Ville in vendita in Sardegna-Insardinia","description":"Acquistare casa in Sardegna sul mare,Case, Appartamenti, Ville in vendita in Sardegna:oggi \u00e8 un sogno realizzabile da chiunque, scopri gli appartamenti!","robots":{"index":"index","follow":"follow","max-snippet":"max-snippet:-1","max-image-preview":"max-image-preview:large","max-video-preview":"max-video-preview:-1"},"canonical":"https:\/\/www.insardinia.ch\/it\/immobili-in-vendita-in-sardegna\/","og_locale":"it_IT","og_type":"article","og_title":"Case, Appartamenti, Ville in vendita in Sardegna-Insardinia","og_description":"Acquistare casa in Sardegna sul mare,Case, Appartamenti, Ville in vendita in Sardegna:oggi \u00e8 un sogno realizzabile da chiunque, scopri gli appartamenti!","og_url":"https:\/\/www.insardinia.ch\/it\/immobili-in-vendita-in-sardegna\/","og_site_name":"InSardinia","article_modified_time":"2022-09-20T12:31:44+00:00","og_image":[{"width":1024,"height":683,"url":"https:\/\/www.insardinia.ch\/vendita\/wp-content\/uploads\/2019\/11\/casa-sardegna--1024x683.jpg","type":"image\/jpeg"}],"twitter_card":"summary_large_image","twitter_misc":{"Tempo di lettura stimato":"4 minuti"},"schema":{"@context":"https:\/\/schema.org","@graph":[{"@type":"WebPage","@id":"https:\/\/www.insardinia.ch\/it\/immobili-in-vendita-in-sardegna\/","url":"https:\/\/www.insardinia.ch\/it\/immobili-in-vendita-in-sardegna\/","name":"Case, Appartamenti, Ville in vendita in Sardegna-Insardinia","isPartOf":{"@id":"https:\/\/www.insardinia.ch\/en\/#website"},"datePublished":"2018-12-04T09:21:11+00:00","dateModified":"2022-09-20T12:31:44+00:00","description":"Acquistare casa in Sardegna sul mare,Case, Appartamenti, Ville in vendita in Sardegna:oggi \u00e8 un sogno realizzabile da chiunque, scopri gli appartamenti!","breadcrumb":{"@id":"https:\/\/www.insardinia.ch\/it\/immobili-in-vendita-in-sardegna\/#breadcrumb"},"inLanguage":"it-IT","potentialAction":[{"@type":"ReadAction","target":["https:\/\/www.insardinia.ch\/it\/immobili-in-vendita-in-sardegna\/"]}]},{"@type":"BreadcrumbList","@id":"https:\/\/www.insardinia.ch\/it\/immobili-in-vendita-in-sardegna\/#breadcrumb","itemListElement":[{"@type":"ListItem","position":1,"name":"Home","item":"https:\/\/www.insardinia.ch\/it\/"},{"@type":"ListItem","position":2,"name":"Immobili in vendita in Sardegna"}]},{"@type":"WebSite","@id":"https:\/\/www.insardinia.ch\/en\/#website","url":"https:\/\/www.insardinia.ch\/en\/","name":"InSardinia","description":"","potentialAction":[{"@type":"SearchAction","target":{"@type":"EntryPoint","urlTemplate":"https:\/\/www.insardinia.ch\/en\/?s={search_term_string}"},"query-input":"required name=search_term_string"}],"inLanguage":"it-IT"}]}},"_links":{"self":[{"href":"https:\/\/www.insardinia.ch\/it\/wp-json\/wp\/v2\/pages\/7188"}],"collection":[{"href":"https:\/\/www.insardinia.ch\/it\/wp-json\/wp\/v2\/pages"}],"about":[{"href":"https:\/\/www.insardinia.ch\/it\/wp-json\/wp\/v2\/types\/page"}],"author":[{"embeddable":true,"href":"https:\/\/www.insardinia.ch\/it\/wp-json\/wp\/v2\/users\/1"}],"replies":[{"embeddable":true,"href":"https:\/\/www.insardinia.ch\/it\/wp-json\/wp\/v2\/comments?post=7188"}],"version-history":[{"count":0,"href":"https:\/\/www.insardinia.ch\/it\/wp-json\/wp\/v2\/pages\/7188\/revisions"}],"wp:featuredmedia":[{"embeddable":true,"href":"https:\/\/www.insardinia.ch\/it\/wp-json\/wp\/v2\/media\/28158"}],"wp:attachment":[{"href":"https:\/\/www.insardinia.ch\/it\/wp-json\/wp\/v2\/media?parent=7188"}],"curies":[{"name":"wp","href":"https:\/\/api.w.org\/{rel}","templated":true}]}}