{"id":4107,"date":"2018-05-02T16:10:05","date_gmt":"2018-05-02T14:10:05","guid":{"rendered":"https:\/\/www.insardinia.ch\/politica-di-riservatezza\/"},"modified":"2018-05-02T16:10:05","modified_gmt":"2018-05-02T14:10:05","slug":"politica-di-riservatezza","status":"publish","type":"page","link":"https:\/\/www.insardinia.ch\/it\/politica-di-riservatezza\/","title":{"rendered":"Politica di riservatezza"},"content":{"rendered":"<p>Con questa informativa sulla riservatezza, CMO Services v\u2019informa del modo in cui tratta i vostri dati sia attraverso l&#8217;uso del sito Internet che in qualsiasi altro modo. Siamo responsabili del trattamento dei dati personali e della compatibilit\u00e0 del loro trattamento con la legge in vigore, in particolare con la legge svizzera.<\/p>\n<p><u>Trattamento dei dati durante la visita del nostro sito Internet<\/u><\/p>\n<p>Durante la consultazione del nostro sito Internet, la tecnologia del server Web che utilizziamo salva automaticamente i dati tecnici generali di navigazione nei cosiddetti file di registro. Ci\u00f2 include, tra le altre cose, l&#8217;indirizzo IP del dispositivo utilizzato per la visita, i dati relativi al tipo di browser, al provider di servizi Internet e al sistema operativo utilizzato, le pagine visualizzate, le pagine di destinazione \/ uscita, la data e la durata della visita.<\/p>\n<p>Lo scopo della raccolta e del trattamento di queste informazioni \u00e8 consentire l&#8217;utilizzo del nostro sito Internet (connessione), garantire la sicurezza e la stabilit\u00e0 del sistema, analizzare i beni e le pagine visualizzate, raccogliere informazioni demografiche generali e ottimizzare la nostra offerta internet (in particolare, ma non solo, il miglioramento dei beni presentati, le misure di marketing, la pubblicit\u00e0 mirata, ecc.), e anche ottenere statistiche interne. L&#8217;utente non \u00e8 identificato. Allo stesso modo, in linea di principio, non sar\u00e0 fatto nessun collegamento tra queste informazioni raccolte automaticamente e i dati personali registrati da parte nostra.<\/p>\n<p>Attiriamo anche la vostra attenzione sul fatto che utilizziamo servizi di analisi di terze parti, come Google Analytics. Pertanto, i dati raccolti possono in linea di principio, essere trasmessi a un server di Google negli Stati Uniti.<\/p>\n<p><u>Modulo di registrazione<\/u><\/p>\n<p>Le informazioni personali raccolte dal modulo di registrazione (come cognome, nome, indirizzo, numero di telefono o indirizzo e-mail) sono utilizzate per inviarvi informazioni sulle nostre propriet\u00e0 in vendita e i nostri servizi. Quando s\u2019indica che si desidera ricevere informazioni su un bene o un servizio, o prendere contatto con qualcuno dalla nostra azienda, condividiamo i dati necessari affinch\u00e9 le sia offerto quanto richiesto.<\/p>\n<p><u>Pubblicit\u00e0 via e-mail \/ pubblicit\u00e0 online<\/u><\/p>\n<p>Mettendoci in contatto, acconsentite alla raccolta dei vostri dati personali per analisi, e al loro utilizzo per misure pubblicitarie personalizzate. Ci\u00f2 riguarda sia l&#8217;invio di e-mail d\u2019informazioni generali o pubblicitarie (newsletter) sia la fornitura di contenuti e pubblicit\u00e0 personalizzati sul nostro sito web. A tale fine, possiamo analizzare automaticamente le informazioni del vostro comportamento sul nostro sito.<\/p>\n<p><u>Trasmissione dei dati a terzi, anche all&#8217;estero<\/u><\/p>\n<p>Possiamo utilizzare e trasmettere le informazioni da voi fornite e i vostri dati personali a terzi se \u00e8 necessario per soddisfare la vostra richiesta. A tal fine, possiamo trasmettere i dati richiesti alle agenzie immobiliari e ad altri fornitori di servizi. Questi fornitori di servizi usano i vostri dati esclusivamente per rispondere alla vostra domanda e non per altri scopi. Per quanto potrebbe essere necessario, per gli scopi indicati nella prima frase, i dati possono essere trasmessi anche all&#8217;estero. I fornitori all&#8217;estero sono soggetti all&#8217;obbligo della protezione dei dati, cosi come lo siamo noi. Se il livello di protezione dei dati in un paese non corrisponde a quello della Svizzera, garantiamo, tramite contratti, che la protezione dei dati personali corrisponde al livello di protezione in Svizzera.<\/p>\n<p><strong>I vostri dati personali, che avete messo a nostra disposizione, non sono venduti, noleggiati o scambiati.<\/strong><\/p>\n<p>Ad eccezione delle trasmissioni sopra descritte, trasmettiamo i dati personali, solo se avete espressamente acconsentito, se c&#8217;\u00e8 un obbligo legale di farlo o se abbiamo bisogno di farlo per far valere i nostri diritti.<\/p>\n<p>In caso di vendita, fusione o qualsiasi altra riorganizzazione di tutto o parte del patrimonio della nostra azienda, i dati personali possono essere trasferiti, venduti o condivisi in un&#8217;altra maniera con terze parti come parte di quella transazione o riorganizzazione.<\/p>\n<p><u>Riservatezza<\/u><\/p>\n<p>Quando si accede al nostro sito Internet e in caso di contatto o comunicazione elettronica, i dati passano attraverso una rete aperta. I dati attraversano regolarmente i confini internazionali, anche se il mittente e il destinatario dei dati trasmessi si trovano nello stesso paese. Anche se la trasmissione \u00e8 codificata, le informazioni sul mittente e sul destinatario non sono criptate. Non \u00e8 quindi escluso che terzi abbiano accesso a tali informazioni.<\/p>\n<p>A causa delle caratteristiche inerenti all&#8217;uso di Internet, la sicurezza degli scambi di e-mail non pu\u00f2 essere garantita. Di conseguenza, CMO Services e i suoi fornitori di dati declinano ogni responsabilit\u00e0 per l&#8217;uso della posta elettronica e non possono essere perseguiti per violazione degli obblighi di riservatezza in caso di malafede di terzi o errori di trasmissione.<\/p>\n<p><u>Diritto d\u2019informazione, di rettifica o di cancellazione<\/u><\/p>\n<p>Potete invocare i vostri diritti in materia di protezione dei dati in qualsiasi momento e richiedere informazioni sui vostri dati personali, da noi trattati. Potete anche rettificare, bloccare o cancellare i vostri dati personali in qualsiasi momento informandoci per iscritto e giustificando la vostra identit\u00e0 al seguente indirizzo: <a href=\"mailto:info@insardinia.ch\">info@insardinia.ch<\/a><\/p>\n<p><u>Sicurezza<\/u><u> dei<\/u><u> dati<\/u><\/p>\n<p>Usiamo misure di sicurezza tecniche e organizzative adeguate per proteggere i dati personali, da noi registrati, da manipolazioni, cancellazioni, modifiche, accessi, trasmissione o utilizzi non intenzionali, illegittimi e non autorizzati e anche da perdite totali o parziali. Le nostre misure di sicurezza sono continuamente adattate e migliorate insieme ai progressi tecnologici. Decliniamo ogni responsabilit\u00e0 in caso di perdita di dati o di comunicazione di questi ultimi a terzi e d\u2019uso dei dati da parte loro.<\/p>\n<p>Consideriamo anche la protezione dei dati\u00a0 internamente. I nostri dipendenti e quelli dei fornitori di servizi che abbiamo nominato sono vincolati dalla segretezza e dal rispetto delle disposizioni legali sulla protezione dei dati.<\/p>\n<p><u>Cookies<\/u><\/p>\n<p>I cookie ci aiutano a organizzare meglio la vostra visita sul nostro sito Internet per renderla pi\u00f9 comoda, pi\u00f9 piacevole e pi\u00f9 pertinente. I cookie sono dei file con delle informazioni salvate automaticamente dal browser Internet sul disco rigido del computer durante la visita del nostro sito Internet.<\/p>\n<p>I cookie non danneggiano il disco rigido del computer e non ci trasmettono neanche i dati personali degli utenti.<\/p>\n<p>Ad esempio, utilizziamo i cookie per scoprire chi ha visitato il nostro sito e con quale frequenza sono visualizzate determinate pagine, quali parti del sito sono particolarmente apprezzate e come il sito \u00e8 utilizzato. Utilizziamo altri cookie per potervi fare navigare liberamente sul nostro sito. I cookie raccolgono anche informazioni per proporvi pubblicit\u00e0 che potrebbe interessarvi. La maggior parte dei browser Internet accetta automaticamente i cookie. Tuttavia, si pu\u00f2 configurare il browser in modo tale che nessun cookie sia memorizzato sul computer o che sarete sempre informati quando ricevete un nuovo cookie.<\/p>\n<p><u>Contatto<\/u><\/p>\n<p>In caso di domande sulla protezione dei dati sul nostro sito Internet, se si desidera ottenere informazioni o richiedere la cancellazione dei propri dati, si prega di prendere contatto con il nostro responsabile del diritto sulla protezione dei dati inviando un\u2019e-mail al seguente indirizzo:\u00a0<a href=\"mailto:info@insardinia.ch\">info@insardinia.ch<\/a><\/p>\n<p>In caso di contraddizioni tra le versioni del testo tradotte nelle diverse lingue, prevarr\u00e0 solo la versione francese.<\/p>\n","protected":false},"excerpt":{"rendered":"<p>Con questa informativa sulla riservatezza, CMO Services v\u2019informa del modo in cui tratta i vostri dati sia attraverso l&#8217;uso del sito Internet che in qualsiasi altro modo. Siamo responsabili del trattamento dei dati personali e della compatibilit\u00e0 del loro trattamento con la legge in vigore, in particolare con la legge svizzera. Trattamento dei dati durante [&hellip;]<\/p>\n","protected":false},"author":1,"featured_media":0,"parent":0,"menu_order":0,"comment_status":"closed","ping_status":"closed","template":"","meta":{"_mi_skip_tracking":false,"_exactmetrics_sitenote_active":false,"_exactmetrics_sitenote_note":"","_exactmetrics_sitenote_category":0,"footnotes":""},"yoast_head":"<!-- This site is optimized with the Yoast SEO plugin v21.3 - https:\/\/yoast.com\/wordpress\/plugins\/seo\/ -->\n<title>Politica di riservatezza - InSardinia<\/title>\n<meta name=\"robots\" content=\"index, follow, max-snippet:-1, max-image-preview:large, max-video-preview:-1\" \/>\n<link rel=\"canonical\" href=\"https:\/\/www.insardinia.ch\/it\/politica-di-riservatezza\/\" \/>\n<meta property=\"og:locale\" content=\"it_IT\" \/>\n<meta property=\"og:type\" content=\"article\" \/>\n<meta property=\"og:title\" content=\"Politica di riservatezza - InSardinia\" \/>\n<meta property=\"og:description\" content=\"Con questa informativa sulla riservatezza, CMO Services v\u2019informa del modo in cui tratta i vostri dati sia attraverso l&#8217;uso del sito Internet che in qualsiasi altro modo. Siamo responsabili del trattamento dei dati personali e della compatibilit\u00e0 del loro trattamento con la legge in vigore, in particolare con la legge svizzera. Trattamento dei dati durante [&hellip;]\" \/>\n<meta property=\"og:url\" content=\"https:\/\/www.insardinia.ch\/it\/politica-di-riservatezza\/\" \/>\n<meta property=\"og:site_name\" content=\"InSardinia\" \/>\n<meta name=\"twitter:card\" content=\"summary_large_image\" \/>\n<meta name=\"twitter:label1\" content=\"Tempo di lettura stimato\" \/>\n\t<meta name=\"twitter:data1\" content=\"6 minuti\" \/>\n<script type=\"application\/ld+json\" class=\"yoast-schema-graph\">{\"@context\":\"https:\/\/schema.org\",\"@graph\":[{\"@type\":\"WebPage\",\"@id\":\"https:\/\/www.insardinia.ch\/it\/politica-di-riservatezza\/\",\"url\":\"https:\/\/www.insardinia.ch\/it\/politica-di-riservatezza\/\",\"name\":\"Politica di riservatezza - InSardinia\",\"isPartOf\":{\"@id\":\"https:\/\/www.insardinia.ch\/en\/#website\"},\"datePublished\":\"2018-05-02T14:10:05+00:00\",\"dateModified\":\"2018-05-02T14:10:05+00:00\",\"breadcrumb\":{\"@id\":\"https:\/\/www.insardinia.ch\/it\/politica-di-riservatezza\/#breadcrumb\"},\"inLanguage\":\"it-IT\",\"potentialAction\":[{\"@type\":\"ReadAction\",\"target\":[\"https:\/\/www.insardinia.ch\/it\/politica-di-riservatezza\/\"]}]},{\"@type\":\"BreadcrumbList\",\"@id\":\"https:\/\/www.insardinia.ch\/it\/politica-di-riservatezza\/#breadcrumb\",\"itemListElement\":[{\"@type\":\"ListItem\",\"position\":1,\"name\":\"Home\",\"item\":\"https:\/\/www.insardinia.ch\/it\/\"},{\"@type\":\"ListItem\",\"position\":2,\"name\":\"Politica di riservatezza\"}]},{\"@type\":\"WebSite\",\"@id\":\"https:\/\/www.insardinia.ch\/en\/#website\",\"url\":\"https:\/\/www.insardinia.ch\/en\/\",\"name\":\"InSardinia\",\"description\":\"\",\"potentialAction\":[{\"@type\":\"SearchAction\",\"target\":{\"@type\":\"EntryPoint\",\"urlTemplate\":\"https:\/\/www.insardinia.ch\/en\/?s={search_term_string}\"},\"query-input\":\"required name=search_term_string\"}],\"inLanguage\":\"it-IT\"}]}<\/script>\n<!-- \/ Yoast SEO plugin. -->","yoast_head_json":{"title":"Politica di riservatezza - InSardinia","robots":{"index":"index","follow":"follow","max-snippet":"max-snippet:-1","max-image-preview":"max-image-preview:large","max-video-preview":"max-video-preview:-1"},"canonical":"https:\/\/www.insardinia.ch\/it\/politica-di-riservatezza\/","og_locale":"it_IT","og_type":"article","og_title":"Politica di riservatezza - InSardinia","og_description":"Con questa informativa sulla riservatezza, CMO Services v\u2019informa del modo in cui tratta i vostri dati sia attraverso l&#8217;uso del sito Internet che in qualsiasi altro modo. Siamo responsabili del trattamento dei dati personali e della compatibilit\u00e0 del loro trattamento con la legge in vigore, in particolare con la legge svizzera. Trattamento dei dati durante [&hellip;]","og_url":"https:\/\/www.insardinia.ch\/it\/politica-di-riservatezza\/","og_site_name":"InSardinia","twitter_card":"summary_large_image","twitter_misc":{"Tempo di lettura stimato":"6 minuti"},"schema":{"@context":"https:\/\/schema.org","@graph":[{"@type":"WebPage","@id":"https:\/\/www.insardinia.ch\/it\/politica-di-riservatezza\/","url":"https:\/\/www.insardinia.ch\/it\/politica-di-riservatezza\/","name":"Politica di riservatezza - InSardinia","isPartOf":{"@id":"https:\/\/www.insardinia.ch\/en\/#website"},"datePublished":"2018-05-02T14:10:05+00:00","dateModified":"2018-05-02T14:10:05+00:00","breadcrumb":{"@id":"https:\/\/www.insardinia.ch\/it\/politica-di-riservatezza\/#breadcrumb"},"inLanguage":"it-IT","potentialAction":[{"@type":"ReadAction","target":["https:\/\/www.insardinia.ch\/it\/politica-di-riservatezza\/"]}]},{"@type":"BreadcrumbList","@id":"https:\/\/www.insardinia.ch\/it\/politica-di-riservatezza\/#breadcrumb","itemListElement":[{"@type":"ListItem","position":1,"name":"Home","item":"https:\/\/www.insardinia.ch\/it\/"},{"@type":"ListItem","position":2,"name":"Politica di riservatezza"}]},{"@type":"WebSite","@id":"https:\/\/www.insardinia.ch\/en\/#website","url":"https:\/\/www.insardinia.ch\/en\/","name":"InSardinia","description":"","potentialAction":[{"@type":"SearchAction","target":{"@type":"EntryPoint","urlTemplate":"https:\/\/www.insardinia.ch\/en\/?s={search_term_string}"},"query-input":"required name=search_term_string"}],"inLanguage":"it-IT"}]}},"_links":{"self":[{"href":"https:\/\/www.insardinia.ch\/it\/wp-json\/wp\/v2\/pages\/4107"}],"collection":[{"href":"https:\/\/www.insardinia.ch\/it\/wp-json\/wp\/v2\/pages"}],"about":[{"href":"https:\/\/www.insardinia.ch\/it\/wp-json\/wp\/v2\/types\/page"}],"author":[{"embeddable":true,"href":"https:\/\/www.insardinia.ch\/it\/wp-json\/wp\/v2\/users\/1"}],"replies":[{"embeddable":true,"href":"https:\/\/www.insardinia.ch\/it\/wp-json\/wp\/v2\/comments?post=4107"}],"version-history":[{"count":0,"href":"https:\/\/www.insardinia.ch\/it\/wp-json\/wp\/v2\/pages\/4107\/revisions"}],"wp:attachment":[{"href":"https:\/\/www.insardinia.ch\/it\/wp-json\/wp\/v2\/media?parent=4107"}],"curies":[{"name":"wp","href":"https:\/\/api.w.org\/{rel}","templated":true}]}}