{"id":4106,"date":"2018-05-02T16:06:41","date_gmt":"2018-05-02T14:06:41","guid":{"rendered":"https:\/\/www.insardinia.ch\/informazioni-legali\/"},"modified":"2021-05-05T11:14:33","modified_gmt":"2021-05-05T09:14:33","slug":"informazioni-legali","status":"publish","type":"page","link":"https:\/\/www.insardinia.ch\/it\/informazioni-legali\/","title":{"rendered":"Informazioni legali e condizioni generali"},"content":{"rendered":"<p>Benvenuti sul sito internet di CMO Services<\/p>\n<p><strong><u>Generalit\u00e0<\/u><\/strong><\/p>\n<p>Accedendo al sito web\u00a0<a href=\"https:\/\/insardinia.ch\/\">https:\/\/insardinia.ch\/<\/a>di CMO Services (di seguito nominato \u00ab\u00a0il nostro sito internet \u00a0\u00bb o \u00ab\u00a0il sito\u00a0\u00bb), l\u2019utente dichiara di aver capito e di accettare le condizioni d\u2019uso e menzioni legali relative ad esso. Se non siete d\u2019accordo con le seguenti disposizioni o se non le avete comprese, vi preghiamo di non accedere al nostro sito internet e alle nostre pagine.<\/p>\n<p>CMO Servizi S\u00e0rl \u00e8 una societ\u00e0 a responsabilit\u00e0 limitata con sede a Veyrier, Svizzera, CMO Servizi S\u00e0rl \u00e8 proprietario del sito Internet &#8221; www.insardinia.ch.&#8221;<\/p>\n<p><strong><u>Accesso al sito<\/u><\/strong><\/p>\n<p>Il nostro sito internet non \u00e8 destinato a persone che sono soggette a una legislazione che vieta la pubblicazione o l\u2019accesso o a una legislazione diversa riguarda la protezione dei dati. L\u2019accesso al sito \u00e8 vietato per le persone soggette a tali restrizioni.<\/p>\n<p><strong><u>Nessuna offerta<\/u><\/strong><\/p>\n<p><em>In generale\u00a0:<\/em><\/p>\n<p>Il nostro sito internet vi permette di consultare delle notizie su dei beni immobiliari in vendita o in affitto in Sardegna , cos\u00ec come la lettura degli articoli sull&#8217;immobiliare, la fiscalit\u00e0, il turismo e la cultura nell&#8217;isola.<\/p>\n<p>I dati visualizzati sul nostro sito internet sono forniti a titolo rigorosamente informativo e non sono di natura contrattuale. In particolare, le informazioni riprodotte non costituiscono un invito a presentare un\u2019offerta, n\u00e9 un\u2019offerta o raccomandazione di acquisizione almeno che CMO Services, non li definisca esplicitamente e chiaramente come \u201cofferta\u201d o \u201cinvito a presentare un\u2019offerta\u201d. CMO Services non \u00e8 una parte contraente di un contratto che potrebbe eventualmente essere stipulato tra l\u2019utente e il proprietario del bene immobiliare in vendita.<\/p>\n<p><strong><u>Affitti di beni immoblilari<\/u><\/strong><\/p>\n<p>Attraverso il nostro sito Internet, forniamo un servizio di prenotazione in linea per la locazione di beni immobiliari situati in Sardegna.Non forniamo tuttavia noi-stessi il servizio di locazione proposta sul sito Internet. Agiamo unicamente in qualit\u00e0 di\u00a0mandatario\u00a0dei fornitori di beni in affitto in virt\u00f9 di un contratto<\/p>\n<p>Il contratto di locazione \u00e8 concluso tra gli utenti ed il fornitore riguardato, CMO Servizi S\u00e0rl agisce unicamente in qualit\u00e0 di \u201ctramite\u201d.<br \/>\nEffettuando una prenotazione tramite il nostro sito, trasmettiamo la vostra domanda di offerta al fornitore in questione e vi inviamo un&#8217;offerta entro 24 ore<\/p>\n<p>Nessuna relazione contrattuale pu\u00f2 essere inferita finch\u00e9 un contratto non \u00e8 stato firmato formalmente tra le parti. In particolare, i prezzi affissi non costituiscono delle offerte e sono forniti unicamente a titolo indicativo. Ne va trattandosi parimenti delle eventuali disponibilit\u00e0.<\/p>\n<p>Facciamo il possibile per aggiornare le informazioni che ci vengono inviate dai nostri fornitori,Tuttavia, non possiamo essere ritenuti responsabili di eventuali errori.<\/p>\n<p>Per proporre un servizio migliore i beni messi in locazione sono stati visitati dai nostri collaboratori ma non possiamo fornire comunque nessuna garanzia a questo argomento.<\/p>\n<p>Il nostro servizio di prenotazione \u00e8 gratuito per l&#8217;utente. I pagamenti effettuati dall&#8217;utente non sono incassati da CMO Servizi S\u00e0rl ma dal fornitore direttamente.<br \/>\nNella nostra relazione contrattuale con il fornitore, percepiamo una commissione da parte di questo ultimo dopo che il cliente ha riservato un bene .<br \/>\nIl legame contrattuale, essendo stabilito tra il fornitore e gli utenti, ogni reclamo,riguardante le condizioni di soggiorno o l&#8217;esecuzione della prestazione di servizi deve essere inviato direttamente al fornitore.<\/p>\n<p>&nbsp;<\/p>\n<p><strong><u>Nessuna garanzia \u00a0\u00a0<\/u><\/strong><\/p>\n<p>CMO Services e i suoi fornitori di dati s\u2019impegnano a garantire che le informazioni contenute sul sito siano sempre accurate e complete al momento della pubblicazione. Tuttavia, le informazioni provengono solitamente da terze parti, in particolare sotto forma di testi, immagini, grafici, piani, collegamenti \u2026 e sebbene ottenuti da fonti ritenute affidabili, CMO Services e i suoi fornitori di dati non possono garantire la loro accuratezza, affidabilit\u00e0, tempestivit\u00e0 o completezza, sia esplicitamente sia implicitamente. Inoltre, le informazioni visualizzate possono essere modificate in qualsiasi momento senza preavviso.<\/p>\n<p><strong><u>Nessun consiglio<\/u><\/strong><\/p>\n<p>Le informazioni, opinioni o stime che appaiono su questo sito, se presenti, riflettono il giudizio dell\u2019autore nel giorno della scrittura; non devono essere considerate come autorevoli, ne essere sostituite da nessuno alla capacit\u00e0 del proprio giudizio, le informazioni, le opinioni, le stime ,sono soggette a modifiche senza preavviso.<\/p>\n<p>Nessuna delle informazioni contenute sul sito \u00e8 intesa come consulenza legale, fiscale, finanziaria o altro.\u00a0In particolare, i dati del sito non rappresentano n\u00e9 un\u2019assistenza per una decisione in merito a questioni legali, finanziarie, fiscali o di altro tipo, n\u00e9 una base al processo decisionale. Gli utenti sono sempre invitati a basare le loro decisioni sulle ricerche adeguate che ritengono necessarie. Si consiglia in particolare di prendere contatto con un consulente finanziario, legale o fiscale per qualsiasi domanda.<\/p>\n<p>Nel caso in cui CMO Services fornisca consulenza personalizzata alle persone, queste saranno fornite a titolo oneroso sulla base di un accordo scritto tra le parti. Nessun rapporto contrattuale si pu\u00f2 concludere in assenza di tali accordo.<\/p>\n<p><strong><u>Uso del sito Internet \/ Divieto di riutilizzare le informazioni.<\/u><\/strong><\/p>\n<p>A condizione espressa di rispetto delle presenti disposizioni, CMO Services concede all\u2019utente il diritto di utilizzare le informazioni messe a disposizione sul sito, a fini esclusivamente personali e non commerciali.<\/p>\n<p>Tutti i contenuti del nostro sito sono protetti da copyright (testi, foto, ecc) e salvo indicazione contraria, sono propriet\u00e0 esclusiva e totale di CMO Services. Aprire le pagine sullo schermo, scaricarle o copiarle non porta all\u2019acquisizione dei dritti (dritti di riproduzione, dritti di propriet\u00e0 intellettuale, ecc) Senza previa autorizzazione scritta, \u00e8 vietato riprodurre, trasmettere (elettronicamente o in altro modo), modificare, collegare o utilizzare il nostro sito Internet per scopi pubblicitari o commerciali, sia integralmente sia parzialmente.<\/p>\n<p>Nello stesso modo, qualsiasi utilizzo del contenuto e del nostro sito Internet per scopi illegali sar\u00e0 oggetto di procedimenti legali contro i trasgressori. In particolare, si ricorda che il fatto di accedere o rimanere fraudolentemente in un sistema informatico, per ostacolare o alterare il funzionamento di tale sistema, introdurre o modificare in modo fraudolento informazioni in un sistema informatico, costituisce un reato punibile con sanzioni penali e civili.<\/p>\n<p><strong><u>Esclusione di garanzia e di responsabilit\u00e0<\/u><\/strong><\/p>\n<p>CMO Services e i suoi fornitori di dati declinano ogni e qualsiasi responsabilit\u00e0 verso qualsiasi persona, per eventuali perdite o danni derivanti dall\u2019accesso o dall\u2019uso del nostro sito Internet o di parti di esso, o causati da collegamenti a siti Internet di terzi. La visita del nostro sito Internet e l\u2019uso delle informazioni in esso contenute sono a vostro rischio e pericolo.<\/p>\n<p>D\u2019altra parte, CMO Services si riserva il diritto, in qualsiasi momento, di interrompere, modificare o (temporaneamente o permanentemente) cancellare il sito con o senza preavviso.<\/p>\n<p>Ogni responsabilit\u00e0 \u00e8 anche esclusa in caso di mancato guadagno, di errori Internet di qualsiasi tipo (ad es. Interruzione di operazioni, malfunzionamenti, virus, elementi dannosi, atti di terrorismo, ecc.), di abuso da parte di terzi (consultazione di dati, copie, ecc.) o di perdita di programmi o altri dati nei vostri sistemi informativi. Queste esclusioni si applicano, anche se il nostro sito web richiamasse l\u2019attenzione sul rischio di tali danni.<\/p>\n<p><strong><u>Collegamenti ad altri siti Internet<\/u><\/strong><\/p>\n<p>Alcuni collegamenti sul nostro sito Internet consentono l\u2019accesso a siti Internet di terzi sui quali non abbiamo nessun\u2019influenza. Pertanto, non ci assumiamo nessuna responsabilit\u00e0 riguardo alla completezza e la legalit\u00e0 dei contenuti e dei collegamenti con altri siti che appaiono o prodotti, offerte e prestazioni (di servizio) l\u00ec presentati. L\u2019utilizzo di siti Web accessibili tramite collegamenti si svolge sotto la propria responsabilit\u00e0.<\/p>\n<p><strong><u>Legge applicabile e giurisdizione<\/u><\/strong><\/p>\n<p>Salvo disposizione di ordine pubblico contrario, ogni litigio risultante dell&#8217;utilizzazione dei nostri servizi e delle nostre condizioni generali di utilizzazione sar\u00e0 sottomesso ai tribunali competenti a Ginevra, in Svizzera.<\/p>\n<p>Per ulteriori informazioni, per segnalare errori e porre domande di carattere generale, si prega di utilizzare il nostro modulo di contatto. Si prega di inviare le vostre osservazioni editoriali, suggerimenti e feedback a:\u00a0<a href=\"mailto:info@insardinia.ch\">info@insardinia.ch<\/a><\/p>\n<p>In caso di contraddizione nelle versioni del testo tradotte nelle diverse lingue, prevarr\u00e0 solo la versione francese.<\/p>\n<p>Ultimo aggiornamento : 19.11.2018<\/p>\n<p>&nbsp;<\/p>\n","protected":false},"excerpt":{"rendered":"<p>Benvenuti sul sito internet di CMO Services Generalit\u00e0 Accedendo al sito web\u00a0https:\/\/insardinia.ch\/di CMO Services (di seguito nominato \u00ab\u00a0il nostro sito internet \u00a0\u00bb o \u00ab\u00a0il sito\u00a0\u00bb), l\u2019utente dichiara di aver capito e di accettare le condizioni d\u2019uso e menzioni legali relative ad esso. Se non siete d\u2019accordo con le seguenti disposizioni o se non le avete [&hellip;]<\/p>\n","protected":false},"author":1,"featured_media":0,"parent":0,"menu_order":0,"comment_status":"closed","ping_status":"closed","template":"","meta":{"_mi_skip_tracking":false,"_exactmetrics_sitenote_active":false,"_exactmetrics_sitenote_note":"","_exactmetrics_sitenote_category":0,"footnotes":""},"yoast_head":"<!-- This site is optimized with the Yoast SEO plugin v21.3 - https:\/\/yoast.com\/wordpress\/plugins\/seo\/ -->\n<title>Informazioni legali e condizioni generali - InSardinia<\/title>\n<meta name=\"robots\" content=\"index, follow, max-snippet:-1, max-image-preview:large, max-video-preview:-1\" \/>\n<link rel=\"canonical\" href=\"https:\/\/www.insardinia.ch\/it\/informazioni-legali\/\" \/>\n<meta property=\"og:locale\" content=\"it_IT\" \/>\n<meta property=\"og:type\" content=\"article\" \/>\n<meta property=\"og:title\" content=\"Informazioni legali e condizioni generali - InSardinia\" \/>\n<meta property=\"og:description\" content=\"Benvenuti sul sito internet di CMO Services Generalit\u00e0 Accedendo al sito web\u00a0https:\/\/insardinia.ch\/di CMO Services (di seguito nominato \u00ab\u00a0il nostro sito internet \u00a0\u00bb o \u00ab\u00a0il sito\u00a0\u00bb), l\u2019utente dichiara di aver capito e di accettare le condizioni d\u2019uso e menzioni legali relative ad esso. Se non siete d\u2019accordo con le seguenti disposizioni o se non le avete [&hellip;]\" \/>\n<meta property=\"og:url\" content=\"https:\/\/www.insardinia.ch\/it\/informazioni-legali\/\" \/>\n<meta property=\"og:site_name\" content=\"InSardinia\" \/>\n<meta property=\"article:modified_time\" content=\"2021-05-05T09:14:33+00:00\" \/>\n<meta name=\"twitter:card\" content=\"summary_large_image\" \/>\n<meta name=\"twitter:label1\" content=\"Tempo di lettura stimato\" \/>\n\t<meta name=\"twitter:data1\" content=\"6 minuti\" \/>\n<script type=\"application\/ld+json\" class=\"yoast-schema-graph\">{\"@context\":\"https:\/\/schema.org\",\"@graph\":[{\"@type\":\"WebPage\",\"@id\":\"https:\/\/www.insardinia.ch\/it\/informazioni-legali\/\",\"url\":\"https:\/\/www.insardinia.ch\/it\/informazioni-legali\/\",\"name\":\"Informazioni legali e condizioni generali - InSardinia\",\"isPartOf\":{\"@id\":\"https:\/\/www.insardinia.ch\/en\/#website\"},\"datePublished\":\"2018-05-02T14:06:41+00:00\",\"dateModified\":\"2021-05-05T09:14:33+00:00\",\"breadcrumb\":{\"@id\":\"https:\/\/www.insardinia.ch\/it\/informazioni-legali\/#breadcrumb\"},\"inLanguage\":\"it-IT\",\"potentialAction\":[{\"@type\":\"ReadAction\",\"target\":[\"https:\/\/www.insardinia.ch\/it\/informazioni-legali\/\"]}]},{\"@type\":\"BreadcrumbList\",\"@id\":\"https:\/\/www.insardinia.ch\/it\/informazioni-legali\/#breadcrumb\",\"itemListElement\":[{\"@type\":\"ListItem\",\"position\":1,\"name\":\"Home\",\"item\":\"https:\/\/www.insardinia.ch\/it\/\"},{\"@type\":\"ListItem\",\"position\":2,\"name\":\"Informazioni legali e condizioni generali\"}]},{\"@type\":\"WebSite\",\"@id\":\"https:\/\/www.insardinia.ch\/en\/#website\",\"url\":\"https:\/\/www.insardinia.ch\/en\/\",\"name\":\"InSardinia\",\"description\":\"\",\"potentialAction\":[{\"@type\":\"SearchAction\",\"target\":{\"@type\":\"EntryPoint\",\"urlTemplate\":\"https:\/\/www.insardinia.ch\/en\/?s={search_term_string}\"},\"query-input\":\"required name=search_term_string\"}],\"inLanguage\":\"it-IT\"}]}<\/script>\n<!-- \/ Yoast SEO plugin. -->","yoast_head_json":{"title":"Informazioni legali e condizioni generali - InSardinia","robots":{"index":"index","follow":"follow","max-snippet":"max-snippet:-1","max-image-preview":"max-image-preview:large","max-video-preview":"max-video-preview:-1"},"canonical":"https:\/\/www.insardinia.ch\/it\/informazioni-legali\/","og_locale":"it_IT","og_type":"article","og_title":"Informazioni legali e condizioni generali - InSardinia","og_description":"Benvenuti sul sito internet di CMO Services Generalit\u00e0 Accedendo al sito web\u00a0https:\/\/insardinia.ch\/di CMO Services (di seguito nominato \u00ab\u00a0il nostro sito internet \u00a0\u00bb o \u00ab\u00a0il sito\u00a0\u00bb), l\u2019utente dichiara di aver capito e di accettare le condizioni d\u2019uso e menzioni legali relative ad esso. Se non siete d\u2019accordo con le seguenti disposizioni o se non le avete [&hellip;]","og_url":"https:\/\/www.insardinia.ch\/it\/informazioni-legali\/","og_site_name":"InSardinia","article_modified_time":"2021-05-05T09:14:33+00:00","twitter_card":"summary_large_image","twitter_misc":{"Tempo di lettura stimato":"6 minuti"},"schema":{"@context":"https:\/\/schema.org","@graph":[{"@type":"WebPage","@id":"https:\/\/www.insardinia.ch\/it\/informazioni-legali\/","url":"https:\/\/www.insardinia.ch\/it\/informazioni-legali\/","name":"Informazioni legali e condizioni generali - InSardinia","isPartOf":{"@id":"https:\/\/www.insardinia.ch\/en\/#website"},"datePublished":"2018-05-02T14:06:41+00:00","dateModified":"2021-05-05T09:14:33+00:00","breadcrumb":{"@id":"https:\/\/www.insardinia.ch\/it\/informazioni-legali\/#breadcrumb"},"inLanguage":"it-IT","potentialAction":[{"@type":"ReadAction","target":["https:\/\/www.insardinia.ch\/it\/informazioni-legali\/"]}]},{"@type":"BreadcrumbList","@id":"https:\/\/www.insardinia.ch\/it\/informazioni-legali\/#breadcrumb","itemListElement":[{"@type":"ListItem","position":1,"name":"Home","item":"https:\/\/www.insardinia.ch\/it\/"},{"@type":"ListItem","position":2,"name":"Informazioni legali e condizioni generali"}]},{"@type":"WebSite","@id":"https:\/\/www.insardinia.ch\/en\/#website","url":"https:\/\/www.insardinia.ch\/en\/","name":"InSardinia","description":"","potentialAction":[{"@type":"SearchAction","target":{"@type":"EntryPoint","urlTemplate":"https:\/\/www.insardinia.ch\/en\/?s={search_term_string}"},"query-input":"required name=search_term_string"}],"inLanguage":"it-IT"}]}},"_links":{"self":[{"href":"https:\/\/www.insardinia.ch\/it\/wp-json\/wp\/v2\/pages\/4106"}],"collection":[{"href":"https:\/\/www.insardinia.ch\/it\/wp-json\/wp\/v2\/pages"}],"about":[{"href":"https:\/\/www.insardinia.ch\/it\/wp-json\/wp\/v2\/types\/page"}],"author":[{"embeddable":true,"href":"https:\/\/www.insardinia.ch\/it\/wp-json\/wp\/v2\/users\/1"}],"replies":[{"embeddable":true,"href":"https:\/\/www.insardinia.ch\/it\/wp-json\/wp\/v2\/comments?post=4106"}],"version-history":[{"count":0,"href":"https:\/\/www.insardinia.ch\/it\/wp-json\/wp\/v2\/pages\/4106\/revisions"}],"wp:attachment":[{"href":"https:\/\/www.insardinia.ch\/it\/wp-json\/wp\/v2\/media?parent=4106"}],"curies":[{"name":"wp","href":"https:\/\/api.w.org\/{rel}","templated":true}]}}