{"id":3148,"date":"2018-04-11T15:50:41","date_gmt":"2018-04-11T13:50:41","guid":{"rendered":"https:\/\/www.insardinia.ch\/?page_id=3148"},"modified":"2022-02-17T10:36:36","modified_gmt":"2022-02-17T09:36:36","slug":"collegamenti-marittimi","status":"publish","type":"page","link":"https:\/\/www.insardinia.ch\/it\/collegamenti-marittimi\/","title":{"rendered":"Collegamenti Marittimi"},"content":{"rendered":"<p>[vc_row full_width=&#8221;stretch_row_content_no_spaces&#8221;][vc_column][vc_single_image image=&#8221;3158&#8243; img_size=&#8221;1920&#215;600&#8243; alignment=&#8221;center&#8221;][\/vc_column][\/vc_row][vc_row full_width=&#8221;stretch_row&#8221;][vc_column][vc_column_text]<\/p>\n<h2><strong>Traghetti per la Sardegna<\/strong><\/h2>\n<p>Anche i collegamenti marittimi per la Sardegna sono stati triplicati negli ultimi due anni. Raggiungere la Sardegna in traghetto potrebbe non sembrare l\u2019opzione pi\u00f9 semplice o comoda, ma di certo \u00e8 la pi\u00f9 emozionante.<\/p>\n<p>Infatti, arrivare sull\u2019isola imbarcando la propria macchina, moto o camper sul traghetto o sulla nave veloce \u00e8 un\u2019esperienza da provare almeno una volta nella vita.<\/p>\n<p>Scegli il porto di partenza pi\u00f9 vicino a te tra quelli di <strong>Civitavecchia, Genova, Livorno, Napoli, Piombino, Nizza, Porto Vecchio, Tolone e Barcellona<\/strong>.[\/vc_column_text][vc_column_text]I principali porti della Sardegna sono <strong>Porto Torres, Olbia, Golfo Aranci, Cagliari, Arbatax e Santa Teresa di Gallura<\/strong>. Sono disponibili svariate rotte con le <strong><a href=\"#tabella-porti\">diverse compagnie<\/a><\/strong>\u00a0che offrono il servizio di traghetto per la Sardegna durante tutto l\u2019anno.<\/p>\n<p>Chiaramente le corse vengono aumentate da Giugno a Settembre, nel periodo di alta stagione per il turismo. Per chi avesse intenzione di <a href=\"https:\/\/www.insardinia.ch\/it\/consulenza-immobiliare-sardegna-come-comprare\/\"><strong>acquistare casa in Sardegna<\/strong><\/a>, di <a href=\"https:\/\/www.insardinia.ch\/it\/scegliere-di-trasferirsi-in-sardegna\/\"><strong>trasferirsi<\/strong><\/a><strong>\u00a0<\/strong>o di passare una meravigliosa vacanza, segnaliamo inoltre che le varie compagnie di navi e traghetti offrono uno sconto per i residenti in Sardegna.[\/vc_column_text][\/vc_column][\/vc_row][vc_row full_width=&#8221;stretch_row&#8221;][vc_column][vc_column_text]<\/p>\n<h2><strong>Cosa posso portare a bordo dei traghetti per la Sardegna?<\/strong><\/h2>\n<p>Sui traghetti troverete la possibilit\u00e0 di soggiornare in cabina (singola, doppia o quadrupla), in poltrona o in ponte, oltre che in modalit\u00e0 \u201ccamping on board\u201d. Inoltre facendone specifica richiesta non avrete problemi ad imbarcare anche la vostra bici, con la quale potrete girare liberamente una volta sull\u2019isola.<\/p>\n<p>Gli animali sono sempre ben accetti come compagni di viaggio e non hanno particolari restrizioni per l\u2019accesso alle cabine.<\/p>\n<p>Il vostro viaggio in Sardegna potr\u00e0 cominciare nel migliore dei modi in nave o traghetto, grazie a numerosi servizi offerti dalle compagnie a bordo<\/p>\n<p>Le partenze vengono effettuate da tutti i principali porti italiani ed europei; la durata del viaggio dipender\u00e0 dal porto di partenza e di arrivo.<br \/>\nConsulta la cartina per scoprire la tratta pi\u00f9 comoda per il tuo viaggio![\/vc_column_text][\/vc_column][\/vc_row][vc_row el_id=&#8221;tabella-porti&#8221;][vc_column width=&#8221;2\/3&#8243;][vc_single_image image=&#8221;3968&#8243; img_size=&#8221;full&#8221; alignment=&#8221;center&#8221;][\/vc_column][vc_column width=&#8221;1\/3&#8243;][vc_column_text]<\/p>\n<h4>Come raggiungere la Sardegna:<\/h4>\n<p><a href=\"https:\/\/www.grimaldi-lines.com\/it\/destinazioni\/traghetti-per-la-sardegna\/\"><strong>Con Grimaldi:<\/strong><\/a><\/p>\n<ul>\n<li>Barcellona &#8211; Porto Torres<\/li>\n<li>Civitavecchia-Arbatax<\/li>\n<li>Civitavecchia-Cagliari<\/li>\n<li>Civitavecchia-Olbia<\/li>\n<li>Civitavecchia-Porto Torres<\/li>\n<li>Livorno-Olbia<\/li>\n<li>Napoli.Cagliari<\/li>\n<li>Palermo-Cagliari<\/li>\n<\/ul>\n<p>Altre compagnie:<\/p>\n<ul>\n<li>Civitavecchia &#8211; Olbia (Moby\/Tirrenia)<\/li>\n<li>Genova &#8211; Arbatax (Moby\/Tirrenia)<\/li>\n<li>Genova &#8211; Olbia (Moby\/Tirrenia)<\/li>\n<li>Genova &#8211; Porto Torres (Tirrenia\/GNV)<\/li>\n<li>Livorno &#8211; Olbia, Golfo Aranci (CS Ferries)<\/li>\n<li>Livorno &#8211; Olbia (Moby\/Tirrenia)<\/li>\n<li>Napoli &#8211; Cagliari (Tirrenia\/Moby)<\/li>\n<li>Nizza &#8211; Olbia, Golfo Aranci (CS Ferries)<\/li>\n<li>Piombino &#8211; Olbia (Moby-Tirrenia)<\/li>\n<li>Porto Vecchio &#8211; Olbia, Golfo Aranci (CS Ferries)<\/li>\n<li>Porto Vecchio &#8211; Porto Torres (CS Ferries)<\/li>\n<li>Tolone &#8211; Porto Torres (CS Ferries)<\/li>\n<\/ul>\n<p>[\/vc_column_text][\/vc_column][\/vc_row][vc_row][vc_column][\/vc_column][\/vc_row]<\/p>\n","protected":false},"excerpt":{"rendered":"<p>[vc_row full_width=&#8221;stretch_row_content_no_spaces&#8221;][vc_column][vc_single_image image=&#8221;3158&#8243; img_size=&#8221;1920&#215;600&#8243; alignment=&#8221;center&#8221;][\/vc_column][\/vc_row][vc_row full_width=&#8221;stretch_row&#8221;][vc_column][vc_column_text] Traghetti per la Sardegna Anche i collegamenti marittimi per la Sardegna sono stati triplicati negli ultimi due anni. Raggiungere la Sardegna in traghetto potrebbe non sembrare l\u2019opzione pi\u00f9 semplice o comoda, ma di certo \u00e8 la pi\u00f9 emozionante. Infatti, arrivare sull\u2019isola imbarcando la propria macchina, moto o camper sul [&hellip;]<\/p>\n","protected":false},"author":18,"featured_media":0,"parent":0,"menu_order":0,"comment_status":"closed","ping_status":"closed","template":"template\/template-page.php","meta":{"_mi_skip_tracking":false,"_exactmetrics_sitenote_active":false,"_exactmetrics_sitenote_note":"","_exactmetrics_sitenote_category":0,"footnotes":""},"yoast_head":"<!-- This site is optimized with the Yoast SEO plugin v21.3 - https:\/\/yoast.com\/wordpress\/plugins\/seo\/ -->\n<title>Sardegna:Collegamenti Marittimi per raggiungere l`isola - Insardinia<\/title>\n<meta name=\"description\" content=\"Grazie ai numerosi collegamenti marittimi con i principali porti del mediterraneo raggiungere la Sardegna non sar\u00e0 pi\u00f9 un problema!\" \/>\n<meta name=\"robots\" content=\"index, follow, max-snippet:-1, max-image-preview:large, max-video-preview:-1\" \/>\n<link rel=\"canonical\" href=\"https:\/\/www.insardinia.ch\/it\/collegamenti-marittimi\/\" \/>\n<meta property=\"og:locale\" content=\"it_IT\" \/>\n<meta property=\"og:type\" content=\"article\" \/>\n<meta property=\"og:title\" content=\"Sardegna:Collegamenti Marittimi per raggiungere l`isola - Insardinia\" \/>\n<meta property=\"og:description\" content=\"Grazie ai numerosi collegamenti marittimi con i principali porti del mediterraneo raggiungere la Sardegna non sar\u00e0 pi\u00f9 un problema!\" \/>\n<meta property=\"og:url\" content=\"https:\/\/www.insardinia.ch\/it\/collegamenti-marittimi\/\" \/>\n<meta property=\"og:site_name\" content=\"InSardinia\" \/>\n<meta property=\"article:modified_time\" content=\"2022-02-17T09:36:36+00:00\" \/>\n<meta name=\"twitter:card\" content=\"summary_large_image\" \/>\n<meta name=\"twitter:label1\" content=\"Tempo di lettura stimato\" \/>\n\t<meta name=\"twitter:data1\" content=\"3 minuti\" \/>\n<script type=\"application\/ld+json\" class=\"yoast-schema-graph\">{\"@context\":\"https:\/\/schema.org\",\"@graph\":[{\"@type\":\"WebPage\",\"@id\":\"https:\/\/www.insardinia.ch\/it\/collegamenti-marittimi\/\",\"url\":\"https:\/\/www.insardinia.ch\/it\/collegamenti-marittimi\/\",\"name\":\"Sardegna:Collegamenti Marittimi per raggiungere l`isola - Insardinia\",\"isPartOf\":{\"@id\":\"https:\/\/www.insardinia.ch\/en\/#website\"},\"datePublished\":\"2018-04-11T13:50:41+00:00\",\"dateModified\":\"2022-02-17T09:36:36+00:00\",\"description\":\"Grazie ai numerosi collegamenti marittimi con i principali porti del mediterraneo raggiungere la Sardegna non sar\u00e0 pi\u00f9 un problema!\",\"breadcrumb\":{\"@id\":\"https:\/\/www.insardinia.ch\/it\/collegamenti-marittimi\/#breadcrumb\"},\"inLanguage\":\"it-IT\",\"potentialAction\":[{\"@type\":\"ReadAction\",\"target\":[\"https:\/\/www.insardinia.ch\/it\/collegamenti-marittimi\/\"]}]},{\"@type\":\"BreadcrumbList\",\"@id\":\"https:\/\/www.insardinia.ch\/it\/collegamenti-marittimi\/#breadcrumb\",\"itemListElement\":[{\"@type\":\"ListItem\",\"position\":1,\"name\":\"Home\",\"item\":\"https:\/\/www.insardinia.ch\/it\/\"},{\"@type\":\"ListItem\",\"position\":2,\"name\":\"Collegamenti Marittimi\"}]},{\"@type\":\"WebSite\",\"@id\":\"https:\/\/www.insardinia.ch\/en\/#website\",\"url\":\"https:\/\/www.insardinia.ch\/en\/\",\"name\":\"InSardinia\",\"description\":\"\",\"potentialAction\":[{\"@type\":\"SearchAction\",\"target\":{\"@type\":\"EntryPoint\",\"urlTemplate\":\"https:\/\/www.insardinia.ch\/en\/?s={search_term_string}\"},\"query-input\":\"required name=search_term_string\"}],\"inLanguage\":\"it-IT\"}]}<\/script>\n<!-- \/ Yoast SEO plugin. -->","yoast_head_json":{"title":"Sardegna:Collegamenti Marittimi per raggiungere l`isola - Insardinia","description":"Grazie ai numerosi collegamenti marittimi con i principali porti del mediterraneo raggiungere la Sardegna non sar\u00e0 pi\u00f9 un problema!","robots":{"index":"index","follow":"follow","max-snippet":"max-snippet:-1","max-image-preview":"max-image-preview:large","max-video-preview":"max-video-preview:-1"},"canonical":"https:\/\/www.insardinia.ch\/it\/collegamenti-marittimi\/","og_locale":"it_IT","og_type":"article","og_title":"Sardegna:Collegamenti Marittimi per raggiungere l`isola - Insardinia","og_description":"Grazie ai numerosi collegamenti marittimi con i principali porti del mediterraneo raggiungere la Sardegna non sar\u00e0 pi\u00f9 un problema!","og_url":"https:\/\/www.insardinia.ch\/it\/collegamenti-marittimi\/","og_site_name":"InSardinia","article_modified_time":"2022-02-17T09:36:36+00:00","twitter_card":"summary_large_image","twitter_misc":{"Tempo di lettura stimato":"3 minuti"},"schema":{"@context":"https:\/\/schema.org","@graph":[{"@type":"WebPage","@id":"https:\/\/www.insardinia.ch\/it\/collegamenti-marittimi\/","url":"https:\/\/www.insardinia.ch\/it\/collegamenti-marittimi\/","name":"Sardegna:Collegamenti Marittimi per raggiungere l`isola - Insardinia","isPartOf":{"@id":"https:\/\/www.insardinia.ch\/en\/#website"},"datePublished":"2018-04-11T13:50:41+00:00","dateModified":"2022-02-17T09:36:36+00:00","description":"Grazie ai numerosi collegamenti marittimi con i principali porti del mediterraneo raggiungere la Sardegna non sar\u00e0 pi\u00f9 un problema!","breadcrumb":{"@id":"https:\/\/www.insardinia.ch\/it\/collegamenti-marittimi\/#breadcrumb"},"inLanguage":"it-IT","potentialAction":[{"@type":"ReadAction","target":["https:\/\/www.insardinia.ch\/it\/collegamenti-marittimi\/"]}]},{"@type":"BreadcrumbList","@id":"https:\/\/www.insardinia.ch\/it\/collegamenti-marittimi\/#breadcrumb","itemListElement":[{"@type":"ListItem","position":1,"name":"Home","item":"https:\/\/www.insardinia.ch\/it\/"},{"@type":"ListItem","position":2,"name":"Collegamenti Marittimi"}]},{"@type":"WebSite","@id":"https:\/\/www.insardinia.ch\/en\/#website","url":"https:\/\/www.insardinia.ch\/en\/","name":"InSardinia","description":"","potentialAction":[{"@type":"SearchAction","target":{"@type":"EntryPoint","urlTemplate":"https:\/\/www.insardinia.ch\/en\/?s={search_term_string}"},"query-input":"required name=search_term_string"}],"inLanguage":"it-IT"}]}},"_links":{"self":[{"href":"https:\/\/www.insardinia.ch\/it\/wp-json\/wp\/v2\/pages\/3148"}],"collection":[{"href":"https:\/\/www.insardinia.ch\/it\/wp-json\/wp\/v2\/pages"}],"about":[{"href":"https:\/\/www.insardinia.ch\/it\/wp-json\/wp\/v2\/types\/page"}],"author":[{"embeddable":true,"href":"https:\/\/www.insardinia.ch\/it\/wp-json\/wp\/v2\/users\/18"}],"replies":[{"embeddable":true,"href":"https:\/\/www.insardinia.ch\/it\/wp-json\/wp\/v2\/comments?post=3148"}],"version-history":[{"count":0,"href":"https:\/\/www.insardinia.ch\/it\/wp-json\/wp\/v2\/pages\/3148\/revisions"}],"wp:attachment":[{"href":"https:\/\/www.insardinia.ch\/it\/wp-json\/wp\/v2\/media?parent=3148"}],"curies":[{"name":"wp","href":"https:\/\/api.w.org\/{rel}","templated":true}]}}