{"id":3143,"date":"2018-04-11T15:46:42","date_gmt":"2018-04-11T13:46:42","guid":{"rendered":"https:\/\/www.insardinia.ch\/?page_id=3143"},"modified":"2019-03-28T21:51:02","modified_gmt":"2019-03-28T20:51:02","slug":"collegamenti-aerei","status":"publish","type":"page","link":"https:\/\/www.insardinia.ch\/it\/collegamenti-aerei\/","title":{"rendered":"Collegamenti Aerei"},"content":{"rendered":"<p>[vc_row full_width=&#8221;stretch_row_content_no_spaces&#8221;][vc_column][vc_single_image image=&#8221;3156&#8243; img_size=&#8221;1920&#215;600&#8243; alignment=&#8221;center&#8221;][\/vc_column][\/vc_row][vc_row full_width=&#8221;stretch_row&#8221;][vc_column][vc_column_text]<\/p>\n<h2><strong>Aerei per la Sardegna<\/strong><\/h2>\n<p>Se state pensando di andare a vivere in Sardegna ,di passare la vostra<strong> <a href=\"https:\/\/www.insardinia.ch\/it\/scegliere-di-trasferirsi-in-sardegna\/\">pensione<\/a>\u00a0<\/strong>sulla celebre isola italiana o di fare una vacanza da favola dovreste conoscere tutti i collegamenti disponibili.<\/p>\n<p>Raggiungere la Sardegna \u00e8 facile ed in questi ultimi anni i collegamenti sono stati aumentati numericamente e migliorati. Se preferite di gran lunga gli spostamenti con un volo low cost ad un lungo <a href=\"https:\/\/www.insardinia.ch\/it\/collegamenti-marittimi\/\"><strong>viaggio in traghetto<\/strong><\/a><strong>,<\/strong> siete fortunati: infatti le opzioni sono molteplici ed economicamente convenienti.<\/p>\n<p>Potrete arrivare in diversi punti della Sardegna, in base a dove avrete acquistato la vostra casa dei sogni cos\u00ec da ridurre al minimo gli ulteriori spostamenti. Tra l\u2019altro, negli ultimi due anni i voli da\/alla Sardegna sono stati triplicati in molte citt\u00e0 europee.<\/p>\n<p>Un\u2019ulteriore facilitazione per chi desidera <a href=\"\/?page_id=3130\"><strong>conoscere la Sardegna<\/strong><\/a>!<\/p>\n<p>Gli aeroporti disponibili per l\u2019arrivo sul territorio tramite un viaggio aereo sono <strong>Olbia, Alghero e Cagliari.<\/strong> Gli aeroporti Svizzeri che collegano la Sardegna invece sono <strong>Berna, Basilea, Zurigo, Ginevra e Lugano<\/strong>.[\/vc_column_text][\/vc_column][\/vc_row][vc_row full_width=&#8221;stretch_row&#8221;][vc_column][vc_column_text]<\/p>\n<h2><strong>Rotte e periodi per prenotare un aereo per la Sardegna<\/strong><\/h2>\n<p>Le rotte invernali per gli aeroporti sardi sono sempre disponibili sui siti di voli low cost pi\u00f9 conosciuti sia con voli di linea che voli charter.<\/p>\n<p><strong> <a href=\"#collegamenti-aerei\">Vedi subito tutti i collegamenti per la Sardegna<\/a>. <\/strong><\/p>\n<p>Diversamente, i voli per raggiungere la Sardegna in aereo da aprile ad ottobre aumentano di numero e frequenza, andando a collegare perfettamente l\u2019isola con tutte le maggiori localit\u00e0 europee.<\/p>\n<p>Ci\u00f2 vi permetter\u00e0 di prenotare un comodo volo che vi porter\u00e0 direttamente sulla splendida isola del Mediterraneo, dove cominciare la vostra avventura!<\/p>\n<p>Tramonti splendidi su spiagge dalla sabbia bianca e fine, acque verdi e azzurre limpidissime, aspre montagne. E poi boschi di sughero e fitte distese di macchia mediterranea incontaminata\u2026 tutto questo dista al massimo una manciata di ore da dove siete oggi.<\/p>\n<p>Sarebbe un peccato perderselo! Ma occhio al periodo: agosto \u00e8 il mese pi\u00f9 caro, meglio cercare di evitarlo!<br \/>\n<strong><a href=\"https:\/\/www.insardinia.ch\/it\/perche-abitare-in-sardegna\/\">Vivere<\/a>\u00a0<\/strong>in Sardegna \u00e8 un\u2019esperienza unica. Siete pronti a partire?[\/vc_column_text][\/vc_column][\/vc_row][vc_row full_width=&#8221;stretch_row_content_no_spaces&#8221;][vc_column][vc_single_image image=&#8221;3262&#8243; img_size=&#8221;full&#8221; alignment=&#8221;center&#8221;][\/vc_column][\/vc_row][vc_row el_id=&#8221;collegamenti-aerei&#8221;][vc_column width=&#8221;1\/3&#8243;][vc_column_text]<\/p>\n<h4><b>Cagliari<\/b><\/h4>\n<ul>\n<li>Ancona\u00a0Ryanair<\/li>\n<li>Barcellona GRN Alitalia, Ryanair<\/li>\n<li>Bergamo\u00a0Ryanair<\/li>\n<li>Billund\u00a0Jettime, Ryanair<\/li>\n<li>Bologna\u00a0Air One<\/li>\n<li>Bratislava\u00a0Ryanair<\/li>\n<li>Bruxelles Charleroi Ryanair<\/li>\n<li>Clermont Ferrand\u00a0Regional<\/li>\n<li>Cologne\u00a0German Wings<\/li>\n<li>Copenaghen\u00a0Atlantic Airways, Tuifly<\/li>\n<li>Dublino\u00a0Ryanair<\/li>\n<li>Dusseldorf\u00a0Ryanair<\/li>\n<li>East Midlands\u00a0BMIBaby.com<\/li>\n<li>Eindhoven\u00a0Ryanair<\/li>\n<li>Francoforte Hahn\u00a0Ryanair<\/li>\n<li>Goteborg\u00a0Ryanair, Malmo Aviation<\/li>\n<li>Londra Gatwick\u00a0Thomsonfly.com<\/li>\n<li>Londra Stansted\u00a0Ryanair<\/li>\n<li>Londra Luton\u00a0Ryanair<\/li>\n<li>Madrid\u00a0Ryanair<\/li>\n<li>Milano Linate\u00a0Air One<\/li>\n<li>Milano Malpensa\u00a0Air One, EasyJet<\/li>\n<li>Monaco\u00a0Ryanair<\/li>\n<li>Oslo\u00a0Jettime<\/li>\n<li>Oslo Torp Ryanair<\/li>\n<li>Parma\u00a0Ryanair<\/li>\n<li>Praga\u00a0Smart Wings<\/li>\n<li>Pisa\u00a0Ryanair<\/li>\n<li>Roma Ciampino Ryanair<\/li>\n<li>Roma Fiumicino Air One<\/li>\n<li>Stoccolma ArlandaTuifly<\/li>\n<li>Stoccolma Skavsta Ryanair<\/li>\n<li>Torino\u00a0Air One<\/li>\n<li>Venezia \u2013 Treviso\u00a0Ryanair, Volotea<\/li>\n<li>Verona\u00a0Ryanair<\/li>\n<\/ul>\n<p>[\/vc_column_text][\/vc_column][vc_column width=&#8221;1\/3&#8243;][vc_column_text]<\/p>\n<h4><b>Olbia \u2013 Costa Smeralda<\/b><\/h4>\n<ul>\n<li>Bari\u00a0Meridiana<\/li>\n<li>Basilea\u00a0EasyJet<\/li>\n<li>Bergamo\u00a0Meridiana<\/li>\n<li>Berlino Schoenefeld\u00a0EasyJet<\/li>\n<li>Berlino Tegel\u00a0Air Berlin<\/li>\n<li>Berna\u00a0Skyworkairlines<\/li>\n<li>Bologna\u00a0Meridiana<\/li>\n<li>Bristol\u00a0EasyJet<\/li>\n<li>Cagliari\u00a0Meridiana<\/li>\n<li>Cologne\u00a0Air Berlin<\/li>\n<li>Dusseldorf\u00a0Air Berlin, Lufthansa<\/li>\n<li>Dusseldorf\u00a0Meridiana<\/li>\n<li>Francoforte\u00a0Lufthansa<\/li>\n<li>Ginevra\u00a0EasyJet<\/li>\n<li>Lione\u00a0EasyJet<\/li>\n<li>Londra Gatwick EasyJet<\/li>\n<li>Lourdes\u00a0Austrian, Meridiana<\/li>\n<li>Lugano\u00a0Darwin Airlines<\/li>\n<li>Madrid\u00a0EasyJet<\/li>\n<li>Milano Linate\u00a0Meridiana, EasyJet<\/li>\n<li>Milano Malpensa\u00a0EasyJet<\/li>\n<li>Munich\u00a0Meridiana, Air Berlin<\/li>\n<li>Munich\u00a0Lufthansa<\/li>\n<li>Napoli\u00a0Air Italy<\/li>\n<li>Norimberga\u00a0Air Berlin<\/li>\n<li>Nizza\u00a0Meridiana<\/li>\n<li>Parigi Orly\u00a0EasyJet<\/li>\n<li>Praga\u00a0Smart Wings<\/li>\n<li>Roma Fiumicino\u00a0Meridiana, Air Malta<\/li>\n<li>Stoccarda\u00a0Air Berlin<\/li>\n<li>Torino\u00a0Meridiana<\/li>\n<li>Verona\u00a0Meridiana<\/li>\n<li>Vienna\u00a0Austrian<\/li>\n<li>Zurigo\u00a0Air Berlin<\/li>\n<\/ul>\n<p>[\/vc_column_text][\/vc_column][vc_column width=&#8221;1\/3&#8243;][vc_column_text]<\/p>\n<h4><b>Alghero \u2013 Fertilia<\/b><\/h4>\n<ul>\n<li>Ancona\u00a0Ryanair<\/li>\n<li>Barcellona GRN Alitalia, Ryanair<\/li>\n<li>Bergamo\u00a0Ryanair<\/li>\n<li>Billund\u00a0Jettime, Ryanair<\/li>\n<li>Bologna\u00a0Air One<\/li>\n<li>Bratislava\u00a0Ryanair<\/li>\n<li>Bruxelles Charleroi Ryanair<\/li>\n<li>Clermont Ferrand\u00a0Regional<\/li>\n<li>Cologne\u00a0German Wings<\/li>\n<li>Copenaghen\u00a0Atlantic Airways, Tuifly<\/li>\n<li>Dublino\u00a0Ryanair<\/li>\n<li>Dusseldorf\u00a0Ryanair<\/li>\n<li>East Midlands\u00a0BMIBaby.com<\/li>\n<li>Eindhoven\u00a0Ryanair<\/li>\n<li>Francoforte Hahn\u00a0Ryanair<\/li>\n<li>Goteborg\u00a0Ryanair, Malmo Aviation<\/li>\n<li>Londra Gatwick\u00a0Thomsonfly.com<\/li>\n<li>Londra Stansted\u00a0Ryanair<\/li>\n<li>Londra Luton\u00a0Ryanair<\/li>\n<li>Madrid\u00a0Ryanair<\/li>\n<li>Milano Linate\u00a0Air One<\/li>\n<li>Milano Malpensa\u00a0Air One, EasyJet<\/li>\n<li>Monaco\u00a0Ryanair<\/li>\n<li>Oslo\u00a0Jettime<\/li>\n<li>Oslo Torp Ryanair<\/li>\n<li>Parma\u00a0Ryanair<\/li>\n<li>Praga\u00a0Smart Wings<\/li>\n<li>Pisa\u00a0Ryanair<\/li>\n<li>Roma Ciampino Ryanair<\/li>\n<li>Roma Fiumicino Air One<\/li>\n<li>Stoccolma ArlandaTuifly<\/li>\n<li>Stoccolma Skavsta Ryanair<\/li>\n<li>Torino\u00a0Air One<\/li>\n<li>Venezia \u2013 Treviso\u00a0Ryanair, Volotea<\/li>\n<li>Verona\u00a0Ryanair<\/li>\n<\/ul>\n<p>[\/vc_column_text][\/vc_column][\/vc_row]<\/p>\n","protected":false},"excerpt":{"rendered":"<p>[vc_row full_width=&#8221;stretch_row_content_no_spaces&#8221;][vc_column][vc_single_image image=&#8221;3156&#8243; img_size=&#8221;1920&#215;600&#8243; alignment=&#8221;center&#8221;][\/vc_column][\/vc_row][vc_row full_width=&#8221;stretch_row&#8221;][vc_column][vc_column_text] Aerei per la Sardegna Se state pensando di andare a vivere in Sardegna ,di passare la vostra pensione\u00a0sulla celebre isola italiana o di fare una vacanza da favola dovreste conoscere tutti i collegamenti disponibili. Raggiungere la Sardegna \u00e8 facile ed in questi ultimi anni i collegamenti sono stati aumentati [&hellip;]<\/p>\n","protected":false},"author":18,"featured_media":0,"parent":0,"menu_order":0,"comment_status":"closed","ping_status":"closed","template":"template\/template-page.php","meta":{"_mi_skip_tracking":false,"_exactmetrics_sitenote_active":false,"_exactmetrics_sitenote_note":"","_exactmetrics_sitenote_category":0,"footnotes":""},"yoast_head":"<!-- This site is optimized with the Yoast SEO plugin v21.3 - https:\/\/yoast.com\/wordpress\/plugins\/seo\/ -->\n<title>Collegamenti Aerei per arrivare in Sardegna - Insardinia<\/title>\n<meta name=\"description\" content=\"Raggiungere la Sardegna \u00e8 facile grazie ai numerosi collegamenti aerei che la mettono in contatto con tanti aeroporti in giro per il mondo.\" \/>\n<meta name=\"robots\" content=\"index, follow, max-snippet:-1, max-image-preview:large, max-video-preview:-1\" \/>\n<link rel=\"canonical\" href=\"https:\/\/www.insardinia.ch\/it\/collegamenti-aerei\/\" \/>\n<meta property=\"og:locale\" content=\"it_IT\" \/>\n<meta property=\"og:type\" content=\"article\" \/>\n<meta property=\"og:title\" content=\"Collegamenti Aerei per arrivare in Sardegna - Insardinia\" \/>\n<meta property=\"og:description\" content=\"Raggiungere la Sardegna \u00e8 facile grazie ai numerosi collegamenti aerei che la mettono in contatto con tanti aeroporti in giro per il mondo.\" \/>\n<meta property=\"og:url\" content=\"https:\/\/www.insardinia.ch\/it\/collegamenti-aerei\/\" \/>\n<meta property=\"og:site_name\" content=\"InSardinia\" \/>\n<meta property=\"article:modified_time\" content=\"2019-03-28T20:51:02+00:00\" \/>\n<meta name=\"twitter:card\" content=\"summary_large_image\" \/>\n<meta name=\"twitter:label1\" content=\"Tempo di lettura stimato\" \/>\n\t<meta name=\"twitter:data1\" content=\"4 minuti\" \/>\n<script type=\"application\/ld+json\" class=\"yoast-schema-graph\">{\"@context\":\"https:\/\/schema.org\",\"@graph\":[{\"@type\":\"WebPage\",\"@id\":\"https:\/\/www.insardinia.ch\/it\/collegamenti-aerei\/\",\"url\":\"https:\/\/www.insardinia.ch\/it\/collegamenti-aerei\/\",\"name\":\"Collegamenti Aerei per arrivare in Sardegna - Insardinia\",\"isPartOf\":{\"@id\":\"https:\/\/www.insardinia.ch\/en\/#website\"},\"datePublished\":\"2018-04-11T13:46:42+00:00\",\"dateModified\":\"2019-03-28T20:51:02+00:00\",\"description\":\"Raggiungere la Sardegna \u00e8 facile grazie ai numerosi collegamenti aerei che la mettono in contatto con tanti aeroporti in giro per il mondo.\",\"breadcrumb\":{\"@id\":\"https:\/\/www.insardinia.ch\/it\/collegamenti-aerei\/#breadcrumb\"},\"inLanguage\":\"it-IT\",\"potentialAction\":[{\"@type\":\"ReadAction\",\"target\":[\"https:\/\/www.insardinia.ch\/it\/collegamenti-aerei\/\"]}]},{\"@type\":\"BreadcrumbList\",\"@id\":\"https:\/\/www.insardinia.ch\/it\/collegamenti-aerei\/#breadcrumb\",\"itemListElement\":[{\"@type\":\"ListItem\",\"position\":1,\"name\":\"Home\",\"item\":\"https:\/\/www.insardinia.ch\/it\/\"},{\"@type\":\"ListItem\",\"position\":2,\"name\":\"Collegamenti Aerei\"}]},{\"@type\":\"WebSite\",\"@id\":\"https:\/\/www.insardinia.ch\/en\/#website\",\"url\":\"https:\/\/www.insardinia.ch\/en\/\",\"name\":\"InSardinia\",\"description\":\"\",\"potentialAction\":[{\"@type\":\"SearchAction\",\"target\":{\"@type\":\"EntryPoint\",\"urlTemplate\":\"https:\/\/www.insardinia.ch\/en\/?s={search_term_string}\"},\"query-input\":\"required name=search_term_string\"}],\"inLanguage\":\"it-IT\"}]}<\/script>\n<!-- \/ Yoast SEO plugin. -->","yoast_head_json":{"title":"Collegamenti Aerei per arrivare in Sardegna - Insardinia","description":"Raggiungere la Sardegna \u00e8 facile grazie ai numerosi collegamenti aerei che la mettono in contatto con tanti aeroporti in giro per il mondo.","robots":{"index":"index","follow":"follow","max-snippet":"max-snippet:-1","max-image-preview":"max-image-preview:large","max-video-preview":"max-video-preview:-1"},"canonical":"https:\/\/www.insardinia.ch\/it\/collegamenti-aerei\/","og_locale":"it_IT","og_type":"article","og_title":"Collegamenti Aerei per arrivare in Sardegna - Insardinia","og_description":"Raggiungere la Sardegna \u00e8 facile grazie ai numerosi collegamenti aerei che la mettono in contatto con tanti aeroporti in giro per il mondo.","og_url":"https:\/\/www.insardinia.ch\/it\/collegamenti-aerei\/","og_site_name":"InSardinia","article_modified_time":"2019-03-28T20:51:02+00:00","twitter_card":"summary_large_image","twitter_misc":{"Tempo di lettura stimato":"4 minuti"},"schema":{"@context":"https:\/\/schema.org","@graph":[{"@type":"WebPage","@id":"https:\/\/www.insardinia.ch\/it\/collegamenti-aerei\/","url":"https:\/\/www.insardinia.ch\/it\/collegamenti-aerei\/","name":"Collegamenti Aerei per arrivare in Sardegna - Insardinia","isPartOf":{"@id":"https:\/\/www.insardinia.ch\/en\/#website"},"datePublished":"2018-04-11T13:46:42+00:00","dateModified":"2019-03-28T20:51:02+00:00","description":"Raggiungere la Sardegna \u00e8 facile grazie ai numerosi collegamenti aerei che la mettono in contatto con tanti aeroporti in giro per il mondo.","breadcrumb":{"@id":"https:\/\/www.insardinia.ch\/it\/collegamenti-aerei\/#breadcrumb"},"inLanguage":"it-IT","potentialAction":[{"@type":"ReadAction","target":["https:\/\/www.insardinia.ch\/it\/collegamenti-aerei\/"]}]},{"@type":"BreadcrumbList","@id":"https:\/\/www.insardinia.ch\/it\/collegamenti-aerei\/#breadcrumb","itemListElement":[{"@type":"ListItem","position":1,"name":"Home","item":"https:\/\/www.insardinia.ch\/it\/"},{"@type":"ListItem","position":2,"name":"Collegamenti Aerei"}]},{"@type":"WebSite","@id":"https:\/\/www.insardinia.ch\/en\/#website","url":"https:\/\/www.insardinia.ch\/en\/","name":"InSardinia","description":"","potentialAction":[{"@type":"SearchAction","target":{"@type":"EntryPoint","urlTemplate":"https:\/\/www.insardinia.ch\/en\/?s={search_term_string}"},"query-input":"required name=search_term_string"}],"inLanguage":"it-IT"}]}},"_links":{"self":[{"href":"https:\/\/www.insardinia.ch\/it\/wp-json\/wp\/v2\/pages\/3143"}],"collection":[{"href":"https:\/\/www.insardinia.ch\/it\/wp-json\/wp\/v2\/pages"}],"about":[{"href":"https:\/\/www.insardinia.ch\/it\/wp-json\/wp\/v2\/types\/page"}],"author":[{"embeddable":true,"href":"https:\/\/www.insardinia.ch\/it\/wp-json\/wp\/v2\/users\/18"}],"replies":[{"embeddable":true,"href":"https:\/\/www.insardinia.ch\/it\/wp-json\/wp\/v2\/comments?post=3143"}],"version-history":[{"count":0,"href":"https:\/\/www.insardinia.ch\/it\/wp-json\/wp\/v2\/pages\/3143\/revisions"}],"wp:attachment":[{"href":"https:\/\/www.insardinia.ch\/it\/wp-json\/wp\/v2\/media?parent=3143"}],"curies":[{"name":"wp","href":"https:\/\/api.w.org\/{rel}","templated":true}]}}