{"id":3053,"date":"2018-04-11T11:52:11","date_gmt":"2018-04-11T09:52:11","guid":{"rendered":"https:\/\/www.insardinia.ch\/?page_id=3053"},"modified":"2019-05-31T12:18:10","modified_gmt":"2019-05-31T10:18:10","slug":"centres-historiques-et-bourgs-antiques","status":"publish","type":"page","link":"https:\/\/www.insardinia.ch\/it\/centres-historiques-et-bourgs-antiques\/","title":{"rendered":"Centres Historiques et Bourgs Antiques en Sardaigne"},"content":{"rendered":"<p>[vc_row full_width=&#8221;stretch_row_content_no_spaces&#8221;][vc_column][vc_single_image image=&#8221;3085&#8243; img_size=&#8221;1920&#215;600&#8243; alignment=&#8221;center&#8221;][\/vc_column][\/vc_row][vc_row full_width=&#8221;stretch_row&#8221;][vc_column][vc_column_text]Pour ceux qui ont la chance de visiter la Sardaigne, il est difficile de renoncer au charme des <strong>bourgs antiques et centres historiques<\/strong> charg\u00e9s de traditions.<br \/>\nParlons des petites villes \u00e0 admirer, avec un bond dans le pass\u00e9, qui est encore souvent le pr\u00e9sent de ceux qui y vivent, et la possibilit\u00e9 de s\u2019immerger dans des <strong>styles de vie simples et spontan\u00e9s<\/strong>[\/vc_column_text][\/vc_column][\/vc_row][vc_row full_width=&#8221;stretch_row&#8221;][vc_column][vc_column_text]<\/p>\n<h3><strong>Les centres historiques et les Bourgs Antiques de la Sardaigne \u00e0 ne pas manquer!<\/strong><\/h3>\n<p>Parmi les centres historiques les plus pris\u00e9s des touristes, on trouve sans doute ceux de <strong>Sant\u2019Atioco<\/strong>\u00a0(Carbonia Iglesias),\u00a0<strong>Bosa<\/strong>(Oristano),\u00a0<strong>Atzara<\/strong>\u00a0(en pleine Barbagia, Nuoro),\u00a0<strong>Posada<\/strong>\u00a0(Nuoro),\u00a0<strong>Galtelli et Gavoi<\/strong>\u00a0(tous les deux dans le Nuorese),\u00a0<strong>Lod\u00e8 <\/strong>(Nuoro),\u00a0<strong>Ortuer<\/strong>i (Nuoro),\u00a0<strong>SanLuri<\/strong>\u00a0(dans le Medio Campidano),\u00a0<strong>Seui<\/strong>\u00a0(situ\u00e9 dans l\u2019Ogliastra),\u00a0<strong>Tonara<\/strong>\u00a0(Nuoro, c\u00e9l\u00e8bre pour son torrone),\u00a0<strong>Aggius<\/strong>\u00a0(en Gallura),\u00a0<strong>CastelSardo<\/strong>\u00a0(Sassari),\u00a0<strong>Neoneli et Santu Lussurgiu<\/strong>\u00a0(dans l\u2019Oristanese),\u00a0<strong>Sardara <\/strong>(Medio Campidano),\u00a0<strong>Orroli<\/strong>\u00a0(Sud Sardaigne, Cagliari),\u00a0<strong>San Sperate <\/strong>(Cagliari),\u00a0<strong>Orgosolo<\/strong>\u00a0(Nuoro) et\u00a0<strong>Laconi <\/strong>(Oristano).<br \/>\nA voir aussi absolument les centres historiques des principales villes sardes, comme\u00a0<strong>Oristano, Cagliari, Sassari, Olbia et Nuoro<\/strong>.<\/p>\n<hr \/>\n<h2><strong>Qui dit Sardaigne dit mer. Et s\u2019il y avait davantage\u00a0? Est-on vraiment s\u00fbrs que \u00e7a se r\u00e9sume seulement \u00e0 cela\u00a0?<\/strong><\/h2>\n<h2><strong>\u00a0<\/strong><\/h2>\n<hr \/>\n<p>Nous, qui connaissons l\u2019\u00eele relativement bien, avons plus d\u2019une raison de penser que pour la Sardaigne, \u00eele aux merveilles, la mer ne constitue que le d\u00e9but de la d\u00e9couverte.<\/p>\n<p>De l\u2019arch\u00e9ologie \u00e0 l\u2019arri\u00e8re-pays tr\u00e8s caract\u00e9ristique, <a href=\"https:\/\/www.sardegnaturismo.it\/fr\/decouvrir-la-sardaigne\">la Sardaigne se distingue par la diversit\u00e9 de ses d\u00e9cors et de ses ambiances uniques au monde<\/a>. C\u2019est exactement dans ce contexte, que nous pouvons facilement d\u00e9finir de \u00ab\u00a0multi-sensoriel\u00a0\u00bb, que prennent vie des petits <strong>bourgs<\/strong> <strong>au caract\u00e8re unique<\/strong>, o\u00f9 le territoire, la culture et le style de vie offre une tranquillit\u00e9 de l\u2019esprit pour procurer aux visiteurs des moments \u00ab\u00a0uniques\u00a0\u00bb<\/p>\n<p>Terre aux traditions mill\u00e9naires, parmi les plus anciennes de la plan\u00e8te, de la Barbagia \u00e0 la Gallura, en passant par le Sulcis et les c\u00f4tes du sud profond de l\u2019\u00eele, la Sardaigne a su offrir une terre fertile o\u00f9 de nombreuses populations se sont install\u00e9es au cours des si\u00e8cles et ont caract\u00e9ris\u00e9 sa forme, ses paysages et sa culture.<\/p>\n<p>Observer, respirer et vivre dans l\u2019immensit\u00e9 des paysages dans lesquels ces <strong>bourgs pittoresques<\/strong> se sont d\u00e9velopp\u00e9s, peut certainement aider \u00e0 comprendre combien ces derniers peuvent \u00eatre fascinants, avec leurs murs, leurs ruelles typiques, leurs d\u00e9cors et leurs b\u00e2timents en pierres anciennes et constituent encore aujourd\u2019hui un grand patrimoine socioculturel pour l\u2019\u00eele.<\/p>\n<p>Parlant de la beaut\u00e9 <strong>des bourgs antiques Sardes<\/strong>, porte-parole sur le territoire National, le guide \u00ab\u00a0I borghi pi\u00f9 belli d\u2019Italia\u00a0\u00bb, sans surprises, en cite quelques-uns les mentionnant comme dignes d\u2019attention \u00e0 l\u2019\u00e9chelle nationale.<\/p>\n<p>Vous souhaiteriez avoir une maison en Sardaigne ? Et si nous vous disions qu\u2019elle pourrait vous co\u00fbter seulement un euro\u00a0? Lisez notre approfondissement\u00a0:\u00a0<a href=\"https:\/\/www.insardinia.ch\/comprare-casa-fr\/acheter-maison-a-un-euro-sardaigne\/\">maisons \u00e0 un euro<\/a><\/p>\n<p>Nous tenons tout particuli\u00e8rement \u00e0 citer les villages suivants\u00a0:<\/p>\n<ul>\n<li>Atzara<\/li>\n<li>Carloforte<\/li>\n<li>Posada.<\/li>\n<\/ul>\n<p>&nbsp;<\/p>\n<h3><strong>Le bourg d\u2019Atzara entre culture, vin et art.<\/strong><\/h3>\n<p><img decoding=\"async\" loading=\"lazy\" class=\"aligncenter wp-image-3737 size-full\" src=\"https:\/\/www.insardinia.ch\/vendita\/wp-content\/uploads\/2018\/04\/borgo-di-atzara.jpg\" alt=\"borgo di atzara\" width=\"800\" height=\"600\" srcset=\"https:\/\/www.insardinia.ch\/vendita\/wp-content\/uploads\/2018\/04\/borgo-di-atzara.jpg 800w, https:\/\/www.insardinia.ch\/vendita\/wp-content\/uploads\/2018\/04\/borgo-di-atzara-300x225.jpg 300w, https:\/\/www.insardinia.ch\/vendita\/wp-content\/uploads\/2018\/04\/borgo-di-atzara-768x576.jpg 768w, https:\/\/www.insardinia.ch\/vendita\/wp-content\/uploads\/2018\/04\/borgo-di-atzara-150x113.jpg 150w, https:\/\/www.insardinia.ch\/vendita\/wp-content\/uploads\/2018\/04\/borgo-di-atzara-350x263.jpg 350w, https:\/\/www.insardinia.ch\/vendita\/wp-content\/uploads\/2018\/04\/borgo-di-atzara-640x480.jpg 640w\" sizes=\"(max-width: 800px) 100vw, 800px\" \/><\/p>\n<p>Le bourg d\u2019Atzara est situ\u00e9 au c\u0153ur de la Sardaigne, dans l\u2019arri\u00e8re-pays le plus profond et ancien de l\u2019Ile. Plus pr\u00e9cis\u00e9ment, le village occupe une position centrale entre Oristano, la Giara di Gesturi et la tr\u00e8s belle Santa Maria Navarese. Parmi les \u00e9l\u00e9ments les plus caract\u00e9ristiques de ce bourg, nous nous devons de citer la <strong>proximit\u00e9 des tr\u00e8s anciennes Domus de Janas <\/strong>(maisons des f\u00e9es). Ce village \u00e0 la forte culture vinicole, a r\u00e9cemment am\u00e9nag\u00e9 un sentier naturaliste \u00ab\u00a0Le Vie dei Vigneti\u00a0\u00bb gr\u00e2ce auquel on peut appr\u00e9cier toute la beaut\u00e9 des vignes du territoire.<\/p>\n<h3><strong>Le bourg de Posada, son ch\u00e2teau et sa rivi\u00e8re<\/strong><\/h3>\n<p><img decoding=\"async\" loading=\"lazy\" class=\"aligncenter wp-image-3738 size-full\" src=\"https:\/\/www.insardinia.ch\/vendita\/wp-content\/uploads\/2018\/04\/borgo-di-posada.jpg\" alt=\"borgo sardo di posada\" width=\"800\" height=\"532\" srcset=\"https:\/\/www.insardinia.ch\/vendita\/wp-content\/uploads\/2018\/04\/borgo-di-posada.jpg 800w, https:\/\/www.insardinia.ch\/vendita\/wp-content\/uploads\/2018\/04\/borgo-di-posada-300x200.jpg 300w, https:\/\/www.insardinia.ch\/vendita\/wp-content\/uploads\/2018\/04\/borgo-di-posada-768x511.jpg 768w, https:\/\/www.insardinia.ch\/vendita\/wp-content\/uploads\/2018\/04\/borgo-di-posada-150x100.jpg 150w, https:\/\/www.insardinia.ch\/vendita\/wp-content\/uploads\/2018\/04\/borgo-di-posada-350x233.jpg 350w, https:\/\/www.insardinia.ch\/vendita\/wp-content\/uploads\/2018\/04\/borgo-di-posada-722x480.jpg 722w\" sizes=\"(max-width: 800px) 100vw, 800px\" \/><\/p>\n<p>Positionn\u00e9 sur la c\u00f4te Est de l\u2019\u00eele, le bourg de Posada est fortement caract\u00e9ris\u00e9 par les couleurs, les parfums et le territoire typique dans lequel il est immerg\u00e9. Pos\u00e9 sur une colline, il atteint son sommet historique avec son<strong> ch\u00e2teau de pierres claires<\/strong> qui s\u2019\u00e9l\u00e8ve encore aujourd\u2019hui, au milieu de remparts construits selon la m\u00e9thode ancienne des pierres s\u00e8ches. Peut-\u00eatre l\u2019un des rares bourgs Sardes \u00e0 pouvoir se vanter des racines les plus profondes dans l\u2019antiquit\u00e9 \u2013 La pr\u00e9sence humaine \u00e0 Posada (Pasada en sarde) se v\u00e9rifie d\u00e9j\u00e0 pendant le N\u00e9olithique (4500-1800 av. J.-C.) \u2013 il doit une grande partie de son \u00e9volution \u00e0 l\u2019irrigation constante du \u00ab\u00a0Rio Posada\u00a0\u00bb qui au fil des ann\u00e9es a su fournir aux habitants un terrain fertile et irrigu\u00e9 permettant de poser les fondations d\u2019une \u00e9volution sociale. D\u2019un point de vue culinaire, il est impossible de ne pas mentionner \u00ab\u00a0S\u2019Aranzada\u00a0\u00bb, plat typique et renomm\u00e9 pour son go\u00fbt incomparable et sa difficult\u00e9 de pr\u00e9paration.<\/p>\n<h3><strong>Carloforte: L\u2019<\/strong><strong>\u00eele dans<\/strong><strong> l\u2019<\/strong><strong>\u00eele<\/strong><\/h3>\n<p><img decoding=\"async\" loading=\"lazy\" class=\"size-full wp-image-3736 aligncenter\" src=\"https:\/\/www.insardinia.ch\/vendita\/wp-content\/uploads\/2018\/04\/borgo-di-carloforte.jpg\" alt=\"borgo sardo di carloforte\" width=\"800\" height=\"533\" srcset=\"https:\/\/www.insardinia.ch\/vendita\/wp-content\/uploads\/2018\/04\/borgo-di-carloforte.jpg 800w, https:\/\/www.insardinia.ch\/vendita\/wp-content\/uploads\/2018\/04\/borgo-di-carloforte-300x200.jpg 300w, https:\/\/www.insardinia.ch\/vendita\/wp-content\/uploads\/2018\/04\/borgo-di-carloforte-768x512.jpg 768w, https:\/\/www.insardinia.ch\/vendita\/wp-content\/uploads\/2018\/04\/borgo-di-carloforte-150x100.jpg 150w, https:\/\/www.insardinia.ch\/vendita\/wp-content\/uploads\/2018\/04\/borgo-di-carloforte-385x258.jpg 385w, https:\/\/www.insardinia.ch\/vendita\/wp-content\/uploads\/2018\/04\/borgo-di-carloforte-350x233.jpg 350w, https:\/\/www.insardinia.ch\/vendita\/wp-content\/uploads\/2018\/04\/borgo-di-carloforte-720x480.jpg 720w\" sizes=\"(max-width: 800px) 100vw, 800px\" \/><\/p>\n<p>Ile dans l\u2019\u00eele, ce bourg pittoresque est connu pour sa position dans le Sud de l\u2019\u00eele et pour son indubitable tradition marine.\u00a0 Se promener \u00e0 Carloforte signifie d\u00e9couvrir la mer sous toutes ses formes. Tourisme de p\u00eache, excursions en bateau et exp\u00e9riences sous-marines pour admirer un fond aux magnifiques couleurs, sont quelques unes des animations qui attirent de nombreux touristes pr\u00eats \u00e0 envahir l\u2019\u00eele. Le centre historique, fascinant pour ses attraits qui souvent n\u2019appartiennent pas \u00e0 la tradition sarde, est ferm\u00e9 \u00e0 la circulation pour permettre de profiter pleinement d\u2019un espace et d\u2019un rythme de vie o\u00f9 encore aujourd\u2019hui les boutiques, les boulangeries et les petites \u00e9choppes peuplent le quotidien des habitants de ce magnifique bourg. Visiter Carloforte veut dire d\u00e9couvrir un lieu unique en son genre \u00e9galement pour ses saveurs typiques. Ce n\u2019est pas par hasard que cette \u00eele est renomm\u00e9e dans le monde entier pour la qualit\u00e9 de son thon, qui trouve aujourd\u2019hui des acheteurs jusqu\u2019au Japon.<\/p>\n<h2><strong>En conclusion<\/strong><\/h2>\n<p>D\u00e9couvrir les Centres Historiques et les\u00a0 Bourgs Antiques en Sardaigne signifie vivre une exp\u00e9rience unique en vivant au milieu de paysages et avec <a href=\"https:\/\/www.insardinia.ch\/pourquoi-habiter-en-sardaigne\/\">des rythmes de vie quasiment introuvables ailleurs.<\/a> Chez InSardinia.ch, nous avons choisi de vous offrir cette exp\u00e9rience en vous aidant \u00e0 trouver une maison sur ces magnifiques terres.[\/vc_column_text][\/vc_column][\/vc_row]<\/p>\n","protected":false},"excerpt":{"rendered":"<p>[vc_row full_width=&#8221;stretch_row_content_no_spaces&#8221;][vc_column][vc_single_image image=&#8221;3085&#8243; img_size=&#8221;1920&#215;600&#8243; alignment=&#8221;center&#8221;][\/vc_column][\/vc_row][vc_row full_width=&#8221;stretch_row&#8221;][vc_column][vc_column_text]Pour ceux qui ont la chance de visiter la Sardaigne, il est difficile de renoncer au charme des bourgs antiques et centres historiques charg\u00e9s de traditions. Parlons des petites villes \u00e0 admirer, avec un bond dans le pass\u00e9, qui est encore souvent le pr\u00e9sent de ceux qui y vivent, et [&hellip;]<\/p>\n","protected":false},"author":18,"featured_media":21808,"parent":0,"menu_order":0,"comment_status":"closed","ping_status":"closed","template":"template\/template-page.php","meta":{"_mi_skip_tracking":false,"_exactmetrics_sitenote_active":false,"_exactmetrics_sitenote_note":"","_exactmetrics_sitenote_category":0,"footnotes":""},"yoast_head":"<!-- This site is optimized with the Yoast SEO plugin v21.3 - https:\/\/yoast.com\/wordpress\/plugins\/seo\/ -->\n<title>Centres Historiques et Bourgs Antiques- Insardinia<\/title>\n<meta name=\"description\" content=\"Centres Historiques et Bourgs Antiques en Sardaigne:Pour ceux qui ont la chance de visiter la Sardaigne, il est difficile de renoncer au charme des bourgs\" \/>\n<meta name=\"robots\" content=\"index, follow, max-snippet:-1, max-image-preview:large, max-video-preview:-1\" \/>\n<link rel=\"canonical\" href=\"https:\/\/www.insardinia.ch\/it\/centres-historiques-et-bourgs-antiques\/\" \/>\n<meta property=\"og:locale\" content=\"it_IT\" \/>\n<meta property=\"og:type\" content=\"article\" \/>\n<meta property=\"og:title\" content=\"Centres Historiques et Bourgs Antiques- Insardinia\" \/>\n<meta property=\"og:description\" content=\"Centres Historiques et Bourgs Antiques en Sardaigne:Pour ceux qui ont la chance de visiter la Sardaigne, il est difficile de renoncer au charme des bourgs\" \/>\n<meta property=\"og:url\" content=\"https:\/\/www.insardinia.ch\/it\/centres-historiques-et-bourgs-antiques\/\" \/>\n<meta property=\"og:site_name\" content=\"InSardinia\" \/>\n<meta property=\"article:modified_time\" content=\"2019-05-31T10:18:10+00:00\" \/>\n<meta property=\"og:image\" content=\"https:\/\/www.insardinia.ch\/vendita\/wp-content\/uploads\/2019\/05\/sardinia-3421455_640.jpg\" \/>\n\t<meta property=\"og:image:width\" content=\"640\" \/>\n\t<meta property=\"og:image:height\" content=\"426\" \/>\n\t<meta property=\"og:image:type\" content=\"image\/jpeg\" \/>\n<meta name=\"twitter:card\" content=\"summary_large_image\" \/>\n<meta name=\"twitter:label1\" content=\"Tempo di lettura stimato\" \/>\n\t<meta name=\"twitter:data1\" content=\"6 minuti\" \/>\n<script type=\"application\/ld+json\" class=\"yoast-schema-graph\">{\"@context\":\"https:\/\/schema.org\",\"@graph\":[{\"@type\":\"WebPage\",\"@id\":\"https:\/\/www.insardinia.ch\/it\/centres-historiques-et-bourgs-antiques\/\",\"url\":\"https:\/\/www.insardinia.ch\/it\/centres-historiques-et-bourgs-antiques\/\",\"name\":\"Centres Historiques et Bourgs Antiques- Insardinia\",\"isPartOf\":{\"@id\":\"https:\/\/www.insardinia.ch\/en\/#website\"},\"datePublished\":\"2018-04-11T09:52:11+00:00\",\"dateModified\":\"2019-05-31T10:18:10+00:00\",\"description\":\"Centres Historiques et Bourgs Antiques en Sardaigne:Pour ceux qui ont la chance de visiter la Sardaigne, il est difficile de renoncer au charme des bourgs\",\"breadcrumb\":{\"@id\":\"https:\/\/www.insardinia.ch\/it\/centres-historiques-et-bourgs-antiques\/#breadcrumb\"},\"inLanguage\":\"it-IT\",\"potentialAction\":[{\"@type\":\"ReadAction\",\"target\":[\"https:\/\/www.insardinia.ch\/it\/centres-historiques-et-bourgs-antiques\/\"]}]},{\"@type\":\"BreadcrumbList\",\"@id\":\"https:\/\/www.insardinia.ch\/it\/centres-historiques-et-bourgs-antiques\/#breadcrumb\",\"itemListElement\":[{\"@type\":\"ListItem\",\"position\":1,\"name\":\"Home\",\"item\":\"https:\/\/www.insardinia.ch\/it\/\"},{\"@type\":\"ListItem\",\"position\":2,\"name\":\"Centres Historiques et Bourgs Antiques en Sardaigne\"}]},{\"@type\":\"WebSite\",\"@id\":\"https:\/\/www.insardinia.ch\/en\/#website\",\"url\":\"https:\/\/www.insardinia.ch\/en\/\",\"name\":\"InSardinia\",\"description\":\"\",\"potentialAction\":[{\"@type\":\"SearchAction\",\"target\":{\"@type\":\"EntryPoint\",\"urlTemplate\":\"https:\/\/www.insardinia.ch\/en\/?s={search_term_string}\"},\"query-input\":\"required name=search_term_string\"}],\"inLanguage\":\"it-IT\"}]}<\/script>\n<!-- \/ Yoast SEO plugin. -->","yoast_head_json":{"title":"Centres Historiques et Bourgs Antiques- Insardinia","description":"Centres Historiques et Bourgs Antiques en Sardaigne:Pour ceux qui ont la chance de visiter la Sardaigne, il est difficile de renoncer au charme des bourgs","robots":{"index":"index","follow":"follow","max-snippet":"max-snippet:-1","max-image-preview":"max-image-preview:large","max-video-preview":"max-video-preview:-1"},"canonical":"https:\/\/www.insardinia.ch\/it\/centres-historiques-et-bourgs-antiques\/","og_locale":"it_IT","og_type":"article","og_title":"Centres Historiques et Bourgs Antiques- Insardinia","og_description":"Centres Historiques et Bourgs Antiques en Sardaigne:Pour ceux qui ont la chance de visiter la Sardaigne, il est difficile de renoncer au charme des bourgs","og_url":"https:\/\/www.insardinia.ch\/it\/centres-historiques-et-bourgs-antiques\/","og_site_name":"InSardinia","article_modified_time":"2019-05-31T10:18:10+00:00","og_image":[{"width":640,"height":426,"url":"https:\/\/www.insardinia.ch\/vendita\/wp-content\/uploads\/2019\/05\/sardinia-3421455_640.jpg","type":"image\/jpeg"}],"twitter_card":"summary_large_image","twitter_misc":{"Tempo di lettura stimato":"6 minuti"},"schema":{"@context":"https:\/\/schema.org","@graph":[{"@type":"WebPage","@id":"https:\/\/www.insardinia.ch\/it\/centres-historiques-et-bourgs-antiques\/","url":"https:\/\/www.insardinia.ch\/it\/centres-historiques-et-bourgs-antiques\/","name":"Centres Historiques et Bourgs Antiques- Insardinia","isPartOf":{"@id":"https:\/\/www.insardinia.ch\/en\/#website"},"datePublished":"2018-04-11T09:52:11+00:00","dateModified":"2019-05-31T10:18:10+00:00","description":"Centres Historiques et Bourgs Antiques en Sardaigne:Pour ceux qui ont la chance de visiter la Sardaigne, il est difficile de renoncer au charme des bourgs","breadcrumb":{"@id":"https:\/\/www.insardinia.ch\/it\/centres-historiques-et-bourgs-antiques\/#breadcrumb"},"inLanguage":"it-IT","potentialAction":[{"@type":"ReadAction","target":["https:\/\/www.insardinia.ch\/it\/centres-historiques-et-bourgs-antiques\/"]}]},{"@type":"BreadcrumbList","@id":"https:\/\/www.insardinia.ch\/it\/centres-historiques-et-bourgs-antiques\/#breadcrumb","itemListElement":[{"@type":"ListItem","position":1,"name":"Home","item":"https:\/\/www.insardinia.ch\/it\/"},{"@type":"ListItem","position":2,"name":"Centres Historiques et Bourgs Antiques en Sardaigne"}]},{"@type":"WebSite","@id":"https:\/\/www.insardinia.ch\/en\/#website","url":"https:\/\/www.insardinia.ch\/en\/","name":"InSardinia","description":"","potentialAction":[{"@type":"SearchAction","target":{"@type":"EntryPoint","urlTemplate":"https:\/\/www.insardinia.ch\/en\/?s={search_term_string}"},"query-input":"required name=search_term_string"}],"inLanguage":"it-IT"}]}},"_links":{"self":[{"href":"https:\/\/www.insardinia.ch\/it\/wp-json\/wp\/v2\/pages\/3053"}],"collection":[{"href":"https:\/\/www.insardinia.ch\/it\/wp-json\/wp\/v2\/pages"}],"about":[{"href":"https:\/\/www.insardinia.ch\/it\/wp-json\/wp\/v2\/types\/page"}],"author":[{"embeddable":true,"href":"https:\/\/www.insardinia.ch\/it\/wp-json\/wp\/v2\/users\/18"}],"replies":[{"embeddable":true,"href":"https:\/\/www.insardinia.ch\/it\/wp-json\/wp\/v2\/comments?post=3053"}],"version-history":[{"count":0,"href":"https:\/\/www.insardinia.ch\/it\/wp-json\/wp\/v2\/pages\/3053\/revisions"}],"wp:featuredmedia":[{"embeddable":true,"href":"https:\/\/www.insardinia.ch\/it\/wp-json\/wp\/v2\/media\/21808"}],"wp:attachment":[{"href":"https:\/\/www.insardinia.ch\/it\/wp-json\/wp\/v2\/media?parent=3053"}],"curies":[{"name":"wp","href":"https:\/\/api.w.org\/{rel}","templated":true}]}}