{"id":2703,"date":"2018-03-07T11:25:20","date_gmt":"2018-03-07T10:25:20","guid":{"rendered":"https:\/\/www.insardinia.ch\/?page_id=2703"},"modified":"2019-02-18T09:49:39","modified_gmt":"2019-02-18T08:49:39","slug":"mutuo-per-non-residenti","status":"publish","type":"page","link":"https:\/\/www.insardinia.ch\/it\/mutuo-per-non-residenti\/","title":{"rendered":"Mutuo per non residenti"},"content":{"rendered":"<p>[vc_row full_width=&#8221;stretch_row_content_no_spaces&#8221;][vc_column][vc_single_image image=&#8221;3054&#8243; img_size=&#8221;full&#8221; alignment=&#8221;center&#8221;][\/vc_column][\/vc_row][vc_row][vc_column][vc_column_text]Sogni di <a href=\"https:\/\/www.insardinia.ch\/it\/acquistare-casa-sardegna-mare-o-entroterra\/\">acquistare una casa in Sardegna<\/a> per goderti tutto il fascino delle terre e delle tradizioni del Bel Paese? Nessun problema: anche gli stranieri possono accedere ad un mutuo in Italia e riuscire cos\u00ec a coronare un sogno!<\/p>\n<p>Se sei residente all\u2019estero e vuoi acquistare casa in Sardegna puoi usufruire delle diverse soluzioni previste per il mutuo dedicato agli stranieri.<\/p>\n<p>&nbsp;<\/p>\n<h3>Come procedere per richiedere un mutuo dedicato agli stranieri<\/h3>\n<p>Le procedure da affrontare per farne richiesta sono per\u00f2 impegnative e necessitano di assoluta precisione. Hai intenzione di richiedere un mutuo per non residenti? Come primo step verifica di avere un profilo finanziario stabile e fai tradurre la tua dichiarazione dei redditi in italiano. Successivamente fai approvare questo documento a livello legale: molte banche italiane lo richiedono per accettare la richiesta di mutuo.<\/p>\n<p>Ricorda che l\u2019et\u00e0 massima dei mutuatari e dei garanti a fine mutuo \u00e8 di 75 anni e che la durata massima dello stesso \u00e8 di 25 anni.<br \/>\nInoltre il mutuo per stranieri viene concesso per un massimo del 60% del prezzo di acquisto dell\u2019immobile, derogabile fino ad un massimo del 70%.<\/p>\n<p>Contatta il tuo Istituto di Credito di fiducia per verificare preventivamente di avere capacit\u00e0 di credito. Potresti anche trovare una filiale della tua banca che opera in Sardegna, o aprire un nuovo c\/c in Italia.[\/vc_column_text][\/vc_column][\/vc_row][vc_row][vc_column][vc_single_image image=&#8221;3914&#8243; img_size=&#8221;full&#8221; alignment=&#8221;center&#8221;][\/vc_column][\/vc_row][vc_row][vc_column][vc_column_text]<\/p>\n<h3>Guida gratuita &#8220;Abitare e fare impresa in Italia&#8221;<\/h3>\n<p>Per sostenere gli stranieri che vogliono acquistare una casa in Italia, richiedere un prestito o fare impresa, il Consiglio del Notariato ha elaborato \u201cAbitare e fare impresa in Italia\u201c, una guida di fondamentale importanza per essere a conoscenza di tutte le direttive in merito al tema.<\/p>\n<p><a href=\"https:\/\/www.notariato.it\/it\/il-notaio-gli-stranieri\" target=\"_blank\" rel=\"noopener\">Scarica subito gratuitamente \u201c<em>Abitare e fare impresa in Italia<\/em>\u201d in PDF<\/a>, disponibile in 4 lingue e ricco di informazioni e consigli ufficiali![\/vc_column_text][\/vc_column][\/vc_row]<\/p>\n","protected":false},"excerpt":{"rendered":"<p>[vc_row full_width=&#8221;stretch_row_content_no_spaces&#8221;][vc_column][vc_single_image image=&#8221;3054&#8243; img_size=&#8221;full&#8221; alignment=&#8221;center&#8221;][\/vc_column][\/vc_row][vc_row][vc_column][vc_column_text]Sogni di acquistare una casa in Sardegna per goderti tutto il fascino delle terre e delle tradizioni del Bel Paese? Nessun problema: anche gli stranieri possono accedere ad un mutuo in Italia e riuscire cos\u00ec a coronare un sogno! Se sei residente all\u2019estero e vuoi acquistare casa in Sardegna puoi usufruire [&hellip;]<\/p>\n","protected":false},"author":1,"featured_media":0,"parent":0,"menu_order":0,"comment_status":"closed","ping_status":"closed","template":"template\/template-page.php","meta":{"_mi_skip_tracking":false,"_exactmetrics_sitenote_active":false,"_exactmetrics_sitenote_note":"","_exactmetrics_sitenote_category":0,"footnotes":""},"yoast_head":"<!-- This site is optimized with the Yoast SEO plugin v21.3 - https:\/\/yoast.com\/wordpress\/plugins\/seo\/ -->\n<title>Come richiedere un mutuo dedicato agli stranieri in Italia - Insardinia<\/title>\n<meta name=\"description\" content=\"Se sei residente all\u2019estero e vuoi acquistare casa in Sardegna puoi usufruire delle diverse soluzioni previste per il mutuo dedicato agli stranieri.\" \/>\n<meta name=\"robots\" content=\"index, follow, max-snippet:-1, max-image-preview:large, max-video-preview:-1\" \/>\n<link rel=\"canonical\" href=\"https:\/\/www.insardinia.ch\/it\/mutuo-per-non-residenti\/\" \/>\n<meta property=\"og:locale\" content=\"it_IT\" \/>\n<meta property=\"og:type\" content=\"article\" \/>\n<meta property=\"og:title\" content=\"Come richiedere un mutuo dedicato agli stranieri in Italia - Insardinia\" \/>\n<meta property=\"og:description\" content=\"Se sei residente all\u2019estero e vuoi acquistare casa in Sardegna puoi usufruire delle diverse soluzioni previste per il mutuo dedicato agli stranieri.\" \/>\n<meta property=\"og:url\" content=\"https:\/\/www.insardinia.ch\/it\/mutuo-per-non-residenti\/\" \/>\n<meta property=\"og:site_name\" content=\"InSardinia\" \/>\n<meta property=\"article:modified_time\" content=\"2019-02-18T08:49:39+00:00\" \/>\n<meta name=\"twitter:card\" content=\"summary_large_image\" \/>\n<meta name=\"twitter:label1\" content=\"Tempo di lettura stimato\" \/>\n\t<meta name=\"twitter:data1\" content=\"2 minuti\" \/>\n<script type=\"application\/ld+json\" class=\"yoast-schema-graph\">{\"@context\":\"https:\/\/schema.org\",\"@graph\":[{\"@type\":\"WebPage\",\"@id\":\"https:\/\/www.insardinia.ch\/it\/mutuo-per-non-residenti\/\",\"url\":\"https:\/\/www.insardinia.ch\/it\/mutuo-per-non-residenti\/\",\"name\":\"Come richiedere un mutuo dedicato agli stranieri in Italia - Insardinia\",\"isPartOf\":{\"@id\":\"https:\/\/www.insardinia.ch\/en\/#website\"},\"datePublished\":\"2018-03-07T10:25:20+00:00\",\"dateModified\":\"2019-02-18T08:49:39+00:00\",\"description\":\"Se sei residente all\u2019estero e vuoi acquistare casa in Sardegna puoi usufruire delle diverse soluzioni previste per il mutuo dedicato agli stranieri.\",\"breadcrumb\":{\"@id\":\"https:\/\/www.insardinia.ch\/it\/mutuo-per-non-residenti\/#breadcrumb\"},\"inLanguage\":\"it-IT\",\"potentialAction\":[{\"@type\":\"ReadAction\",\"target\":[\"https:\/\/www.insardinia.ch\/it\/mutuo-per-non-residenti\/\"]}]},{\"@type\":\"BreadcrumbList\",\"@id\":\"https:\/\/www.insardinia.ch\/it\/mutuo-per-non-residenti\/#breadcrumb\",\"itemListElement\":[{\"@type\":\"ListItem\",\"position\":1,\"name\":\"Home\",\"item\":\"https:\/\/www.insardinia.ch\/it\/\"},{\"@type\":\"ListItem\",\"position\":2,\"name\":\"Mutuo per non residenti\"}]},{\"@type\":\"WebSite\",\"@id\":\"https:\/\/www.insardinia.ch\/en\/#website\",\"url\":\"https:\/\/www.insardinia.ch\/en\/\",\"name\":\"InSardinia\",\"description\":\"\",\"potentialAction\":[{\"@type\":\"SearchAction\",\"target\":{\"@type\":\"EntryPoint\",\"urlTemplate\":\"https:\/\/www.insardinia.ch\/en\/?s={search_term_string}\"},\"query-input\":\"required name=search_term_string\"}],\"inLanguage\":\"it-IT\"}]}<\/script>\n<!-- \/ Yoast SEO plugin. -->","yoast_head_json":{"title":"Come richiedere un mutuo dedicato agli stranieri in Italia - Insardinia","description":"Se sei residente all\u2019estero e vuoi acquistare casa in Sardegna puoi usufruire delle diverse soluzioni previste per il mutuo dedicato agli stranieri.","robots":{"index":"index","follow":"follow","max-snippet":"max-snippet:-1","max-image-preview":"max-image-preview:large","max-video-preview":"max-video-preview:-1"},"canonical":"https:\/\/www.insardinia.ch\/it\/mutuo-per-non-residenti\/","og_locale":"it_IT","og_type":"article","og_title":"Come richiedere un mutuo dedicato agli stranieri in Italia - Insardinia","og_description":"Se sei residente all\u2019estero e vuoi acquistare casa in Sardegna puoi usufruire delle diverse soluzioni previste per il mutuo dedicato agli stranieri.","og_url":"https:\/\/www.insardinia.ch\/it\/mutuo-per-non-residenti\/","og_site_name":"InSardinia","article_modified_time":"2019-02-18T08:49:39+00:00","twitter_card":"summary_large_image","twitter_misc":{"Tempo di lettura stimato":"2 minuti"},"schema":{"@context":"https:\/\/schema.org","@graph":[{"@type":"WebPage","@id":"https:\/\/www.insardinia.ch\/it\/mutuo-per-non-residenti\/","url":"https:\/\/www.insardinia.ch\/it\/mutuo-per-non-residenti\/","name":"Come richiedere un mutuo dedicato agli stranieri in Italia - Insardinia","isPartOf":{"@id":"https:\/\/www.insardinia.ch\/en\/#website"},"datePublished":"2018-03-07T10:25:20+00:00","dateModified":"2019-02-18T08:49:39+00:00","description":"Se sei residente all\u2019estero e vuoi acquistare casa in Sardegna puoi usufruire delle diverse soluzioni previste per il mutuo dedicato agli stranieri.","breadcrumb":{"@id":"https:\/\/www.insardinia.ch\/it\/mutuo-per-non-residenti\/#breadcrumb"},"inLanguage":"it-IT","potentialAction":[{"@type":"ReadAction","target":["https:\/\/www.insardinia.ch\/it\/mutuo-per-non-residenti\/"]}]},{"@type":"BreadcrumbList","@id":"https:\/\/www.insardinia.ch\/it\/mutuo-per-non-residenti\/#breadcrumb","itemListElement":[{"@type":"ListItem","position":1,"name":"Home","item":"https:\/\/www.insardinia.ch\/it\/"},{"@type":"ListItem","position":2,"name":"Mutuo per non residenti"}]},{"@type":"WebSite","@id":"https:\/\/www.insardinia.ch\/en\/#website","url":"https:\/\/www.insardinia.ch\/en\/","name":"InSardinia","description":"","potentialAction":[{"@type":"SearchAction","target":{"@type":"EntryPoint","urlTemplate":"https:\/\/www.insardinia.ch\/en\/?s={search_term_string}"},"query-input":"required name=search_term_string"}],"inLanguage":"it-IT"}]}},"_links":{"self":[{"href":"https:\/\/www.insardinia.ch\/it\/wp-json\/wp\/v2\/pages\/2703"}],"collection":[{"href":"https:\/\/www.insardinia.ch\/it\/wp-json\/wp\/v2\/pages"}],"about":[{"href":"https:\/\/www.insardinia.ch\/it\/wp-json\/wp\/v2\/types\/page"}],"author":[{"embeddable":true,"href":"https:\/\/www.insardinia.ch\/it\/wp-json\/wp\/v2\/users\/1"}],"replies":[{"embeddable":true,"href":"https:\/\/www.insardinia.ch\/it\/wp-json\/wp\/v2\/comments?post=2703"}],"version-history":[{"count":0,"href":"https:\/\/www.insardinia.ch\/it\/wp-json\/wp\/v2\/pages\/2703\/revisions"}],"wp:attachment":[{"href":"https:\/\/www.insardinia.ch\/it\/wp-json\/wp\/v2\/media?parent=2703"}],"curies":[{"name":"wp","href":"https:\/\/api.w.org\/{rel}","templated":true}]}}