{"id":2697,"date":"2018-03-07T10:34:31","date_gmt":"2018-03-07T09:34:31","guid":{"rendered":"https:\/\/www.insardinia.ch\/?page_id=2697"},"modified":"2019-02-15T12:07:13","modified_gmt":"2019-02-15T11:07:13","slug":"un-network-di-professionisti-qualificati","status":"publish","type":"page","link":"https:\/\/www.insardinia.ch\/it\/un-network-di-professionisti-qualificati\/","title":{"rendered":"Un Network di Professionisti qualificati"},"content":{"rendered":"<p>[vc_row full_width=&#8221;stretch_row_content_no_spaces&#8221; css=&#8221;.vc_custom_1550228829598{margin-top: 100px !important;}&#8221;][vc_column][vc_column_text css=&#8221;.vc_custom_1550228758765{margin-bottom: 0px !important;}&#8221;]<\/p>\n<h1 style=\"text-align: center;\">Un network di professionisti qualificati<\/h1>\n<p>[\/vc_column_text][vc_separator color=&#8221;custom&#8221; border_width=&#8221;2&#8243; el_width=&#8221;40&#8243; accent_color=&#8221;#002d72&#8243; css=&#8221;.vc_custom_1548842401884{margin-top: 30px !important;margin-bottom: 30px !important;}&#8221;][vc_single_image image=&#8221;3610&#8243; img_size=&#8221;full&#8221; alignment=&#8221;center&#8221;][\/vc_column][\/vc_row][vc_row full_width=&#8221;stretch_row_content&#8221; css=&#8221;.vc_custom_1550166787751{margin-top: 100px !important;margin-bottom: 100px !important;}&#8221;][vc_column][vc_column_text]<\/p>\n<p style=\"text-align: center;\">Costruire un\u2019alleanza strategica fatta di agenzie immobiliari e professionisti del settore altamente qualificati \u00e8 una tappa indispensabile che va di pari passo con la nostra filosofia d\u2019impresa e che ha come scopo quello di distinguersi nel panorama immobiliare.<\/p>\n<p style=\"text-align: center;\">Una villa di lusso, un grazioso appartamento a bordo mare, nelle localit\u00e0 pi\u00f9 gettonate o nella Sardegna pi\u00f9 selvaggia \u00e8 indifferente se si \u00e8 in grado di dare valore a quello che si propone.<\/p>\n<p style=\"text-align: center;\">I nostri partner sono iscritti alla <a href=\"http:\/\/www.fiaip.it\/chi-siamo\/profilo\/cosa-e-la-fiaip\/\">Federazione Italiana agenti immobiliari professionali<\/a>\u00a0e alla <a href=\"http:\/\/www.fimaa.it\/scopri-fimaa.html\">Federazione Italiana Mediatori Agenti d\u2019Affari<\/a> vantando una comprovata esperienza nel settore immobiliare Sardo sinonimo di affidabilit\u00e0 ed esperienza.<\/p>\n<p>[\/vc_column_text][\/vc_column][\/vc_row][vc_row full_width=&#8221;stretch_row_content&#8221; css=&#8221;.vc_custom_1548843526622{padding-top: 80px !important;padding-bottom: 80px !important;background-image: url(https:\/\/www.insardinia.ch\/vendita\/wp-content\/uploads\/2019\/01\/sfondo-banner.jpg?id=7448) !important;background-position: center !important;background-repeat: no-repeat !important;background-size: cover !important;}&#8221;][vc_column][vc_column_text css=&#8221;.vc_custom_1550228253373{margin-bottom: 0px !important;}&#8221;]<\/p>\n<h1 style=\"text-align: center;\"><span style=\"color: #ffffff;\">Cosa aspetti?<\/span><\/h1>\n<p style=\"text-align: center;\"><span style=\"color: #ffffff;\">se stai pensando di acquistare casa in Sardegna inviaci una richiesta.<\/span><\/p>\n<p>[\/vc_column_text]<div style=\"clear:both; width:100%; height:50px\"><\/div>[vc_btn title=&#8221;CONTATTACI&#8221; shape=&#8221;square&#8221; color=&#8221;turquoise&#8221; size=&#8221;lg&#8221; align=&#8221;center&#8221; link=&#8221;url:%23|||rel:nofollow&#8221; el_class=&#8221;popmake-come-comprare&#8221; el_id=&#8221;pulsante-form&#8221;][\/vc_column][\/vc_row]<\/p>\n","protected":false},"excerpt":{"rendered":"<p>[vc_row full_width=&#8221;stretch_row_content_no_spaces&#8221; css=&#8221;.vc_custom_1550228829598{margin-top: 100px !important;}&#8221;][vc_column][vc_column_text css=&#8221;.vc_custom_1550228758765{margin-bottom: 0px !important;}&#8221;] Un network di professionisti qualificati [\/vc_column_text][vc_separator color=&#8221;custom&#8221; border_width=&#8221;2&#8243; el_width=&#8221;40&#8243; accent_color=&#8221;#002d72&#8243; css=&#8221;.vc_custom_1548842401884{margin-top: 30px !important;margin-bottom: 30px !important;}&#8221;][vc_single_image image=&#8221;3610&#8243; img_size=&#8221;full&#8221; alignment=&#8221;center&#8221;][\/vc_column][\/vc_row][vc_row full_width=&#8221;stretch_row_content&#8221; css=&#8221;.vc_custom_1550166787751{margin-top: 100px !important;margin-bottom: 100px !important;}&#8221;][vc_column][vc_column_text] Costruire un\u2019alleanza strategica fatta di agenzie immobiliari e professionisti del settore altamente qualificati \u00e8 una tappa indispensabile che va di pari passo con [&hellip;]<\/p>\n","protected":false},"author":1,"featured_media":0,"parent":0,"menu_order":0,"comment_status":"closed","ping_status":"closed","template":"template\/template-homepage.php","meta":{"_mi_skip_tracking":false,"_exactmetrics_sitenote_active":false,"_exactmetrics_sitenote_note":"","_exactmetrics_sitenote_category":0,"footnotes":""},"yoast_head":"<!-- This site is optimized with the Yoast SEO plugin v21.3 - https:\/\/yoast.com\/wordpress\/plugins\/seo\/ -->\n<title>Un Network di Professionisti qualificati - InSardinia<\/title>\n<meta name=\"description\" content=\"Agenzie immobiliari Sardegna esperti del mercato immobiliare Sardo, professionisti ass. FIAIP &amp; F.I.M.A.A. contattaci per far parte del gruppo Insardinia.ch\" \/>\n<meta name=\"robots\" content=\"index, follow, max-snippet:-1, max-image-preview:large, max-video-preview:-1\" \/>\n<link rel=\"canonical\" href=\"https:\/\/www.insardinia.ch\/it\/un-network-di-professionisti-qualificati\/\" \/>\n<meta property=\"og:locale\" content=\"it_IT\" \/>\n<meta property=\"og:type\" content=\"article\" \/>\n<meta property=\"og:title\" content=\"Un Network di Professionisti qualificati - InSardinia\" \/>\n<meta property=\"og:description\" content=\"Agenzie immobiliari Sardegna esperti del mercato immobiliare Sardo, professionisti ass. FIAIP &amp; F.I.M.A.A. contattaci per far parte del gruppo Insardinia.ch\" \/>\n<meta property=\"og:url\" content=\"https:\/\/www.insardinia.ch\/it\/un-network-di-professionisti-qualificati\/\" \/>\n<meta property=\"og:site_name\" content=\"InSardinia\" \/>\n<meta property=\"article:modified_time\" content=\"2019-02-15T11:07:13+00:00\" \/>\n<meta name=\"twitter:card\" content=\"summary_large_image\" \/>\n<meta name=\"twitter:label1\" content=\"Tempo di lettura stimato\" \/>\n\t<meta name=\"twitter:data1\" content=\"1 minuto\" \/>\n<script type=\"application\/ld+json\" class=\"yoast-schema-graph\">{\"@context\":\"https:\/\/schema.org\",\"@graph\":[{\"@type\":\"WebPage\",\"@id\":\"https:\/\/www.insardinia.ch\/it\/un-network-di-professionisti-qualificati\/\",\"url\":\"https:\/\/www.insardinia.ch\/it\/un-network-di-professionisti-qualificati\/\",\"name\":\"Un Network di Professionisti qualificati - InSardinia\",\"isPartOf\":{\"@id\":\"https:\/\/www.insardinia.ch\/en\/#website\"},\"datePublished\":\"2018-03-07T09:34:31+00:00\",\"dateModified\":\"2019-02-15T11:07:13+00:00\",\"description\":\"Agenzie immobiliari Sardegna esperti del mercato immobiliare Sardo, professionisti ass. FIAIP & F.I.M.A.A. contattaci per far parte del gruppo Insardinia.ch\",\"breadcrumb\":{\"@id\":\"https:\/\/www.insardinia.ch\/it\/un-network-di-professionisti-qualificati\/#breadcrumb\"},\"inLanguage\":\"it-IT\",\"potentialAction\":[{\"@type\":\"ReadAction\",\"target\":[\"https:\/\/www.insardinia.ch\/it\/un-network-di-professionisti-qualificati\/\"]}]},{\"@type\":\"BreadcrumbList\",\"@id\":\"https:\/\/www.insardinia.ch\/it\/un-network-di-professionisti-qualificati\/#breadcrumb\",\"itemListElement\":[{\"@type\":\"ListItem\",\"position\":1,\"name\":\"Home\",\"item\":\"https:\/\/www.insardinia.ch\/it\/\"},{\"@type\":\"ListItem\",\"position\":2,\"name\":\"Un Network di Professionisti qualificati\"}]},{\"@type\":\"WebSite\",\"@id\":\"https:\/\/www.insardinia.ch\/en\/#website\",\"url\":\"https:\/\/www.insardinia.ch\/en\/\",\"name\":\"InSardinia\",\"description\":\"\",\"potentialAction\":[{\"@type\":\"SearchAction\",\"target\":{\"@type\":\"EntryPoint\",\"urlTemplate\":\"https:\/\/www.insardinia.ch\/en\/?s={search_term_string}\"},\"query-input\":\"required name=search_term_string\"}],\"inLanguage\":\"it-IT\"}]}<\/script>\n<!-- \/ Yoast SEO plugin. -->","yoast_head_json":{"title":"Un Network di Professionisti qualificati - InSardinia","description":"Agenzie immobiliari Sardegna esperti del mercato immobiliare Sardo, professionisti ass. FIAIP & F.I.M.A.A. contattaci per far parte del gruppo Insardinia.ch","robots":{"index":"index","follow":"follow","max-snippet":"max-snippet:-1","max-image-preview":"max-image-preview:large","max-video-preview":"max-video-preview:-1"},"canonical":"https:\/\/www.insardinia.ch\/it\/un-network-di-professionisti-qualificati\/","og_locale":"it_IT","og_type":"article","og_title":"Un Network di Professionisti qualificati - InSardinia","og_description":"Agenzie immobiliari Sardegna esperti del mercato immobiliare Sardo, professionisti ass. FIAIP & F.I.M.A.A. contattaci per far parte del gruppo Insardinia.ch","og_url":"https:\/\/www.insardinia.ch\/it\/un-network-di-professionisti-qualificati\/","og_site_name":"InSardinia","article_modified_time":"2019-02-15T11:07:13+00:00","twitter_card":"summary_large_image","twitter_misc":{"Tempo di lettura stimato":"1 minuto"},"schema":{"@context":"https:\/\/schema.org","@graph":[{"@type":"WebPage","@id":"https:\/\/www.insardinia.ch\/it\/un-network-di-professionisti-qualificati\/","url":"https:\/\/www.insardinia.ch\/it\/un-network-di-professionisti-qualificati\/","name":"Un Network di Professionisti qualificati - InSardinia","isPartOf":{"@id":"https:\/\/www.insardinia.ch\/en\/#website"},"datePublished":"2018-03-07T09:34:31+00:00","dateModified":"2019-02-15T11:07:13+00:00","description":"Agenzie immobiliari Sardegna esperti del mercato immobiliare Sardo, professionisti ass. FIAIP & F.I.M.A.A. contattaci per far parte del gruppo Insardinia.ch","breadcrumb":{"@id":"https:\/\/www.insardinia.ch\/it\/un-network-di-professionisti-qualificati\/#breadcrumb"},"inLanguage":"it-IT","potentialAction":[{"@type":"ReadAction","target":["https:\/\/www.insardinia.ch\/it\/un-network-di-professionisti-qualificati\/"]}]},{"@type":"BreadcrumbList","@id":"https:\/\/www.insardinia.ch\/it\/un-network-di-professionisti-qualificati\/#breadcrumb","itemListElement":[{"@type":"ListItem","position":1,"name":"Home","item":"https:\/\/www.insardinia.ch\/it\/"},{"@type":"ListItem","position":2,"name":"Un Network di Professionisti qualificati"}]},{"@type":"WebSite","@id":"https:\/\/www.insardinia.ch\/en\/#website","url":"https:\/\/www.insardinia.ch\/en\/","name":"InSardinia","description":"","potentialAction":[{"@type":"SearchAction","target":{"@type":"EntryPoint","urlTemplate":"https:\/\/www.insardinia.ch\/en\/?s={search_term_string}"},"query-input":"required name=search_term_string"}],"inLanguage":"it-IT"}]}},"_links":{"self":[{"href":"https:\/\/www.insardinia.ch\/it\/wp-json\/wp\/v2\/pages\/2697"}],"collection":[{"href":"https:\/\/www.insardinia.ch\/it\/wp-json\/wp\/v2\/pages"}],"about":[{"href":"https:\/\/www.insardinia.ch\/it\/wp-json\/wp\/v2\/types\/page"}],"author":[{"embeddable":true,"href":"https:\/\/www.insardinia.ch\/it\/wp-json\/wp\/v2\/users\/1"}],"replies":[{"embeddable":true,"href":"https:\/\/www.insardinia.ch\/it\/wp-json\/wp\/v2\/comments?post=2697"}],"version-history":[{"count":0,"href":"https:\/\/www.insardinia.ch\/it\/wp-json\/wp\/v2\/pages\/2697\/revisions"}],"wp:attachment":[{"href":"https:\/\/www.insardinia.ch\/it\/wp-json\/wp\/v2\/media?parent=2697"}],"curies":[{"name":"wp","href":"https:\/\/api.w.org\/{rel}","templated":true}]}}