{"id":2592,"date":"2018-03-01T16:12:16","date_gmt":"2018-03-01T15:12:16","guid":{"rendered":"https:\/\/www.insardinia.ch\/?page_id=2592"},"modified":"2019-03-28T14:24:54","modified_gmt":"2019-03-28T13:24:54","slug":"scegliere-di-trasferirsi-in-sardegna","status":"publish","type":"page","link":"https:\/\/www.insardinia.ch\/it\/scegliere-di-trasferirsi-in-sardegna\/","title":{"rendered":"Scegliere di trasferirsi in Sardegna"},"content":{"rendered":"<p>[vc_row full_width=&#8221;stretch_row_content_no_spaces&#8221;][vc_column][vc_single_image image=&#8221;3944&#8243; img_size=&#8221;full&#8221; alignment=&#8221;center&#8221;][\/vc_column][\/vc_row][vc_row][vc_column][vc_column_text]Fare i bagagli e trasferirsi in Sardegna \u00e8 forse uno dei desideri pi\u00f9 condivisi dagli abitanti di tutta Europa. La facilit\u00e0 nel <a href=\"https:\/\/www.insardinia.ch\/it\/collegamenti-aerei\/\">raggiungere la Sardegna<\/a> dalla Svizzera e da ogni altra parte d\u2019Europa (e non solo) rappresenta uno dei motivi principali per cui il mercato immobiliare sardo si riscopre sempre cos\u00ec interessante.<\/p>\n<p>Le case in Sardegna rappresentano un ottimo investimento per chi vuole dedicarsi ad esperienze culturali e sociali con un popolo dall\u2019aria rude, ma dalla semplicit\u00e0 pura e dal cuore d\u2019oro.<\/p>\n<p>Inoltre ritirarsi in una terra dove il tempo scorre pi\u00f9 lento e l\u2019aria di vacanza \u00e8 sempre presente \u00e8 un toccasana per chiunque sia intenzionato a trascorrere la propria vita in tranquillit\u00e0.<\/p>\n<p><a href=\"\/?page_id=3130#centri-storici\">Le abitazioni poste nei borghi e nei piccoli paesi<\/a> consentono infine di godere di panorami meravigliosi sul mare della Sardegna. Senza rinunciare a giornate di pieno relax e divertimento.<\/p>\n<p>&nbsp;<\/p>\n<h2>I pensionati scelgono la Sardegna<\/h2>\n<p><a href=\"https:\/\/www.insardinia.ch\/it\/godersi-la-pensione-si-puo-se-si-sceglie-la-sardegna\/\">Trasferirsi in Sardegna da pensionati<\/a> conviene ed ha molti vantaggi. Vi siete innamorati di questa magnifica terra e volete passare in tranquillit\u00e0 la vostra pensione? Magari immersi in uno stile di vita pi\u00f9 rilassato rispetto a quello delle grandi citt\u00e0? Allora dovreste <a href=\"https:\/\/www.insardinia.ch\/it\/acquistare-casa-sardegna-mare-o-entroterra\/\">valutare di acquistare casa in Sardegna<\/a> ed andare a viverci.<\/p>\n<p>Nel caso invece non conosciate ancora la celebre isola italiana, tanto famosa da essere stata soprannominata \u201c<a href=\"https:\/\/www.insardinia.ch\/it\/pensionati-in-cerca-del-paradiso-tra-sardegnaportogallo-e-baleari\/\">i Caraibi del Mediterraneo<\/a>\u201d, vi consigliamo di dare un\u2019occhiata a qualche foto e <a href=\"https:\/\/www.youtube.com\/watch?v=D1kvvXoRL-k\" target=\"_blank\" rel=\"noopener noreferrer\">video online<\/a> per rimanere rapiti dal suo fascino e dalla naturalezza dei luoghi.<\/p>\n<p>Spiagge incantevoli dalle acque cristalline e distese di macchia mediterranea, paesaggi mozzafiato, boschi e montagne vi aspettano per una pensione da vivere.[\/vc_column_text][\/vc_column][\/vc_row][vc_row][vc_column][vc_single_image image=&#8221;3910&#8243; img_size=&#8221;full&#8221; alignment=&#8221;center&#8221;][\/vc_column][\/vc_row][vc_row][vc_column][vc_column_text]<\/p>\n<h3>Vicinanza alla Svizzera ed altre localit\u00e0 in Europa<\/h3>\n<p>La Sardegna \u00e8 un luogo incantevole dove passare in serenit\u00e0 la propria meritata pensione. La qualit\u00e0 della vita in questo luogo \u00e8 eccellente ed i costi sono molto contenuti. Per raggiungere la Sardegna dalla Svizzera o da altri Paesi europei i collegamenti sono frequenti e rapidi. Si pu\u00f2 optare per comodi viaggi in aereo o rilassanti spostamenti in traghetto.<\/p>\n<p>Dal punto di vista economico e fiscale l\u2019Italia garantisce in Sardegna costi molto contenuti. Il costo della vita in Sardegna pu\u00f2 arrivare fino al 50% in meno rispetto a quello in altre citt\u00e0 italiane. Molti paesini e piccoli borghi, splendidi per la loro storia e cultura, accolgono a braccia aperte i pensionati che decidono di godersi la vita in Sardegna .<\/p>\n<p>Il reddito di una pensione estera infatti \u00e8 largamente sufficiente per vivere appieno in Sardegna. Permette a qualsiasi pensionato di vivere nel benessere in una localit\u00e0 con un bel clima, spiagge meravigliose e prelibatezze culinarie. Ulteriore vantaggio \u00e8 sicuramente il conoscere gi\u00e0 la lingua italiana. Ci\u00f2 permetter\u00e0 di trovarsi maggiormente a proprio agio in mercati, negozietti e luoghi pubblici. Chi decide di trasferirsi in Sardegna \u00e8 consapevole dunque di trovare una situazione di vita nettamente migliore rispetto al proprio paese d\u2019origine, sia finanziariamente che dal punto di vista delle opportunit\u00e0.<\/p>\n<h3>Costi delle case in Sardegna e burocrazia<\/h3>\n<p>Trasferirsi in Sardegna \u00e8 conveniente anche sotto l\u2019aspetto economico dell\u2019acquisto di una casa. I costi delle case in Sardegna sono di gran lunga pi\u00f9 bassi rispetto a quelli del resto d\u2019Europa. Inoltre ritirarsi in una terra dove il tempo scorre pi\u00f9 lento e l\u2019aria di vacanza \u00e8 sempre presente \u00e8 un toccasana per chiunque sia intenzionato a <a href=\"https:\/\/www.insardinia.ch\/it\/godersi-la-pensione-si-puo-se-si-sceglie-la-sardegna\/\">trascorrere i propri anni di pensione<\/a> nella tranquillit\u00e0.<\/p>\n<p>In caso stiate valutando di abitare in Sardegna una volta in pensione, consigliamo sempre di considerare per tempo l\u2019iter burocratico per <a href=\"https:\/\/www.insardinia.ch\/it\/consulenza-immobiliare-sardegna-come-comprare\/#come-lavoriamo\">acquistare casa in Sardegna<\/a>, in modo da non trovarsi in difficolt\u00e0 con le leggi italiane e godersi appieno un\u2019esperienza che cambier\u00e0 totalmente la vostra vita.[\/vc_column_text][\/vc_column][\/vc_row]<\/p>\n","protected":false},"excerpt":{"rendered":"<p>[vc_row full_width=&#8221;stretch_row_content_no_spaces&#8221;][vc_column][vc_single_image image=&#8221;3944&#8243; img_size=&#8221;full&#8221; alignment=&#8221;center&#8221;][\/vc_column][\/vc_row][vc_row][vc_column][vc_column_text]Fare i bagagli e trasferirsi in Sardegna \u00e8 forse uno dei desideri pi\u00f9 condivisi dagli abitanti di tutta Europa. La facilit\u00e0 nel raggiungere la Sardegna dalla Svizzera e da ogni altra parte d\u2019Europa (e non solo) rappresenta uno dei motivi principali per cui il mercato immobiliare sardo si riscopre sempre cos\u00ec [&hellip;]<\/p>\n","protected":false},"author":1,"featured_media":0,"parent":0,"menu_order":0,"comment_status":"closed","ping_status":"closed","template":"template\/template-page.php","meta":{"_mi_skip_tracking":false,"_exactmetrics_sitenote_active":false,"_exactmetrics_sitenote_note":"","_exactmetrics_sitenote_category":0,"footnotes":""},"yoast_head":"<!-- This site is optimized with the Yoast SEO plugin v21.3 - https:\/\/yoast.com\/wordpress\/plugins\/seo\/ -->\n<title>Scegliere di trasferirsi in Sardegna: come fare? - Insardinia<\/title>\n<meta name=\"description\" content=\"Fare i bagagli e trasferirsi in Sardegna \u00e8 forse uno dei desideri pi\u00f9 condivisi dagli abitanti di tutta Europa... corona il tuo sogno!\" \/>\n<meta name=\"robots\" content=\"index, follow, max-snippet:-1, max-image-preview:large, max-video-preview:-1\" \/>\n<link rel=\"canonical\" href=\"https:\/\/www.insardinia.ch\/it\/scegliere-di-trasferirsi-in-sardegna\/\" \/>\n<meta property=\"og:locale\" content=\"it_IT\" \/>\n<meta property=\"og:type\" content=\"article\" \/>\n<meta property=\"og:title\" content=\"Scegliere di trasferirsi in Sardegna: come fare? - Insardinia\" \/>\n<meta property=\"og:description\" content=\"Fare i bagagli e trasferirsi in Sardegna \u00e8 forse uno dei desideri pi\u00f9 condivisi dagli abitanti di tutta Europa... corona il tuo sogno!\" \/>\n<meta property=\"og:url\" content=\"https:\/\/www.insardinia.ch\/it\/scegliere-di-trasferirsi-in-sardegna\/\" \/>\n<meta property=\"og:site_name\" content=\"InSardinia\" \/>\n<meta property=\"article:modified_time\" content=\"2019-03-28T13:24:54+00:00\" \/>\n<meta name=\"twitter:card\" content=\"summary_large_image\" \/>\n<meta name=\"twitter:label1\" content=\"Tempo di lettura stimato\" \/>\n\t<meta name=\"twitter:data1\" content=\"3 minuti\" \/>\n<script type=\"application\/ld+json\" class=\"yoast-schema-graph\">{\"@context\":\"https:\/\/schema.org\",\"@graph\":[{\"@type\":\"WebPage\",\"@id\":\"https:\/\/www.insardinia.ch\/it\/scegliere-di-trasferirsi-in-sardegna\/\",\"url\":\"https:\/\/www.insardinia.ch\/it\/scegliere-di-trasferirsi-in-sardegna\/\",\"name\":\"Scegliere di trasferirsi in Sardegna: come fare? - Insardinia\",\"isPartOf\":{\"@id\":\"https:\/\/www.insardinia.ch\/en\/#website\"},\"datePublished\":\"2018-03-01T15:12:16+00:00\",\"dateModified\":\"2019-03-28T13:24:54+00:00\",\"description\":\"Fare i bagagli e trasferirsi in Sardegna \u00e8 forse uno dei desideri pi\u00f9 condivisi dagli abitanti di tutta Europa... corona il tuo sogno!\",\"breadcrumb\":{\"@id\":\"https:\/\/www.insardinia.ch\/it\/scegliere-di-trasferirsi-in-sardegna\/#breadcrumb\"},\"inLanguage\":\"it-IT\",\"potentialAction\":[{\"@type\":\"ReadAction\",\"target\":[\"https:\/\/www.insardinia.ch\/it\/scegliere-di-trasferirsi-in-sardegna\/\"]}]},{\"@type\":\"BreadcrumbList\",\"@id\":\"https:\/\/www.insardinia.ch\/it\/scegliere-di-trasferirsi-in-sardegna\/#breadcrumb\",\"itemListElement\":[{\"@type\":\"ListItem\",\"position\":1,\"name\":\"Home\",\"item\":\"https:\/\/www.insardinia.ch\/it\/\"},{\"@type\":\"ListItem\",\"position\":2,\"name\":\"Scegliere di trasferirsi in Sardegna\"}]},{\"@type\":\"WebSite\",\"@id\":\"https:\/\/www.insardinia.ch\/en\/#website\",\"url\":\"https:\/\/www.insardinia.ch\/en\/\",\"name\":\"InSardinia\",\"description\":\"\",\"potentialAction\":[{\"@type\":\"SearchAction\",\"target\":{\"@type\":\"EntryPoint\",\"urlTemplate\":\"https:\/\/www.insardinia.ch\/en\/?s={search_term_string}\"},\"query-input\":\"required name=search_term_string\"}],\"inLanguage\":\"it-IT\"}]}<\/script>\n<!-- \/ Yoast SEO plugin. -->","yoast_head_json":{"title":"Scegliere di trasferirsi in Sardegna: come fare? - Insardinia","description":"Fare i bagagli e trasferirsi in Sardegna \u00e8 forse uno dei desideri pi\u00f9 condivisi dagli abitanti di tutta Europa... corona il tuo sogno!","robots":{"index":"index","follow":"follow","max-snippet":"max-snippet:-1","max-image-preview":"max-image-preview:large","max-video-preview":"max-video-preview:-1"},"canonical":"https:\/\/www.insardinia.ch\/it\/scegliere-di-trasferirsi-in-sardegna\/","og_locale":"it_IT","og_type":"article","og_title":"Scegliere di trasferirsi in Sardegna: come fare? - Insardinia","og_description":"Fare i bagagli e trasferirsi in Sardegna \u00e8 forse uno dei desideri pi\u00f9 condivisi dagli abitanti di tutta Europa... corona il tuo sogno!","og_url":"https:\/\/www.insardinia.ch\/it\/scegliere-di-trasferirsi-in-sardegna\/","og_site_name":"InSardinia","article_modified_time":"2019-03-28T13:24:54+00:00","twitter_card":"summary_large_image","twitter_misc":{"Tempo di lettura stimato":"3 minuti"},"schema":{"@context":"https:\/\/schema.org","@graph":[{"@type":"WebPage","@id":"https:\/\/www.insardinia.ch\/it\/scegliere-di-trasferirsi-in-sardegna\/","url":"https:\/\/www.insardinia.ch\/it\/scegliere-di-trasferirsi-in-sardegna\/","name":"Scegliere di trasferirsi in Sardegna: come fare? - Insardinia","isPartOf":{"@id":"https:\/\/www.insardinia.ch\/en\/#website"},"datePublished":"2018-03-01T15:12:16+00:00","dateModified":"2019-03-28T13:24:54+00:00","description":"Fare i bagagli e trasferirsi in Sardegna \u00e8 forse uno dei desideri pi\u00f9 condivisi dagli abitanti di tutta Europa... corona il tuo sogno!","breadcrumb":{"@id":"https:\/\/www.insardinia.ch\/it\/scegliere-di-trasferirsi-in-sardegna\/#breadcrumb"},"inLanguage":"it-IT","potentialAction":[{"@type":"ReadAction","target":["https:\/\/www.insardinia.ch\/it\/scegliere-di-trasferirsi-in-sardegna\/"]}]},{"@type":"BreadcrumbList","@id":"https:\/\/www.insardinia.ch\/it\/scegliere-di-trasferirsi-in-sardegna\/#breadcrumb","itemListElement":[{"@type":"ListItem","position":1,"name":"Home","item":"https:\/\/www.insardinia.ch\/it\/"},{"@type":"ListItem","position":2,"name":"Scegliere di trasferirsi in Sardegna"}]},{"@type":"WebSite","@id":"https:\/\/www.insardinia.ch\/en\/#website","url":"https:\/\/www.insardinia.ch\/en\/","name":"InSardinia","description":"","potentialAction":[{"@type":"SearchAction","target":{"@type":"EntryPoint","urlTemplate":"https:\/\/www.insardinia.ch\/en\/?s={search_term_string}"},"query-input":"required name=search_term_string"}],"inLanguage":"it-IT"}]}},"_links":{"self":[{"href":"https:\/\/www.insardinia.ch\/it\/wp-json\/wp\/v2\/pages\/2592"}],"collection":[{"href":"https:\/\/www.insardinia.ch\/it\/wp-json\/wp\/v2\/pages"}],"about":[{"href":"https:\/\/www.insardinia.ch\/it\/wp-json\/wp\/v2\/types\/page"}],"author":[{"embeddable":true,"href":"https:\/\/www.insardinia.ch\/it\/wp-json\/wp\/v2\/users\/1"}],"replies":[{"embeddable":true,"href":"https:\/\/www.insardinia.ch\/it\/wp-json\/wp\/v2\/comments?post=2592"}],"version-history":[{"count":0,"href":"https:\/\/www.insardinia.ch\/it\/wp-json\/wp\/v2\/pages\/2592\/revisions"}],"wp:attachment":[{"href":"https:\/\/www.insardinia.ch\/it\/wp-json\/wp\/v2\/media?parent=2592"}],"curies":[{"name":"wp","href":"https:\/\/api.w.org\/{rel}","templated":true}]}}