{"id":2589,"date":"2018-03-01T16:10:40","date_gmt":"2018-03-01T15:10:40","guid":{"rendered":"https:\/\/www.insardinia.ch\/?page_id=2589"},"modified":"2019-02-18T10:10:20","modified_gmt":"2019-02-18T09:10:20","slug":"trend-del-mercato-turistico-immobiliare-in-sardegna","status":"publish","type":"page","link":"https:\/\/www.insardinia.ch\/it\/trend-del-mercato-turistico-immobiliare-in-sardegna\/","title":{"rendered":"Trend del mercato turistico immobiliare in Sardegna"},"content":{"rendered":"<p>[vc_row full_width=&#8221;stretch_row_content_no_spaces&#8221;][vc_column][vc_single_image image=&#8221;3048&#8243; img_size=&#8221;full&#8221; alignment=&#8221;center&#8221;][\/vc_column][\/vc_row][vc_row][vc_column][vc_column_text]Il trend del mercato turistico immobiliare in Sardegna non ha sub\u00ecto particolari flessioni negli ultimi anni, nonostante la crisi economica che ha colpito l\u2019Italia. Questo perch\u00e9 il turismo sull\u2019isola continua ad essere in crescita. La domanda costante per determinate zone consente di poter <a href=\"https:\/\/www.insardinia.ch\/it\/acquistare-casa-sardegna-mare-o-entroterra\/\">acquistare casa in Sardegna<\/a> con tranquillit\u00e0, sapendo di riuscire ad ammortizzare rapidamente le spese.<\/p>\n<p>La domanda d\u2019acquisto, peraltro, arriva in particolare da mercati esteri dove il potere d\u2019acquisto non \u00e8 stato intaccato dagli scossoni finanziari dell\u2019ultimo periodo. Ci\u00f2 permette una compravendita in Sardegna in grado di riservare piacevoli margini di guadagno per chiunque <a href=\"https:\/\/www.insardinia.ch\/it\/perche-investire-in-sardegna\/\">voglia investire in questo mercato<\/a>. E anche per chi sceglie semplicemente di <a href=\"https:\/\/www.insardinia.ch\/it\/perche-abitare-in-sardegna\/\">abitarci<\/a>: l\u2019isola \u00e8 infatti viva di turisti con cui potrete legare e condividere esperienze ed il trend di mercato \u00e8 molto attivo e in costante crescita.<\/p>\n<p>&nbsp;<\/p>\n<h3>Sfruttare trend del mercato turistico immobiliare in Sardegna<\/h3>\n<p>Per riuscire a \u201cguadagnare \u201ccon una casa in Sardegna e sfruttare cos\u00ec il mercato turistico immobiliare, bisogna riuscire a trovare la casa giusta e posizionata in un punto strategico dell\u2019isola. Se si vuole <a href=\"https:\/\/www.insardinia.ch\/it\/consigli-e-guida-acquisto-casa-in-sardegna\/\">comprare casa in Sardegna<\/a> per avere un affitto sicuro come entrata fissa mensile \u00e8 necessario capire quali luoghi amano i turisti. In linea di massima nell\u2019ultimo periodo il turismo in Sardegna si sta spostando verso le zone pi\u00f9 interne dell\u2019isola. Questo perch\u00e9 il Decreto Salvacoste ha vietato la costruzione nel raggio di 2 km dalla battigia.<\/p>\n<p>Le case in zone meno conosciute e pi\u00f9 vicine all\u2019entroterra sono cos\u00ec rese perfette per un <a href=\"https:\/\/www.insardinia.ch\/it\/perche-investire-in-sardegna\/\">investimento nel mercato turistico immobiliare in Sardegna<\/a>. Oltre che per la tranquillit\u00e0 offerta da questi luoghi i turisti saranno infatti attratti dalla genuinit\u00e0 della popolazione e dalla stessa ruralit\u00e0 dei borghi. Inoltre queste localit\u00e0 stanno per subire un\u2019importante rivalutazione, motivo per cui l\u2019investimento per acquisto di una casa in Sardegna si rivelerebbe in pochissimo tempo recuperato. Se si desidera acquistare un immobile in Sardegna per poterlo locare a terzi, dunque, si riuscir\u00e0 ad ammortizzare la spesa in breve tempo traendone anche un buon guadagno.[\/vc_column_text][\/vc_column][\/vc_row][vc_row][vc_column][vc_single_image image=&#8221;3912&#8243; img_size=&#8221;full&#8221; alignment=&#8221;center&#8221;][\/vc_column][\/vc_row][vc_row][vc_column][vc_column_text]<\/p>\n<h3>Prezzi d&#8217;acquisto delle case in Sardegna adatti a tutte le tasche<\/h3>\n<p>Come dicevamo, <a href=\"\/?page_id=3130#centri-storici\">i piccoli borghi e le cittadine dell\u2019entroterra<\/a> stanno per vedere un\u2019impennata di domande d\u2019affitto. Le richieste d\u2019acquisto per una casa in Sardegna sono rivolte a questi piccoli centri sia per il prezzo alla portata di ogni tasca, sia per l\u2019ottima posizione sull\u2019isola. In base alla provincia i prezzi al metro quadro subiscono variazioni: si va da poco meno di 1000 \u20ac\/m2 per Medio Campidano fino ad un massimo di 3000 \u20ac\/m2 circa per Olbia Tempio.<\/p>\n<p>La vacanza che potrete offrire se deciderete di affittare una casa in Sardegna in un piccolo borgo sar\u00e0 rilassante e lontana dal caos cittadino. Un piccolo pezzo di paradiso dove potersi godere le spiagge bianche dalle acque cristalline e le aspre montagne con boschi e macchia mediterranea. Oltre al <a href=\"https:\/\/www.insardinia.ch\/it\/benefici-di-comprare-casa-in-sardegna\/#quanto-costa\">prezzo d\u2019acquisto conveniente<\/a> potrete poi sfruttare come plus della vostra casa in Sardegna la vicinanza a punti di interesse storico e naturalistico, negozi e locali per la vita notturna o spazi dedicati alle attivit\u00e0 di gioco ed esperienze sportive per bambini.[\/vc_column_text][\/vc_column][\/vc_row]<\/p>\n","protected":false},"excerpt":{"rendered":"<p>[vc_row full_width=&#8221;stretch_row_content_no_spaces&#8221;][vc_column][vc_single_image image=&#8221;3048&#8243; img_size=&#8221;full&#8221; alignment=&#8221;center&#8221;][\/vc_column][\/vc_row][vc_row][vc_column][vc_column_text]Il trend del mercato turistico immobiliare in Sardegna non ha sub\u00ecto particolari flessioni negli ultimi anni, nonostante la crisi economica che ha colpito l\u2019Italia. Questo perch\u00e9 il turismo sull\u2019isola continua ad essere in crescita. La domanda costante per determinate zone consente di poter acquistare casa in Sardegna con tranquillit\u00e0, sapendo di [&hellip;]<\/p>\n","protected":false},"author":1,"featured_media":0,"parent":0,"menu_order":0,"comment_status":"closed","ping_status":"closed","template":"template\/template-page.php","meta":{"_mi_skip_tracking":false,"_exactmetrics_sitenote_active":false,"_exactmetrics_sitenote_note":"","_exactmetrics_sitenote_category":0,"footnotes":""},"yoast_head":"<!-- This site is optimized with the Yoast SEO plugin v21.3 - https:\/\/yoast.com\/wordpress\/plugins\/seo\/ -->\n<title>Trend del mercato turistico immobiliare in Sardegna - Insardinia<\/title>\n<meta name=\"description\" content=\"Il trend del mercato immobiliare in Sardegna non ha sub\u00ecto particolari flessioni negli ultimi anni, nonostante la crisi economica che ha colpito l\u2019Italia.\" \/>\n<meta name=\"robots\" content=\"index, follow, max-snippet:-1, max-image-preview:large, max-video-preview:-1\" \/>\n<link rel=\"canonical\" href=\"https:\/\/www.insardinia.ch\/it\/trend-del-mercato-turistico-immobiliare-in-sardegna\/\" \/>\n<meta property=\"og:locale\" content=\"it_IT\" \/>\n<meta property=\"og:type\" content=\"article\" \/>\n<meta property=\"og:title\" content=\"Trend del mercato turistico immobiliare in Sardegna - Insardinia\" \/>\n<meta property=\"og:description\" content=\"Il trend del mercato immobiliare in Sardegna non ha sub\u00ecto particolari flessioni negli ultimi anni, nonostante la crisi economica che ha colpito l\u2019Italia.\" \/>\n<meta property=\"og:url\" content=\"https:\/\/www.insardinia.ch\/it\/trend-del-mercato-turistico-immobiliare-in-sardegna\/\" \/>\n<meta property=\"og:site_name\" content=\"InSardinia\" \/>\n<meta property=\"article:modified_time\" content=\"2019-02-18T09:10:20+00:00\" \/>\n<meta name=\"twitter:card\" content=\"summary_large_image\" \/>\n<meta name=\"twitter:label1\" content=\"Tempo di lettura stimato\" \/>\n\t<meta name=\"twitter:data1\" content=\"3 minuti\" \/>\n<script type=\"application\/ld+json\" class=\"yoast-schema-graph\">{\"@context\":\"https:\/\/schema.org\",\"@graph\":[{\"@type\":\"WebPage\",\"@id\":\"https:\/\/www.insardinia.ch\/it\/trend-del-mercato-turistico-immobiliare-in-sardegna\/\",\"url\":\"https:\/\/www.insardinia.ch\/it\/trend-del-mercato-turistico-immobiliare-in-sardegna\/\",\"name\":\"Trend del mercato turistico immobiliare in Sardegna - Insardinia\",\"isPartOf\":{\"@id\":\"https:\/\/www.insardinia.ch\/en\/#website\"},\"datePublished\":\"2018-03-01T15:10:40+00:00\",\"dateModified\":\"2019-02-18T09:10:20+00:00\",\"description\":\"Il trend del mercato immobiliare in Sardegna non ha sub\u00ecto particolari flessioni negli ultimi anni, nonostante la crisi economica che ha colpito l\u2019Italia.\",\"breadcrumb\":{\"@id\":\"https:\/\/www.insardinia.ch\/it\/trend-del-mercato-turistico-immobiliare-in-sardegna\/#breadcrumb\"},\"inLanguage\":\"it-IT\",\"potentialAction\":[{\"@type\":\"ReadAction\",\"target\":[\"https:\/\/www.insardinia.ch\/it\/trend-del-mercato-turistico-immobiliare-in-sardegna\/\"]}]},{\"@type\":\"BreadcrumbList\",\"@id\":\"https:\/\/www.insardinia.ch\/it\/trend-del-mercato-turistico-immobiliare-in-sardegna\/#breadcrumb\",\"itemListElement\":[{\"@type\":\"ListItem\",\"position\":1,\"name\":\"Home\",\"item\":\"https:\/\/www.insardinia.ch\/it\/\"},{\"@type\":\"ListItem\",\"position\":2,\"name\":\"Trend del mercato turistico immobiliare in Sardegna\"}]},{\"@type\":\"WebSite\",\"@id\":\"https:\/\/www.insardinia.ch\/en\/#website\",\"url\":\"https:\/\/www.insardinia.ch\/en\/\",\"name\":\"InSardinia\",\"description\":\"\",\"potentialAction\":[{\"@type\":\"SearchAction\",\"target\":{\"@type\":\"EntryPoint\",\"urlTemplate\":\"https:\/\/www.insardinia.ch\/en\/?s={search_term_string}\"},\"query-input\":\"required name=search_term_string\"}],\"inLanguage\":\"it-IT\"}]}<\/script>\n<!-- \/ Yoast SEO plugin. -->","yoast_head_json":{"title":"Trend del mercato turistico immobiliare in Sardegna - Insardinia","description":"Il trend del mercato immobiliare in Sardegna non ha sub\u00ecto particolari flessioni negli ultimi anni, nonostante la crisi economica che ha colpito l\u2019Italia.","robots":{"index":"index","follow":"follow","max-snippet":"max-snippet:-1","max-image-preview":"max-image-preview:large","max-video-preview":"max-video-preview:-1"},"canonical":"https:\/\/www.insardinia.ch\/it\/trend-del-mercato-turistico-immobiliare-in-sardegna\/","og_locale":"it_IT","og_type":"article","og_title":"Trend del mercato turistico immobiliare in Sardegna - Insardinia","og_description":"Il trend del mercato immobiliare in Sardegna non ha sub\u00ecto particolari flessioni negli ultimi anni, nonostante la crisi economica che ha colpito l\u2019Italia.","og_url":"https:\/\/www.insardinia.ch\/it\/trend-del-mercato-turistico-immobiliare-in-sardegna\/","og_site_name":"InSardinia","article_modified_time":"2019-02-18T09:10:20+00:00","twitter_card":"summary_large_image","twitter_misc":{"Tempo di lettura stimato":"3 minuti"},"schema":{"@context":"https:\/\/schema.org","@graph":[{"@type":"WebPage","@id":"https:\/\/www.insardinia.ch\/it\/trend-del-mercato-turistico-immobiliare-in-sardegna\/","url":"https:\/\/www.insardinia.ch\/it\/trend-del-mercato-turistico-immobiliare-in-sardegna\/","name":"Trend del mercato turistico immobiliare in Sardegna - Insardinia","isPartOf":{"@id":"https:\/\/www.insardinia.ch\/en\/#website"},"datePublished":"2018-03-01T15:10:40+00:00","dateModified":"2019-02-18T09:10:20+00:00","description":"Il trend del mercato immobiliare in Sardegna non ha sub\u00ecto particolari flessioni negli ultimi anni, nonostante la crisi economica che ha colpito l\u2019Italia.","breadcrumb":{"@id":"https:\/\/www.insardinia.ch\/it\/trend-del-mercato-turistico-immobiliare-in-sardegna\/#breadcrumb"},"inLanguage":"it-IT","potentialAction":[{"@type":"ReadAction","target":["https:\/\/www.insardinia.ch\/it\/trend-del-mercato-turistico-immobiliare-in-sardegna\/"]}]},{"@type":"BreadcrumbList","@id":"https:\/\/www.insardinia.ch\/it\/trend-del-mercato-turistico-immobiliare-in-sardegna\/#breadcrumb","itemListElement":[{"@type":"ListItem","position":1,"name":"Home","item":"https:\/\/www.insardinia.ch\/it\/"},{"@type":"ListItem","position":2,"name":"Trend del mercato turistico immobiliare in Sardegna"}]},{"@type":"WebSite","@id":"https:\/\/www.insardinia.ch\/en\/#website","url":"https:\/\/www.insardinia.ch\/en\/","name":"InSardinia","description":"","potentialAction":[{"@type":"SearchAction","target":{"@type":"EntryPoint","urlTemplate":"https:\/\/www.insardinia.ch\/en\/?s={search_term_string}"},"query-input":"required name=search_term_string"}],"inLanguage":"it-IT"}]}},"_links":{"self":[{"href":"https:\/\/www.insardinia.ch\/it\/wp-json\/wp\/v2\/pages\/2589"}],"collection":[{"href":"https:\/\/www.insardinia.ch\/it\/wp-json\/wp\/v2\/pages"}],"about":[{"href":"https:\/\/www.insardinia.ch\/it\/wp-json\/wp\/v2\/types\/page"}],"author":[{"embeddable":true,"href":"https:\/\/www.insardinia.ch\/it\/wp-json\/wp\/v2\/users\/1"}],"replies":[{"embeddable":true,"href":"https:\/\/www.insardinia.ch\/it\/wp-json\/wp\/v2\/comments?post=2589"}],"version-history":[{"count":0,"href":"https:\/\/www.insardinia.ch\/it\/wp-json\/wp\/v2\/pages\/2589\/revisions"}],"wp:attachment":[{"href":"https:\/\/www.insardinia.ch\/it\/wp-json\/wp\/v2\/media?parent=2589"}],"curies":[{"name":"wp","href":"https:\/\/api.w.org\/{rel}","templated":true}]}}