{"id":2587,"date":"2018-03-01T16:09:22","date_gmt":"2018-03-01T15:09:22","guid":{"rendered":"https:\/\/www.insardinia.ch\/?page_id=2587"},"modified":"2018-05-10T15:05:57","modified_gmt":"2018-05-10T13:05:57","slug":"perche-investire-in-sardegna","status":"publish","type":"page","link":"https:\/\/www.insardinia.ch\/it\/perche-investire-in-sardegna\/","title":{"rendered":"Perch\u00e9 investire in Sardegna"},"content":{"rendered":"<p>[vc_row full_width=&#8221;stretch_row_content_no_spaces&#8221;][vc_column][vc_single_image image=&#8221;3030&#8243; img_size=&#8221;full&#8221; alignment=&#8221;center&#8221;][\/vc_column][\/vc_row][vc_row][vc_column][vc_column_text]<strong>Investire<\/strong> <strong>in<\/strong> <strong>Sardegna<\/strong> pu\u00f2 essere molto proficuo, soprattutto in questo periodo storico. Il mercato immobiliare infatti \u00e8 molto favorevole al momento e <strong>la<\/strong> <strong>domanda<\/strong> <strong>turistica<\/strong> <strong>\u00e8<\/strong> <strong>in netta<\/strong> <strong>crescita<\/strong>. Grazie al Decreto Salvacoste sono stati rivalutati dai turisti molti borghi e piccoli centri nell&#8217;entroterra.<br \/>\nQui <strong>il<\/strong> <strong>costo<\/strong> <strong>delle<\/strong> <strong>case<\/strong> <strong>\u00e8<\/strong> <strong>ancora<\/strong> <strong>relativamente<\/strong> <strong>basso<\/strong> e la domanda sta cominciando ad avere un&#8217;impennata.<br \/>\nDecidere di <strong>investire<\/strong> <strong>in<\/strong> <strong>Sardegna<\/strong> oggi \u00e8 quindi una mossa molto intelligente ed \u00e8 importante cercare di sfruttare questo momento cos\u00ec positivo.<\/p>\n<p>[\/vc_column_text][\/vc_column][\/vc_row][vc_row][vc_column][vc_single_image image=&#8221;3902&#8243; img_size=&#8221;full&#8221; alignment=&#8221;center&#8221;][\/vc_column][\/vc_row][vc_row][vc_column][vc_column_text]<\/p>\n<h3><strong>Investire<\/strong> <strong>in<\/strong> <strong>Sardegna<\/strong> <strong>comprando<\/strong> <strong>una<\/strong> <strong>casa<\/strong> <strong>o<\/strong> <strong>una<\/strong> <strong>villa<\/strong><\/h3>\n<p>Un <strong>investimento<\/strong> <strong>concreto<\/strong> <strong>e<\/strong> <strong>duraturo<\/strong> nel tempo quello che potete fare con l&#8217;<strong>acquisto<\/strong> <strong>di una<\/strong> <strong>casa<\/strong> <strong>in<\/strong> <strong>Sardegna<\/strong>. Il turista medio infatti oggi ricerca zone meno esplorate e tenta di conoscere maggiormente la cultura e la tradizione di un popolo ancora legato alla semplicit\u00e0 delle proprie origini.<br \/>\nUn vero affare per chi vuole <strong>investire<\/strong> <strong>in<\/strong> <strong>Sardegna<\/strong>! Sar\u00e0 possibile infatti recuperare rapidamente la spesa iniziale con un <strong>canone<\/strong> <strong>di<\/strong> <strong>locazione<\/strong> <strong>sicuro<\/strong> e non soggetto a flessioni finanziarie.<\/p>\n<p><strong>L&#8217;investimento<\/strong> <strong>per<\/strong> <strong>l&#8217;acquisto<\/strong> <strong>di<\/strong> <strong>una<\/strong> <strong>casa<\/strong> o una <strong>villa<\/strong> <strong>in<\/strong> <strong>Sardegna<\/strong> dovr\u00e0 chiaramente essere accompagnato da professionisti del settore in grado di indirizzarvi verso la localit\u00e0 e l&#8217;opzione pi\u00f9 remunerativa per il vostro budget. Sia l&#8217;affitto di una casa che la rivendita possono generare guadagni interessanti.<br \/>\nQuesto perch\u00e9 l&#8217;<strong>incremento<\/strong> <strong>del<\/strong> <strong>valore<\/strong> <strong>delle<\/strong> <strong>case in<\/strong> <strong>Sardegna<\/strong> \u00e8 atteso per i prossimi anni. Tanto pi\u00f9 se l&#8217;abitazione \u00e8 posta in luoghi di interesse turistico e culturale.<\/p>\n<p>La vicinanza alle <strong>celebri<\/strong> <strong>spiagge<\/strong> <strong>bianche<\/strong> <strong>dalle<\/strong> <strong>acque<\/strong> <strong>cristalline<\/strong> non \u00e8 l&#8217;unica prospettiva. La Sardegna infatti offre un perfetto connubio tra i paesaggi offerti agli amanti del mare e quelli della montagna, grazie ad un <strong>entroterra<\/strong> <strong>pieno<\/strong> <strong>di<\/strong> <strong>scorci,<\/strong> <strong>boschi<\/strong> <strong>e<\/strong> <strong>vallate<\/strong> <strong>dal grande<\/strong> <strong>fascino<\/strong>.<br \/>\nInoltre i siti storici sono numerosissimi.<\/p>\n<p><strong>L&#8217;antica<\/strong> <strong>cultura<\/strong> <strong>della<\/strong> <strong>Sardegna<\/strong> \u00e8 rimasta viva sia nella popolazione che nei <strong>luoghi d&#8217;interesse<\/strong> <strong>storico<\/strong>, andando a valorizzare fortemente il <strong>mercato<\/strong> <strong>immobiliare<\/strong> <strong>sardo<\/strong>.[\/vc_column_text][\/vc_column][\/vc_row]<\/p>\n","protected":false},"excerpt":{"rendered":"<p>[vc_row full_width=&#8221;stretch_row_content_no_spaces&#8221;][vc_column][vc_single_image image=&#8221;3030&#8243; img_size=&#8221;full&#8221; alignment=&#8221;center&#8221;][\/vc_column][\/vc_row][vc_row][vc_column][vc_column_text]Investire in Sardegna pu\u00f2 essere molto proficuo, soprattutto in questo periodo storico. Il mercato immobiliare infatti \u00e8 molto favorevole al momento e la domanda turistica \u00e8 in netta crescita. Grazie al Decreto Salvacoste sono stati rivalutati dai turisti molti borghi e piccoli centri nell&#8217;entroterra. Qui il costo delle case \u00e8 ancora [&hellip;]<\/p>\n","protected":false},"author":1,"featured_media":0,"parent":0,"menu_order":0,"comment_status":"closed","ping_status":"closed","template":"template\/template-page.php","meta":{"_mi_skip_tracking":false,"_exactmetrics_sitenote_active":false,"_exactmetrics_sitenote_note":"","_exactmetrics_sitenote_category":0,"footnotes":""},"yoast_head":"<!-- This site is optimized with the Yoast SEO plugin v21.3 - https:\/\/yoast.com\/wordpress\/plugins\/seo\/ -->\n<title>Perch\u00e9 investire in Sardegna nel mercato immobiliare? - Insardinia<\/title>\n<meta name=\"description\" content=\"Decidere di investire in Sardegna oggi \u00e8 una mossa molto intelligente ed \u00e8 importante cercare di sfruttare questo momento cos\u00ec positivo.\" \/>\n<meta name=\"robots\" content=\"index, follow, max-snippet:-1, max-image-preview:large, max-video-preview:-1\" \/>\n<link rel=\"canonical\" href=\"https:\/\/www.insardinia.ch\/it\/perche-investire-in-sardegna\/\" \/>\n<meta property=\"og:locale\" content=\"it_IT\" \/>\n<meta property=\"og:type\" content=\"article\" \/>\n<meta property=\"og:title\" content=\"Perch\u00e9 investire in Sardegna nel mercato immobiliare? - Insardinia\" \/>\n<meta property=\"og:description\" content=\"Decidere di investire in Sardegna oggi \u00e8 una mossa molto intelligente ed \u00e8 importante cercare di sfruttare questo momento cos\u00ec positivo.\" \/>\n<meta property=\"og:url\" content=\"https:\/\/www.insardinia.ch\/it\/perche-investire-in-sardegna\/\" \/>\n<meta property=\"og:site_name\" content=\"InSardinia\" \/>\n<meta property=\"article:modified_time\" content=\"2018-05-10T13:05:57+00:00\" \/>\n<meta name=\"twitter:card\" content=\"summary_large_image\" \/>\n<meta name=\"twitter:label1\" content=\"Tempo di lettura stimato\" \/>\n\t<meta name=\"twitter:data1\" content=\"2 minuti\" \/>\n<script type=\"application\/ld+json\" class=\"yoast-schema-graph\">{\"@context\":\"https:\/\/schema.org\",\"@graph\":[{\"@type\":\"WebPage\",\"@id\":\"https:\/\/www.insardinia.ch\/it\/perche-investire-in-sardegna\/\",\"url\":\"https:\/\/www.insardinia.ch\/it\/perche-investire-in-sardegna\/\",\"name\":\"Perch\u00e9 investire in Sardegna nel mercato immobiliare? - Insardinia\",\"isPartOf\":{\"@id\":\"https:\/\/www.insardinia.ch\/en\/#website\"},\"datePublished\":\"2018-03-01T15:09:22+00:00\",\"dateModified\":\"2018-05-10T13:05:57+00:00\",\"description\":\"Decidere di investire in Sardegna oggi \u00e8 una mossa molto intelligente ed \u00e8 importante cercare di sfruttare questo momento cos\u00ec positivo.\",\"breadcrumb\":{\"@id\":\"https:\/\/www.insardinia.ch\/it\/perche-investire-in-sardegna\/#breadcrumb\"},\"inLanguage\":\"it-IT\",\"potentialAction\":[{\"@type\":\"ReadAction\",\"target\":[\"https:\/\/www.insardinia.ch\/it\/perche-investire-in-sardegna\/\"]}]},{\"@type\":\"BreadcrumbList\",\"@id\":\"https:\/\/www.insardinia.ch\/it\/perche-investire-in-sardegna\/#breadcrumb\",\"itemListElement\":[{\"@type\":\"ListItem\",\"position\":1,\"name\":\"Home\",\"item\":\"https:\/\/www.insardinia.ch\/it\/\"},{\"@type\":\"ListItem\",\"position\":2,\"name\":\"Perch\u00e9 investire in Sardegna\"}]},{\"@type\":\"WebSite\",\"@id\":\"https:\/\/www.insardinia.ch\/en\/#website\",\"url\":\"https:\/\/www.insardinia.ch\/en\/\",\"name\":\"InSardinia\",\"description\":\"\",\"potentialAction\":[{\"@type\":\"SearchAction\",\"target\":{\"@type\":\"EntryPoint\",\"urlTemplate\":\"https:\/\/www.insardinia.ch\/en\/?s={search_term_string}\"},\"query-input\":\"required name=search_term_string\"}],\"inLanguage\":\"it-IT\"}]}<\/script>\n<!-- \/ Yoast SEO plugin. -->","yoast_head_json":{"title":"Perch\u00e9 investire in Sardegna nel mercato immobiliare? - Insardinia","description":"Decidere di investire in Sardegna oggi \u00e8 una mossa molto intelligente ed \u00e8 importante cercare di sfruttare questo momento cos\u00ec positivo.","robots":{"index":"index","follow":"follow","max-snippet":"max-snippet:-1","max-image-preview":"max-image-preview:large","max-video-preview":"max-video-preview:-1"},"canonical":"https:\/\/www.insardinia.ch\/it\/perche-investire-in-sardegna\/","og_locale":"it_IT","og_type":"article","og_title":"Perch\u00e9 investire in Sardegna nel mercato immobiliare? - Insardinia","og_description":"Decidere di investire in Sardegna oggi \u00e8 una mossa molto intelligente ed \u00e8 importante cercare di sfruttare questo momento cos\u00ec positivo.","og_url":"https:\/\/www.insardinia.ch\/it\/perche-investire-in-sardegna\/","og_site_name":"InSardinia","article_modified_time":"2018-05-10T13:05:57+00:00","twitter_card":"summary_large_image","twitter_misc":{"Tempo di lettura stimato":"2 minuti"},"schema":{"@context":"https:\/\/schema.org","@graph":[{"@type":"WebPage","@id":"https:\/\/www.insardinia.ch\/it\/perche-investire-in-sardegna\/","url":"https:\/\/www.insardinia.ch\/it\/perche-investire-in-sardegna\/","name":"Perch\u00e9 investire in Sardegna nel mercato immobiliare? - Insardinia","isPartOf":{"@id":"https:\/\/www.insardinia.ch\/en\/#website"},"datePublished":"2018-03-01T15:09:22+00:00","dateModified":"2018-05-10T13:05:57+00:00","description":"Decidere di investire in Sardegna oggi \u00e8 una mossa molto intelligente ed \u00e8 importante cercare di sfruttare questo momento cos\u00ec positivo.","breadcrumb":{"@id":"https:\/\/www.insardinia.ch\/it\/perche-investire-in-sardegna\/#breadcrumb"},"inLanguage":"it-IT","potentialAction":[{"@type":"ReadAction","target":["https:\/\/www.insardinia.ch\/it\/perche-investire-in-sardegna\/"]}]},{"@type":"BreadcrumbList","@id":"https:\/\/www.insardinia.ch\/it\/perche-investire-in-sardegna\/#breadcrumb","itemListElement":[{"@type":"ListItem","position":1,"name":"Home","item":"https:\/\/www.insardinia.ch\/it\/"},{"@type":"ListItem","position":2,"name":"Perch\u00e9 investire in Sardegna"}]},{"@type":"WebSite","@id":"https:\/\/www.insardinia.ch\/en\/#website","url":"https:\/\/www.insardinia.ch\/en\/","name":"InSardinia","description":"","potentialAction":[{"@type":"SearchAction","target":{"@type":"EntryPoint","urlTemplate":"https:\/\/www.insardinia.ch\/en\/?s={search_term_string}"},"query-input":"required name=search_term_string"}],"inLanguage":"it-IT"}]}},"_links":{"self":[{"href":"https:\/\/www.insardinia.ch\/it\/wp-json\/wp\/v2\/pages\/2587"}],"collection":[{"href":"https:\/\/www.insardinia.ch\/it\/wp-json\/wp\/v2\/pages"}],"about":[{"href":"https:\/\/www.insardinia.ch\/it\/wp-json\/wp\/v2\/types\/page"}],"author":[{"embeddable":true,"href":"https:\/\/www.insardinia.ch\/it\/wp-json\/wp\/v2\/users\/1"}],"replies":[{"embeddable":true,"href":"https:\/\/www.insardinia.ch\/it\/wp-json\/wp\/v2\/comments?post=2587"}],"version-history":[{"count":0,"href":"https:\/\/www.insardinia.ch\/it\/wp-json\/wp\/v2\/pages\/2587\/revisions"}],"wp:attachment":[{"href":"https:\/\/www.insardinia.ch\/it\/wp-json\/wp\/v2\/media?parent=2587"}],"curies":[{"name":"wp","href":"https:\/\/api.w.org\/{rel}","templated":true}]}}