{"id":2584,"date":"2018-03-01T16:08:01","date_gmt":"2018-03-01T15:08:01","guid":{"rendered":"https:\/\/www.insardinia.ch\/?page_id=2584"},"modified":"2019-04-14T00:41:05","modified_gmt":"2019-04-13T22:41:05","slug":"perche-acquistare-casa","status":"publish","type":"page","link":"https:\/\/www.insardinia.ch\/it\/perche-acquistare-casa\/","title":{"rendered":"Acquistare casa in Sardegna: perch\u00e9"},"content":{"rendered":"<p>[vc_row full_width=&#8221;stretch_row_content_no_spaces&#8221;][vc_column][vc_row_inner][vc_column_inner][vc_single_image image=&#8221;3900&#8243; img_size=&#8221;full&#8221; alignment=&#8221;center&#8221;][\/vc_column_inner][\/vc_row_inner][\/vc_column][\/vc_row][vc_row][vc_column][vc_column_text]La Sardegna viene chiamata <strong>Caraibi<\/strong> <strong>del<\/strong> <strong>Mediterraneo<\/strong> ed \u00e8 facile immaginarsi il perch\u00e9: <strong>acque<\/strong> <strong>cristalline<\/strong> <strong>verdi<\/strong> <strong>e<\/strong> <strong>azzurre<\/strong> su chilometri di costa che non risparmiano scorci da togliere il fiato e vedute di una bellezza unica. Da qui al darsi una semplice risposta alla domanda &#8220;<strong>perch\u00e9<\/strong> <strong>acquistare<\/strong> <strong>casa<\/strong> <strong>in<\/strong> <strong>Sardegna?<\/strong>&#8221; il passo \u00e8 molto breve.<\/p>\n<p><a href=\"https:\/\/www.sardegnaturismo.it\/it\/luoghi\">Quest&#8217;isola italiana<\/a> \u00e8 caratterizzata da una ruralit\u00e0 ancora ben presente nella vita e nei costumi dei sardi. Questi si rivelano infatti essere un popolo molto accogliente.<br \/>\nLa semplicit\u00e0 e genuinit\u00e0 con la quale verrete accolti e stringerete rapporti con gli isolani in questa splendida terra che \u00e8 <strong>la<\/strong> <strong>Sardegna<\/strong> <strong>vi<\/strong> <strong>lascer\u00e0<\/strong> <strong>a<\/strong> <strong>bocca<\/strong> <strong>aperta<\/strong>.<\/p>\n<p><strong>Avere<\/strong> <strong>una<\/strong> <strong>propriet\u00e0<\/strong> <strong>immobiliare<\/strong> <strong>in<\/strong> <strong>Sardegna<\/strong> non \u00e8 solo motivo di vanto con i vostri amici, ma un vero e proprio asso nella manica!<\/p>\n<p>&nbsp;<\/p>\n<p>Le motivazioni per cui conviene <strong>acquistare casa<\/strong> <strong>in<\/strong> <strong>Sardegna<\/strong> sono davvero tante; vogliamo elencarvene solo alcune:<\/p>\n<ul>\n<li>Potrete <strong>trascorrere<\/strong> <strong>le<\/strong> <strong>ferie<\/strong> <strong>in<\/strong> <strong>Sardegna<\/strong> senza preoccuparvi di prenotare in anticipo, o di scegliere una sistemazione che non rispecchia la reale qualit\u00e0 dell&#8217;annuncio;<\/li>\n<li>Avrete una <strong>fonte<\/strong> <strong>di<\/strong> <strong>reddito<\/strong> <strong>secondaria<\/strong> che vi permetter\u00e0 di <strong>raggiungere<\/strong> <strong>una sicurezza<\/strong> <strong>economica<\/strong> <strong>concreta<\/strong> ;<\/li>\n<li><strong>La<\/strong> <strong>spesa<\/strong> <strong>per<\/strong> <strong>l&#8217;acquisto<\/strong> <strong>verr\u00e0<\/strong> <strong>rapidamente<\/strong> <strong>ammortizzata<\/strong> da canoni di locazione tra i pi\u00f9 sicuri del territorio italiano;<\/li>\n<li>L&#8217;eventuale <strong>vendita<\/strong> <strong>di<\/strong> <strong>un<\/strong> <strong>immobile<\/strong> <strong>in<\/strong> <strong>Sardegna<\/strong> avr\u00e0 un ritorno economico importante, dal momento che la casa avr\u00e0 acquistato valore;<\/li>\n<li><strong>La<\/strong> <strong>vita<\/strong> <strong>low-cost<\/strong> <strong>in<\/strong> <strong>Sardegna<\/strong> <strong>\u00e8<\/strong> <strong>veramente<\/strong> <strong>una<\/strong> <strong>pacchia<\/strong>, anche con pochi euro in tasca potrete permettervi di non rinunciare a nulla;<\/li>\n<li>Non sarete costretti a <strong>scegliere<\/strong> <strong>tra<\/strong> <strong>una<\/strong> <strong>vacanza<\/strong> <strong>al<\/strong> <strong>mare<\/strong> <strong>o<\/strong> <strong>in<\/strong> <strong>montagna<\/strong> , perch\u00e9 il territorio offre una spettacolare combinazione!<\/li>\n<\/ul>\n<p>[\/vc_column_text][vc_row_inner][vc_column_inner][vc_single_image image=&#8221;4104&#8243; img_size=&#8221;full&#8221; alignment=&#8221;center&#8221;][\/vc_column_inner][\/vc_row_inner][\/vc_column][\/vc_row][vc_row][vc_column][vc_column_text]<\/p>\n<h3>Acquistare conviene ed \u00e8 un buon investimento per il futuro<\/h3>\n<p>Per chi pensa sempre a <strong>costruire<\/strong> <strong>una<\/strong> <strong>sicurezza<\/strong> <strong>economica<\/strong> duratura nel tempo, <strong>investire nel<\/strong> <strong>mattone<\/strong> <strong>in<\/strong> <strong>Sardegna<\/strong> <a href=\"https:\/\/www.insardinia.ch\/it\/tasse-casa-italia-imposte-tassazione-effetto-fiscale\/\">\u00e8 un&#8217;ottima opportunit\u00e0<\/a>.<\/p>\n<p>Questo perch\u00e9 il ritorno economico \u00e8 assicurato, sia in caso di utilizzo personale della casa che di affitto durante l&#8217;anno. Infatti il <strong>valore<\/strong> <strong>delle<\/strong> <strong>case<\/strong> <strong>in<\/strong> <strong>Sardegna<\/strong> continua a crescere e le richieste di affitto non hanno subito particolari flessioni nemmeno in questi anni di crisi.<\/p>\n<p><strong>Avere<\/strong> <strong>una<\/strong> <strong>casa<\/strong> <strong>in<\/strong> <strong>Sardegna<\/strong> <strong>per<\/strong> <strong>le<\/strong> <strong>proprie<\/strong> <strong>vacanze<\/strong> \u00e8 una soluzione vantaggiosa sotto molti aspetti.<\/p>\n<p>Oltre che facile da raggiungere in aereo, la vostra <strong>casa<\/strong> <strong>in<\/strong> <strong>Sardegna<\/strong> sar\u00e0 sempre pronta ad accogliervi in un posto a voi noto. Ritroverete ogni anno una splendida natura circostante ed una popolazione con cui potrete stringere rapporti positivi e duraturi nel tempo.<\/p>\n<p>Se poi la vostra intenzione \u00e8 quella di <strong>abitare<\/strong> <strong>in<\/strong> <strong>Sardegna<\/strong> o di <strong>vivere<\/strong> <strong>in<\/strong> <strong>Sardegna<\/strong> <strong>da<\/strong> <strong>pensionati<\/strong>, non possiamo che confermarvi quanto sia conveniente questa scelta!<\/p>\n<p>Godrete di uno stile di vita molto meno frenetico. Ritmi lenti e disponibilit\u00e0 di negozi e servizi saranno tutti all&#8217;interno del piccolo borgo nel quale andrete ad abitare. Vi aspettano lunghe passeggiate su un meraviglioso lungomare.<\/p>\n<p>Nel caso, invece, preferiste avventure in sentieri di montagna, potrete godere di splendide esplorazioni dei boschi e delle alture che il territorio sardo offre in abbondanza.<\/p>\n<p>Le case in zone meno conosciute e pi\u00f9 vicine all&#8217;entroterra sono perfette per un <strong>investimento<\/strong> <strong>nel<\/strong> <strong>mercato<\/strong> <strong>turistico<\/strong> <strong>immobiliare<\/strong> <strong>in<\/strong> <strong>Sardegna<\/strong>. Infatti se aspirate ad avere un&#8217;entrata fissa mensile grazie ad una <strong>casa<\/strong> <strong>in<\/strong> <strong>affitto<\/strong> <strong>in<\/strong> <strong>Sardegna.<\/strong><\/p>\n<p>Le \u00a0soluzioni pi\u00f9 convenienti sono proprio quelle nell&#8217;entroterra. I prezzi delle case in vendita infatti sono contenuti e la richiesta di affitti \u00e8 considerevole.[\/vc_column_text][\/vc_column][\/vc_row]<\/p>\n","protected":false},"excerpt":{"rendered":"<p>[vc_row full_width=&#8221;stretch_row_content_no_spaces&#8221;][vc_column][vc_row_inner][vc_column_inner][vc_single_image image=&#8221;3900&#8243; img_size=&#8221;full&#8221; alignment=&#8221;center&#8221;][\/vc_column_inner][\/vc_row_inner][\/vc_column][\/vc_row][vc_row][vc_column][vc_column_text]La Sardegna viene chiamata Caraibi del Mediterraneo ed \u00e8 facile immaginarsi il perch\u00e9: acque cristalline verdi e azzurre su chilometri di costa che non risparmiano scorci da togliere il fiato e vedute di una bellezza unica. Da qui al darsi una semplice risposta alla domanda &#8220;perch\u00e9 acquistare casa in Sardegna?&#8221; il [&hellip;]<\/p>\n","protected":false},"author":1,"featured_media":18366,"parent":0,"menu_order":0,"comment_status":"closed","ping_status":"closed","template":"template\/template-page.php","meta":{"_mi_skip_tracking":false,"_exactmetrics_sitenote_active":false,"_exactmetrics_sitenote_note":"","_exactmetrics_sitenote_category":0,"footnotes":""},"yoast_head":"<!-- This site is optimized with the Yoast SEO plugin v21.3 - https:\/\/yoast.com\/wordpress\/plugins\/seo\/ -->\n<title>Acquistare casa in Sardegna: perch\u00e8 conviene - Insardinia<\/title>\n<meta name=\"description\" content=\"Acquistare casa in Sardegna? stai valutando i perche`? quali sono i vantaggi? perche`comprare? allora ti trovi nella pagina giusta!!! dai un occhiata qui.\" \/>\n<meta name=\"robots\" content=\"index, follow, max-snippet:-1, max-image-preview:large, max-video-preview:-1\" \/>\n<link rel=\"canonical\" href=\"https:\/\/www.insardinia.ch\/it\/perche-acquistare-casa\/\" \/>\n<meta property=\"og:locale\" content=\"it_IT\" \/>\n<meta property=\"og:type\" content=\"article\" \/>\n<meta property=\"og:title\" content=\"Acquistare casa in Sardegna: perch\u00e8 conviene - Insardinia\" \/>\n<meta property=\"og:description\" content=\"Acquistare casa in Sardegna? stai valutando i perche`? quali sono i vantaggi? perche`comprare? allora ti trovi nella pagina giusta!!! dai un occhiata qui.\" \/>\n<meta property=\"og:url\" content=\"https:\/\/www.insardinia.ch\/it\/perche-acquistare-casa\/\" \/>\n<meta property=\"og:site_name\" content=\"InSardinia\" \/>\n<meta property=\"article:modified_time\" content=\"2019-04-13T22:41:05+00:00\" \/>\n<meta property=\"og:image\" content=\"https:\/\/www.insardinia.ch\/vendita\/wp-content\/uploads\/2019\/03\/Villa-Country-Porto-Rotondo-Sardinia-10-1.jpg\" \/>\n\t<meta property=\"og:image:width\" content=\"1500\" \/>\n\t<meta property=\"og:image:height\" content=\"1005\" \/>\n\t<meta property=\"og:image:type\" content=\"image\/jpeg\" \/>\n<meta name=\"twitter:card\" content=\"summary_large_image\" \/>\n<meta name=\"twitter:label1\" content=\"Tempo di lettura stimato\" \/>\n\t<meta name=\"twitter:data1\" content=\"3 minuti\" \/>\n<script type=\"application\/ld+json\" class=\"yoast-schema-graph\">{\"@context\":\"https:\/\/schema.org\",\"@graph\":[{\"@type\":\"WebPage\",\"@id\":\"https:\/\/www.insardinia.ch\/it\/perche-acquistare-casa\/\",\"url\":\"https:\/\/www.insardinia.ch\/it\/perche-acquistare-casa\/\",\"name\":\"Acquistare casa in Sardegna: perch\u00e8 conviene - Insardinia\",\"isPartOf\":{\"@id\":\"https:\/\/www.insardinia.ch\/en\/#website\"},\"datePublished\":\"2018-03-01T15:08:01+00:00\",\"dateModified\":\"2019-04-13T22:41:05+00:00\",\"description\":\"Acquistare casa in Sardegna? stai valutando i perche`? quali sono i vantaggi? perche`comprare? allora ti trovi nella pagina giusta!!! dai un occhiata qui.\",\"breadcrumb\":{\"@id\":\"https:\/\/www.insardinia.ch\/it\/perche-acquistare-casa\/#breadcrumb\"},\"inLanguage\":\"it-IT\",\"potentialAction\":[{\"@type\":\"ReadAction\",\"target\":[\"https:\/\/www.insardinia.ch\/it\/perche-acquistare-casa\/\"]}]},{\"@type\":\"BreadcrumbList\",\"@id\":\"https:\/\/www.insardinia.ch\/it\/perche-acquistare-casa\/#breadcrumb\",\"itemListElement\":[{\"@type\":\"ListItem\",\"position\":1,\"name\":\"Home\",\"item\":\"https:\/\/www.insardinia.ch\/it\/\"},{\"@type\":\"ListItem\",\"position\":2,\"name\":\"Acquistare casa in Sardegna: perch\u00e9\"}]},{\"@type\":\"WebSite\",\"@id\":\"https:\/\/www.insardinia.ch\/en\/#website\",\"url\":\"https:\/\/www.insardinia.ch\/en\/\",\"name\":\"InSardinia\",\"description\":\"\",\"potentialAction\":[{\"@type\":\"SearchAction\",\"target\":{\"@type\":\"EntryPoint\",\"urlTemplate\":\"https:\/\/www.insardinia.ch\/en\/?s={search_term_string}\"},\"query-input\":\"required name=search_term_string\"}],\"inLanguage\":\"it-IT\"}]}<\/script>\n<!-- \/ Yoast SEO plugin. -->","yoast_head_json":{"title":"Acquistare casa in Sardegna: perch\u00e8 conviene - Insardinia","description":"Acquistare casa in Sardegna? stai valutando i perche`? quali sono i vantaggi? perche`comprare? allora ti trovi nella pagina giusta!!! dai un occhiata qui.","robots":{"index":"index","follow":"follow","max-snippet":"max-snippet:-1","max-image-preview":"max-image-preview:large","max-video-preview":"max-video-preview:-1"},"canonical":"https:\/\/www.insardinia.ch\/it\/perche-acquistare-casa\/","og_locale":"it_IT","og_type":"article","og_title":"Acquistare casa in Sardegna: perch\u00e8 conviene - Insardinia","og_description":"Acquistare casa in Sardegna? stai valutando i perche`? quali sono i vantaggi? perche`comprare? allora ti trovi nella pagina giusta!!! dai un occhiata qui.","og_url":"https:\/\/www.insardinia.ch\/it\/perche-acquistare-casa\/","og_site_name":"InSardinia","article_modified_time":"2019-04-13T22:41:05+00:00","og_image":[{"width":1500,"height":1005,"url":"https:\/\/www.insardinia.ch\/vendita\/wp-content\/uploads\/2019\/03\/Villa-Country-Porto-Rotondo-Sardinia-10-1.jpg","type":"image\/jpeg"}],"twitter_card":"summary_large_image","twitter_misc":{"Tempo di lettura stimato":"3 minuti"},"schema":{"@context":"https:\/\/schema.org","@graph":[{"@type":"WebPage","@id":"https:\/\/www.insardinia.ch\/it\/perche-acquistare-casa\/","url":"https:\/\/www.insardinia.ch\/it\/perche-acquistare-casa\/","name":"Acquistare casa in Sardegna: perch\u00e8 conviene - Insardinia","isPartOf":{"@id":"https:\/\/www.insardinia.ch\/en\/#website"},"datePublished":"2018-03-01T15:08:01+00:00","dateModified":"2019-04-13T22:41:05+00:00","description":"Acquistare casa in Sardegna? stai valutando i perche`? quali sono i vantaggi? perche`comprare? allora ti trovi nella pagina giusta!!! dai un occhiata qui.","breadcrumb":{"@id":"https:\/\/www.insardinia.ch\/it\/perche-acquistare-casa\/#breadcrumb"},"inLanguage":"it-IT","potentialAction":[{"@type":"ReadAction","target":["https:\/\/www.insardinia.ch\/it\/perche-acquistare-casa\/"]}]},{"@type":"BreadcrumbList","@id":"https:\/\/www.insardinia.ch\/it\/perche-acquistare-casa\/#breadcrumb","itemListElement":[{"@type":"ListItem","position":1,"name":"Home","item":"https:\/\/www.insardinia.ch\/it\/"},{"@type":"ListItem","position":2,"name":"Acquistare casa in Sardegna: perch\u00e9"}]},{"@type":"WebSite","@id":"https:\/\/www.insardinia.ch\/en\/#website","url":"https:\/\/www.insardinia.ch\/en\/","name":"InSardinia","description":"","potentialAction":[{"@type":"SearchAction","target":{"@type":"EntryPoint","urlTemplate":"https:\/\/www.insardinia.ch\/en\/?s={search_term_string}"},"query-input":"required name=search_term_string"}],"inLanguage":"it-IT"}]}},"_links":{"self":[{"href":"https:\/\/www.insardinia.ch\/it\/wp-json\/wp\/v2\/pages\/2584"}],"collection":[{"href":"https:\/\/www.insardinia.ch\/it\/wp-json\/wp\/v2\/pages"}],"about":[{"href":"https:\/\/www.insardinia.ch\/it\/wp-json\/wp\/v2\/types\/page"}],"author":[{"embeddable":true,"href":"https:\/\/www.insardinia.ch\/it\/wp-json\/wp\/v2\/users\/1"}],"replies":[{"embeddable":true,"href":"https:\/\/www.insardinia.ch\/it\/wp-json\/wp\/v2\/comments?post=2584"}],"version-history":[{"count":0,"href":"https:\/\/www.insardinia.ch\/it\/wp-json\/wp\/v2\/pages\/2584\/revisions"}],"wp:featuredmedia":[{"embeddable":true,"href":"https:\/\/www.insardinia.ch\/it\/wp-json\/wp\/v2\/media\/18366"}],"wp:attachment":[{"href":"https:\/\/www.insardinia.ch\/it\/wp-json\/wp\/v2\/media?parent=2584"}],"curies":[{"name":"wp","href":"https:\/\/api.w.org\/{rel}","templated":true}]}}