{"id":2579,"date":"2018-03-01T16:05:25","date_gmt":"2018-03-01T15:05:25","guid":{"rendered":"https:\/\/www.insardinia.ch\/?page_id=2579"},"modified":"2019-03-28T21:37:48","modified_gmt":"2019-03-28T20:37:48","slug":"perche-abitare-in-sardegna","status":"publish","type":"page","link":"https:\/\/www.insardinia.ch\/it\/perche-abitare-in-sardegna\/","title":{"rendered":"Perch\u00e9 abitare in Sardegna?"},"content":{"rendered":"<p>[vc_row full_width=&#8221;stretch_row_content_no_spaces&#8221;][vc_column][vc_single_image image=&#8221;3036&#8243; img_size=&#8221;full&#8221; alignment=&#8221;center&#8221;][\/vc_column][\/vc_row][vc_row][vc_column][vc_column_text]Scegliere di abitare in Sardegna \u00e8 una delle migliori decisioni che potete prendere nella vostra vita. Questo perch\u00e9 trasferirsi in Sardegna significa allontanarsi dai ritmi frenetici delle citt\u00e0 ed avvicinarsi maggiormente alla natura.<\/p>\n<p>Sarete in grado di godervi ogni istante grazie all\u2019ospitalit\u00e0 di un popolo che \u00e8 conosciuto per la spontaneit\u00e0 nelle relazioni, oltre che per la longevit\u00e0.<\/p>\n<p>I ritmi di vita rallentano in questi paesaggi e scorci mozzafiato, che riescono a riavvicinare ognuno di noi ad un vivere pi\u00f9 semplice e sano.<\/p>\n<h2><strong>Qualit\u00e0 della vita in Sardegna<\/strong><\/h2>\n<p>La Sardegna \u00e8 una terra varia, che offre viste ed anfratti sempre nuovi, lasciandosi conoscere poco a poco in un clima rilassante. Proprio come se foste in una perenne vacanza, questa terra meravigliosa ed ambita da molti \u00e8 il luogo perfetto per <a href=\"https:\/\/www.insardinia.ch\/it\/perche-investire-in-sardegna\/\">investire nel mattone<\/a>.<\/p>\n<p>Ci\u00f2 che si pu\u00f2 trovare infatti su quest\u2019isola \u00e8 la riscoperta della bellezza della natura, l\u2019armonia di mente e corpo che si trovano finalmente a gustare ogni istante, le esperienze sempre nuove che ogni giorno riserva per ciascuno di noi.<\/p>\n<p><a href=\"https:\/\/www.insardinia.ch\/it\/cambio-vita-vado-a-vivere-in-sardegna\/\">Scegliere di trasferirsi e abitare in Sardegna<\/a> potrebbe sembrare un azzardo per molti. Ma una volta presa confidenza con il territorio, con i chilometri di splendide coste e l\u2019entroterra dalla bellezza secolare, verrete rapiti da una qualit\u00e0 di vita che non avreste mai immaginato.<br \/>\nLa popolazione sarda inoltre, rude ed introversa nell\u2019immaginario collettivo, offre la sua accoglienza con una semplicit\u00e0 quasi innaturale a chi \u00e8 abituato a stili di vita frenetici e poco attenti alle relazioni interpersonali.<\/p>\n<p>Scoprirete ben presto tutti i piatti tipici che vi verranno offerti, squisiti ed inimitabili.<\/p>\n<p>&nbsp;<\/p>\n<h3><strong>Comprare casa per abitare in Sardegna ed immergersi nella natura<\/strong><\/h3>\n<p>Ma perch\u00e9 molte persone oggi decidono di comprare casa per abitare in Sardegna? Oltre all\u2019investimento economico-qualitativo che potete fare nel comprare casa in Sardegna, decidere di vivere sulla celebre ed ambita isola italiana \u00e8 una scelta che porta ad amare la natura che ci circonda ed immergersi in paesaggi che non credevamo potessero esistere.<\/p>\n<p>Infatti potrete osservare ogni giorno meravigliose vedute create dal mare e dal maestrale e scattare fotografie di luoghi incantevoli che tutti i vostri amici invidieranno.<\/p>\n<p>Spiagge dalla sabbia bianca e fine, acque verdi e azzurre limpidissime, tramonti straordinari, aspre montagne, boschi di sughero e fitte distese di macchia mediterranea incontaminata. E ancora tante esperienze da sperimentare, luoghi di interesse storico da visitare, locali da frequentare.<\/p>\n<p>Ma c\u2019\u00e8 di pi\u00f9: scegliere di acquistare casa in Sardegna al fine di ristrutturarla ed affittarla, per guadagnare sfruttando il mercato immobiliare, pu\u00f2 essere un ottimo ritorno economico per chi non ha la possibilit\u00e0 trasferirsi immediatamente, ma desidera farlo in futuro.<\/p>\n<p>In pi\u00f9 avrete la possibilit\u00e0 di passare delle meravigliose vacanze in Sardegna a costo zero! Come? Usufruendo di una propriet\u00e0 che potrete vivere personalmente e che vi porter\u00e0 un discreto guadagno nel resto dei mesi dell\u2019anno.[\/vc_column_text][\/vc_column][\/vc_row][vc_row][vc_column][vc_single_image image=&#8221;3908&#8243; img_size=&#8221;full&#8221; alignment=&#8221;center&#8221;][\/vc_column][\/vc_row][vc_row][vc_column][vc_column_text]<\/p>\n<h2><strong>I vantaggi di avere una casa vacanza in Sardegna<\/strong><\/h2>\n<p class=\"p1\">Avere una casa vacanza in Sardegna \u00e8 il sogno di molti. I Caraibi del mediterraneo attirano infatti ogni anno tantissimi turisti, compresi vip e personaggi di spicco.<\/p>\n<p class=\"p1\">Molti di questi possiedono una seconda abitazione in Sardegna, sinonimo di lusso ed alto tenore di vita negli ultimi decenni dello scorso secolo. Ma la situazione oggi \u00e8 cambiata. <a href=\"https:\/\/www.insardinia.ch\/it\/trend-del-mercato-turistico-immobiliare-in-sardegna\/\">Il mercato immobiliare in Sardegna<\/a> infatti si \u00e8 aperto a soluzioni molto pi\u00f9 economiche e alla portata di tante famiglie.<\/p>\n<p class=\"p1\">La ricerca della casa vacanza in Sardegna diventa cos\u00ec una possibilit\u00e0 concreta anche per chi non vive nel lusso pi\u00f9 sfrenato, ma vuole investire nel mercato immobiliare senza rischi o particolari svalutazioni dell\u2019abitazione che andr\u00e0 ad acquistare.<\/p>\n<p>&nbsp;<\/p>\n<h2><strong>Desiderate anche voi avere una casa vacanza in Sardegna?<\/strong><\/h2>\n<p>Avere un luogo rilassante e facile da raggiungere in Sardegna \u00e8 la soluzione ideale per chi vuole scoprire e condividere nuovi scorci lontani dal turismo di massa. Potersi godere paesaggi mozzafiato e spiagge caraibiche senza dover viaggiare a lungo \u00e8 possibile se intendete acquistare una casa vacanza in Sardegna.<\/p>\n<p>Dagli appartamenti ai villini vista mare, le soluzioni immobiliari per avere un comodo punto d\u2019appoggio verso le celebri spiagge della Sardegna sono molteplici e alla portata di ogni famiglia.<\/p>\n<p>Pratica meta turistica in grado di soddisfare grandi e piccini, la Sardegna offre vacanze all\u2019insegna del benessere e del divertimento.<\/p>\n<p>Facilmente raggiungibile <a href=\"https:\/\/www.insardinia.ch\/it\/collegamenti-aerei\/\">in aereo dalla Svizzera<\/a>, quest\u2019isola riserva acque incredibilmente trasparenti ed una popolazione dall\u2019accoglienza semplice e genuina.<\/p>\n<p>&nbsp;<\/p>\n<p>Le opzioni per acquistare una casa vacanza in Sardegna si adattano ad ogni necessit\u00e0, sia che vogliate\u00a0trascorrere le ferie in un luogo rilassante, sia che desideriate\u00a0investire nel mattone in Sardegna per avere un\u2019importante fonte di reddito secondaria.<\/p>\n<p>Se invece la vostra motivazione \u00e8 un\u2019altra e siete decisi a cambiare vita e rallentare i ritmi quotidiani, forse siete pronti a scoprire <a href=\"https:\/\/www.insardinia.ch\/it\/benefici-di-comprare-casa-in-sardegna\/\">perch\u00e9 abitare in Sardegna<\/a> potrebbe essere la soluzione che cerchi.[\/vc_column_text][\/vc_column][\/vc_row]<\/p>\n","protected":false},"excerpt":{"rendered":"<p>[vc_row full_width=&#8221;stretch_row_content_no_spaces&#8221;][vc_column][vc_single_image image=&#8221;3036&#8243; img_size=&#8221;full&#8221; alignment=&#8221;center&#8221;][\/vc_column][\/vc_row][vc_row][vc_column][vc_column_text]Scegliere di abitare in Sardegna \u00e8 una delle migliori decisioni che potete prendere nella vostra vita. Questo perch\u00e9 trasferirsi in Sardegna significa allontanarsi dai ritmi frenetici delle citt\u00e0 ed avvicinarsi maggiormente alla natura. Sarete in grado di godervi ogni istante grazie all\u2019ospitalit\u00e0 di un popolo che \u00e8 conosciuto per la spontaneit\u00e0 [&hellip;]<\/p>\n","protected":false},"author":1,"featured_media":0,"parent":0,"menu_order":0,"comment_status":"closed","ping_status":"closed","template":"template\/template-page.php","meta":{"_mi_skip_tracking":false,"_exactmetrics_sitenote_active":false,"_exactmetrics_sitenote_note":"","_exactmetrics_sitenote_category":0,"footnotes":""},"yoast_head":"<!-- This site is optimized with the Yoast SEO plugin v21.3 - https:\/\/yoast.com\/wordpress\/plugins\/seo\/ -->\n<title>Perch\u00e9 abitare in Sardegna \u00e8 cos\u00ec bello? - Insardinia<\/title>\n<meta name=\"description\" content=\"Scegliere di abitare in Sardegna \u00e8 una delle migliori decisioni che potete prendere nella vostra vita. E noi vi sveliamo il perch\u00e9...\" \/>\n<meta name=\"robots\" content=\"index, follow, max-snippet:-1, max-image-preview:large, max-video-preview:-1\" \/>\n<link rel=\"canonical\" href=\"https:\/\/www.insardinia.ch\/it\/perche-abitare-in-sardegna\/\" \/>\n<meta property=\"og:locale\" content=\"it_IT\" \/>\n<meta property=\"og:type\" content=\"article\" \/>\n<meta property=\"og:title\" content=\"Perch\u00e9 abitare in Sardegna \u00e8 cos\u00ec bello? - Insardinia\" \/>\n<meta property=\"og:description\" content=\"Scegliere di abitare in Sardegna \u00e8 una delle migliori decisioni che potete prendere nella vostra vita. E noi vi sveliamo il perch\u00e9...\" \/>\n<meta property=\"og:url\" content=\"https:\/\/www.insardinia.ch\/it\/perche-abitare-in-sardegna\/\" \/>\n<meta property=\"og:site_name\" content=\"InSardinia\" \/>\n<meta property=\"article:modified_time\" content=\"2019-03-28T20:37:48+00:00\" \/>\n<meta name=\"twitter:card\" content=\"summary_large_image\" \/>\n<meta name=\"twitter:label1\" content=\"Tempo di lettura stimato\" \/>\n\t<meta name=\"twitter:data1\" content=\"4 minuti\" \/>\n<script type=\"application\/ld+json\" class=\"yoast-schema-graph\">{\"@context\":\"https:\/\/schema.org\",\"@graph\":[{\"@type\":\"WebPage\",\"@id\":\"https:\/\/www.insardinia.ch\/it\/perche-abitare-in-sardegna\/\",\"url\":\"https:\/\/www.insardinia.ch\/it\/perche-abitare-in-sardegna\/\",\"name\":\"Perch\u00e9 abitare in Sardegna \u00e8 cos\u00ec bello? - Insardinia\",\"isPartOf\":{\"@id\":\"https:\/\/www.insardinia.ch\/en\/#website\"},\"datePublished\":\"2018-03-01T15:05:25+00:00\",\"dateModified\":\"2019-03-28T20:37:48+00:00\",\"description\":\"Scegliere di abitare in Sardegna \u00e8 una delle migliori decisioni che potete prendere nella vostra vita. E noi vi sveliamo il perch\u00e9...\",\"breadcrumb\":{\"@id\":\"https:\/\/www.insardinia.ch\/it\/perche-abitare-in-sardegna\/#breadcrumb\"},\"inLanguage\":\"it-IT\",\"potentialAction\":[{\"@type\":\"ReadAction\",\"target\":[\"https:\/\/www.insardinia.ch\/it\/perche-abitare-in-sardegna\/\"]}]},{\"@type\":\"BreadcrumbList\",\"@id\":\"https:\/\/www.insardinia.ch\/it\/perche-abitare-in-sardegna\/#breadcrumb\",\"itemListElement\":[{\"@type\":\"ListItem\",\"position\":1,\"name\":\"Home\",\"item\":\"https:\/\/www.insardinia.ch\/it\/\"},{\"@type\":\"ListItem\",\"position\":2,\"name\":\"Perch\u00e9 abitare in Sardegna?\"}]},{\"@type\":\"WebSite\",\"@id\":\"https:\/\/www.insardinia.ch\/en\/#website\",\"url\":\"https:\/\/www.insardinia.ch\/en\/\",\"name\":\"InSardinia\",\"description\":\"\",\"potentialAction\":[{\"@type\":\"SearchAction\",\"target\":{\"@type\":\"EntryPoint\",\"urlTemplate\":\"https:\/\/www.insardinia.ch\/en\/?s={search_term_string}\"},\"query-input\":\"required name=search_term_string\"}],\"inLanguage\":\"it-IT\"}]}<\/script>\n<!-- \/ Yoast SEO plugin. -->","yoast_head_json":{"title":"Perch\u00e9 abitare in Sardegna \u00e8 cos\u00ec bello? - Insardinia","description":"Scegliere di abitare in Sardegna \u00e8 una delle migliori decisioni che potete prendere nella vostra vita. E noi vi sveliamo il perch\u00e9...","robots":{"index":"index","follow":"follow","max-snippet":"max-snippet:-1","max-image-preview":"max-image-preview:large","max-video-preview":"max-video-preview:-1"},"canonical":"https:\/\/www.insardinia.ch\/it\/perche-abitare-in-sardegna\/","og_locale":"it_IT","og_type":"article","og_title":"Perch\u00e9 abitare in Sardegna \u00e8 cos\u00ec bello? - Insardinia","og_description":"Scegliere di abitare in Sardegna \u00e8 una delle migliori decisioni che potete prendere nella vostra vita. E noi vi sveliamo il perch\u00e9...","og_url":"https:\/\/www.insardinia.ch\/it\/perche-abitare-in-sardegna\/","og_site_name":"InSardinia","article_modified_time":"2019-03-28T20:37:48+00:00","twitter_card":"summary_large_image","twitter_misc":{"Tempo di lettura stimato":"4 minuti"},"schema":{"@context":"https:\/\/schema.org","@graph":[{"@type":"WebPage","@id":"https:\/\/www.insardinia.ch\/it\/perche-abitare-in-sardegna\/","url":"https:\/\/www.insardinia.ch\/it\/perche-abitare-in-sardegna\/","name":"Perch\u00e9 abitare in Sardegna \u00e8 cos\u00ec bello? - Insardinia","isPartOf":{"@id":"https:\/\/www.insardinia.ch\/en\/#website"},"datePublished":"2018-03-01T15:05:25+00:00","dateModified":"2019-03-28T20:37:48+00:00","description":"Scegliere di abitare in Sardegna \u00e8 una delle migliori decisioni che potete prendere nella vostra vita. E noi vi sveliamo il perch\u00e9...","breadcrumb":{"@id":"https:\/\/www.insardinia.ch\/it\/perche-abitare-in-sardegna\/#breadcrumb"},"inLanguage":"it-IT","potentialAction":[{"@type":"ReadAction","target":["https:\/\/www.insardinia.ch\/it\/perche-abitare-in-sardegna\/"]}]},{"@type":"BreadcrumbList","@id":"https:\/\/www.insardinia.ch\/it\/perche-abitare-in-sardegna\/#breadcrumb","itemListElement":[{"@type":"ListItem","position":1,"name":"Home","item":"https:\/\/www.insardinia.ch\/it\/"},{"@type":"ListItem","position":2,"name":"Perch\u00e9 abitare in Sardegna?"}]},{"@type":"WebSite","@id":"https:\/\/www.insardinia.ch\/en\/#website","url":"https:\/\/www.insardinia.ch\/en\/","name":"InSardinia","description":"","potentialAction":[{"@type":"SearchAction","target":{"@type":"EntryPoint","urlTemplate":"https:\/\/www.insardinia.ch\/en\/?s={search_term_string}"},"query-input":"required name=search_term_string"}],"inLanguage":"it-IT"}]}},"_links":{"self":[{"href":"https:\/\/www.insardinia.ch\/it\/wp-json\/wp\/v2\/pages\/2579"}],"collection":[{"href":"https:\/\/www.insardinia.ch\/it\/wp-json\/wp\/v2\/pages"}],"about":[{"href":"https:\/\/www.insardinia.ch\/it\/wp-json\/wp\/v2\/types\/page"}],"author":[{"embeddable":true,"href":"https:\/\/www.insardinia.ch\/it\/wp-json\/wp\/v2\/users\/1"}],"replies":[{"embeddable":true,"href":"https:\/\/www.insardinia.ch\/it\/wp-json\/wp\/v2\/comments?post=2579"}],"version-history":[{"count":0,"href":"https:\/\/www.insardinia.ch\/it\/wp-json\/wp\/v2\/pages\/2579\/revisions"}],"wp:attachment":[{"href":"https:\/\/www.insardinia.ch\/it\/wp-json\/wp\/v2\/media?parent=2579"}],"curies":[{"name":"wp","href":"https:\/\/api.w.org\/{rel}","templated":true}]}}