{"id":2384,"date":"2018-02-06T15:07:37","date_gmt":"2018-02-06T14:07:37","guid":{"rendered":"https:\/\/www.insardinia.ch\/?page_id=2384"},"modified":"2019-11-12T15:58:25","modified_gmt":"2019-11-12T14:58:25","slug":"sardegna-immobiliare","status":"publish","type":"page","link":"https:\/\/www.insardinia.ch\/it\/sardegna-immobiliare\/","title":{"rendered":"Chi siamo"},"content":{"rendered":"<p>[vc_row full_width=&#8221;stretch_row_content_no_spaces&#8221;][vc_column][vc_single_image image=&#8221;4612&#8243; img_size=&#8221;full&#8221; alignment=&#8221;center&#8221;][\/vc_column][\/vc_row][vc_row full_width=&#8221;stretch_row&#8221;][vc_column][vc_column_text]<\/p>\n<h1>Sardegna: Il mistero all\u2019orizzonte<\/h1>\n<p>La Sardegna, crocevia di popoli antichi e moderni <a href=\"https:\/\/www.sardegnaturismo.it\/it\">\u00e8 pi\u00f9 di un\u2019isola:<\/a> \u00e8 un piccolo continente che affiora pacifico in mezzo al blu del Mediterraneo, con una storia avvolta nel mistero e un patrimonio di culture, lingue e bellezze che il mondo intero invidia.<\/p>\n<p>\u00c8 qui che vogliamo scrivere la nostra storia, la vostra storia.<br \/>\n\u00c8 qui che iniziamo un vero e proprio viaggio nel mistero, alla scoperta di un mondo per molti ancora sconosciuto, fatto di case meravigliose, di paradisi naturali unici e di persone che conoscono il valore della loro Terra e desiderano condividerlo con voi.<\/p>\n<p>La Sardegna \u00e8 un\u2019isola costruita dagli Dei sull\u2019accoglienza e su quel naturale senso della vita, sul Maestrale che ti accarezza l\u2019anima ogni giorno che passa.<\/p>\n<p>\u00c8 qui che vi vogliamo portare, \u00c8 qui che riusciremo a convincervi che Atlantide non \u00e8 una chimera. <strong>Perch\u00e9 \u00e8 qui che voi sarete felici e realizzerete davvero i vostri sogni<\/strong>. Credeteci, siamo sicuri di quello che diciamo senza possibilit\u00e0 di poter venire smentiti.[\/vc_column_text][\/vc_column][\/vc_row][vc_row full_width=&#8221;stretch_row&#8221;][vc_column][vc_column_text]<\/p>\n<h2>Il luogo dove ci incontriamo<\/h2>\n<p>Per noi esiste un principio di base che non pu\u00f2 essere mai dimenticato. Tutto quello che facciamo, che proponiamo, che siamo parte da questo: la Sardegna non si vende.<\/p>\n<p>La Sardegna non \u00e8 un prodotto, non \u00e8 un oggetto, non \u00e8 una \u201ccosa\u201d che pu\u00f2 essere inserita in un catalogo prezzi.<\/p>\n<p><strong>La Sardegna si scopre, la Sardegna \u00e8 una scelta di vita, \u00e8 un territorio, \u00e8 una cultura, \u00e8 una realt\u00e0, \u00e8 una terra che non assomiglia a nessun altro luogo.<\/strong><\/p>\n<p><a href=\"https:\/\/www.insardinia.ch\/it\/consulenza-immobiliare-sardegna-come-comprare\/\">Siamo qui per accompagnarvi, suggerirvi e consigliarvi.<\/a><\/p>\n<p>Il nostro \u00e8 un gesto d\u2019amore verso l\u2019isola che vi accoglier\u00e0 e un gesto di rispetto verso di voi che ci scegliete per accompagnarvi.<\/p>\n<p>Amore e rispetto per noi si traduce in qualit\u00e0<strong>.<\/strong><\/p>\n<p>Tutto quello che vi suggeriamo o consigliamo \u00e8 verificato, analizzato, discusso e verificato nei minimi dettagli.<\/p>\n<p>Perch\u00e9 la vostra scoperta \u00e8 lo scopo del nostro imprendere, perch\u00e9 il valore aggiunto che noi vi diamo viene dal cuore, <strong>perch\u00e9 abbiamo il miglior partner possibile: la Sardegna.<\/strong><\/p>\n<p>Noi veniamo da qui. Qui sono le nostre radici la vostra scoperta siamo anche noi![\/vc_column_text][\/vc_column][\/vc_row][vc_row full_width=&#8221;stretch_row_content_no_spaces&#8221;][vc_column][vc_single_image image=&#8221;4617&#8243; img_size=&#8221;full&#8221; alignment=&#8221;center&#8221;][\/vc_column][\/vc_row][vc_row full_width=&#8221;stretch_row&#8221;][vc_column][vc_column_text]<\/p>\n<h3>La promessa di valore<\/h3>\n<p>Quanti portali o siti immobiliari conoscete? Che cosa vi hanno lasciato? \u00c8 questo il fatto. <strong>Si tende a lavorare sulla quantit\u00e0 delle informazioni e non sul loro valore qualitativo, non su quello che queste informazioni possono lasciare.<\/strong><br \/>\nRicordate? Noi vi accompagniamo, vi suggeriamo, vi consigliamo. Abbiamo cura di voi nel completo rispetto delle vostre scelte e dei vostri desideri.<\/p>\n<p>Vogliamo che la Sardegna vi appassioni con tutto il suo fascino e il suo mistero. Come potremmo mai deludervi con informazioni che non rispecchiano l\u2019alto valore che abbiamo dato alla nostra filosofia d\u2019impresa? <strong>Vi offriamo qualit\u00e0 perch\u00e9 niente \u00e8 lasciato al caso, siamo attenti nello scegliere partner e collaboratori, come anche le fonti delle nostre informazioni commerciali.<\/strong><\/p>\n<p>Abbiamo passione per quello che facciamo e ci impegniamo sempre, in ogni occasione, per ogni cosa: \u00e8 la nostra spinta morale. <strong>Perch\u00e9 l\u2019impegno \u00e8 una costante, \u00e8 una certezza per voi che ci scegliete<\/strong>. L\u2019impegno \u00e8 un dovere nei vostri i confronti, in quelli dei nostri partners, nei confronti del nostro pubblico, dei nostri clienti e di tutti coloro che direttamente o indirettamente vengono coinvolti nella nostra attivit\u00e0.<br \/>\nPer questo motivo siamo qui e per questo motivo <strong>diamo valore alla nostra identit\u00e0<\/strong>.<\/p>\n<p><strong>La nostra idea di impresa sta nella sua innovazione, nella scelta di non essere come gli altri<\/strong>, di uscire dal coro, di \u201centrare nel prodotto\u201d con l\u2019istinto dell\u2019esploratore, <strong>di proporre un modo nuovo di vedere il mercato immobiliare, di conciliarlo solo con un territorio: la Sardegna<\/strong>, che \u00e8 considerata a ragione ormai da tutti una delle isole pi\u00f9 belle e affascinanti del mondo.<br \/>\n<strong>Per questo siamo differenti<\/strong> e ci distinguiamo con un colpo di click.[\/vc_column_text][\/vc_column][\/vc_row][vc_row full_width=&#8221;stretch_row&#8221;][vc_column][vc_column_text]<\/p>\n<h2><strong>Sardegna:La felicit\u00e0 \u00e8 un\u2019attitudine che condividiamo con te<\/strong><\/h2>\n<p>Lo diciamo senza falso pudore: noi siamo felici. Vediamo il mondo con gli occhi di chi cerca sempre il meglio delle cose, perch\u00e9 quando alla gente parliamo della Sardegna vediamo quel luccichio negli occhi che ci ripaga di tutte le fatiche.<\/p>\n<p><strong>La nostra mission aziendale \u00e8 tutta qui: rendere le persone felici<\/strong><br \/>\nNon soddisfatte, non contente, ma felici.<\/p>\n<p>La felicit\u00e0 \u00e8 uno stato di sublime coscienza delle cose che ci porta a stare bene con le persone e con il mondo che ci circonda.<\/p>\n<p>E come potrebbe non essere possibile tutto questo quando quella Terra dalla quale veniamo, quel lembo di roccia nel mare composto da spiagge incantate, montagne misteriose, citt\u00e0 antiche, lingue che si perdono nella notte dei tempi ti si apre davanti agli occhi e incredibilmente ti affascina e ti rapisce? Come possiamo non offrire tutto questo?<\/p>\n<p>Noi vi porteremo qui, felici voi di aver scelto noi, felici noi per avere ancora una volta fatto comprendere quanto sia splendida la nostra\/vostra isola del mistero.<\/p>\n<p><strong>Vivere nel mistero di un\u2019isola\u2026 \u00e8 l\u2019essenza pi\u00f9 profonda e magica della nostra filosofia di vita.<\/strong><\/p>\n<p><a href=\"https:\/\/www.insardinia.ch\/it\/scegliere-di-trasferirsi-in-sardegna\/\">Vorresti trasferirti in Sardegna? guarda qui!!!<\/a>[\/vc_column_text][\/vc_column][\/vc_row][vc_row full_width=&#8221;stretch_row_content_no_spaces&#8221;][vc_column][vc_single_image image=&#8221;4620&#8243; img_size=&#8221;full&#8221; alignment=&#8221;center&#8221;][\/vc_column][\/vc_row]<\/p>\n","protected":false},"excerpt":{"rendered":"<p>[vc_row full_width=&#8221;stretch_row_content_no_spaces&#8221;][vc_column][vc_single_image image=&#8221;4612&#8243; img_size=&#8221;full&#8221; alignment=&#8221;center&#8221;][\/vc_column][\/vc_row][vc_row full_width=&#8221;stretch_row&#8221;][vc_column][vc_column_text] Sardegna: Il mistero all\u2019orizzonte La Sardegna, crocevia di popoli antichi e moderni \u00e8 pi\u00f9 di un\u2019isola: \u00e8 un piccolo continente che affiora pacifico in mezzo al blu del Mediterraneo, con una storia avvolta nel mistero e un patrimonio di culture, lingue e bellezze che il mondo intero invidia. \u00c8 [&hellip;]<\/p>\n","protected":false},"author":1,"featured_media":4612,"parent":0,"menu_order":0,"comment_status":"closed","ping_status":"closed","template":"template\/template-page.php","meta":{"_mi_skip_tracking":false,"_exactmetrics_sitenote_active":false,"_exactmetrics_sitenote_note":"","_exactmetrics_sitenote_category":0,"footnotes":""},"yoast_head":"<!-- This site is optimized with the Yoast SEO plugin v21.3 - https:\/\/yoast.com\/wordpress\/plugins\/seo\/ -->\n<title>Sardegna: ville e appartamenti in vendita e affitto in Sardegna<\/title>\n<meta name=\"description\" content=\"Sardegna: specializzati in vendita e affitti ville, appartamenti sul mare nell&#039;isola piu affascinante del Mediterraneo, vieni in Sardegna!!\" \/>\n<meta name=\"robots\" content=\"index, follow, max-snippet:-1, max-image-preview:large, max-video-preview:-1\" \/>\n<link rel=\"canonical\" href=\"https:\/\/www.insardinia.ch\/it\/sardegna-immobiliare\/\" \/>\n<meta property=\"og:locale\" content=\"it_IT\" \/>\n<meta property=\"og:type\" content=\"article\" \/>\n<meta property=\"og:title\" content=\"Sardegna: ville e appartamenti in vendita e affitto in Sardegna\" \/>\n<meta property=\"og:description\" content=\"Sardegna: specializzati in vendita e affitti ville, appartamenti sul mare nell&#039;isola piu affascinante del Mediterraneo, vieni in Sardegna!!\" \/>\n<meta property=\"og:url\" content=\"https:\/\/www.insardinia.ch\/it\/sardegna-immobiliare\/\" \/>\n<meta property=\"og:site_name\" content=\"InSardinia\" \/>\n<meta property=\"article:modified_time\" content=\"2019-11-12T14:58:25+00:00\" \/>\n<meta property=\"og:image\" content=\"https:\/\/www.insardinia.ch\/vendita\/wp-content\/uploads\/2018\/06\/faro-palau-sardinia-1-1600x500_FRAMED.jpg\" \/>\n\t<meta property=\"og:image:width\" content=\"1600\" \/>\n\t<meta property=\"og:image:height\" content=\"500\" \/>\n\t<meta property=\"og:image:type\" content=\"image\/jpeg\" \/>\n<meta name=\"twitter:card\" content=\"summary_large_image\" \/>\n<meta name=\"twitter:label1\" content=\"Tempo di lettura stimato\" \/>\n\t<meta name=\"twitter:data1\" content=\"5 minuti\" \/>\n<script type=\"application\/ld+json\" class=\"yoast-schema-graph\">{\"@context\":\"https:\/\/schema.org\",\"@graph\":[{\"@type\":\"WebPage\",\"@id\":\"https:\/\/www.insardinia.ch\/it\/sardegna-immobiliare\/\",\"url\":\"https:\/\/www.insardinia.ch\/it\/sardegna-immobiliare\/\",\"name\":\"Sardegna: ville e appartamenti in vendita e affitto in Sardegna\",\"isPartOf\":{\"@id\":\"https:\/\/www.insardinia.ch\/en\/#website\"},\"datePublished\":\"2018-02-06T14:07:37+00:00\",\"dateModified\":\"2019-11-12T14:58:25+00:00\",\"description\":\"Sardegna: specializzati in vendita e affitti ville, appartamenti sul mare nell'isola piu affascinante del Mediterraneo, vieni in Sardegna!!\",\"breadcrumb\":{\"@id\":\"https:\/\/www.insardinia.ch\/it\/sardegna-immobiliare\/#breadcrumb\"},\"inLanguage\":\"it-IT\",\"potentialAction\":[{\"@type\":\"ReadAction\",\"target\":[\"https:\/\/www.insardinia.ch\/it\/sardegna-immobiliare\/\"]}]},{\"@type\":\"BreadcrumbList\",\"@id\":\"https:\/\/www.insardinia.ch\/it\/sardegna-immobiliare\/#breadcrumb\",\"itemListElement\":[{\"@type\":\"ListItem\",\"position\":1,\"name\":\"Home\",\"item\":\"https:\/\/www.insardinia.ch\/it\/\"},{\"@type\":\"ListItem\",\"position\":2,\"name\":\"Chi siamo\"}]},{\"@type\":\"WebSite\",\"@id\":\"https:\/\/www.insardinia.ch\/en\/#website\",\"url\":\"https:\/\/www.insardinia.ch\/en\/\",\"name\":\"InSardinia\",\"description\":\"\",\"potentialAction\":[{\"@type\":\"SearchAction\",\"target\":{\"@type\":\"EntryPoint\",\"urlTemplate\":\"https:\/\/www.insardinia.ch\/en\/?s={search_term_string}\"},\"query-input\":\"required name=search_term_string\"}],\"inLanguage\":\"it-IT\"}]}<\/script>\n<!-- \/ Yoast SEO plugin. -->","yoast_head_json":{"title":"Sardegna: ville e appartamenti in vendita e affitto in Sardegna","description":"Sardegna: specializzati in vendita e affitti ville, appartamenti sul mare nell'isola piu affascinante del Mediterraneo, vieni in Sardegna!!","robots":{"index":"index","follow":"follow","max-snippet":"max-snippet:-1","max-image-preview":"max-image-preview:large","max-video-preview":"max-video-preview:-1"},"canonical":"https:\/\/www.insardinia.ch\/it\/sardegna-immobiliare\/","og_locale":"it_IT","og_type":"article","og_title":"Sardegna: ville e appartamenti in vendita e affitto in Sardegna","og_description":"Sardegna: specializzati in vendita e affitti ville, appartamenti sul mare nell'isola piu affascinante del Mediterraneo, vieni in Sardegna!!","og_url":"https:\/\/www.insardinia.ch\/it\/sardegna-immobiliare\/","og_site_name":"InSardinia","article_modified_time":"2019-11-12T14:58:25+00:00","og_image":[{"width":1600,"height":500,"url":"https:\/\/www.insardinia.ch\/vendita\/wp-content\/uploads\/2018\/06\/faro-palau-sardinia-1-1600x500_FRAMED.jpg","type":"image\/jpeg"}],"twitter_card":"summary_large_image","twitter_misc":{"Tempo di lettura stimato":"5 minuti"},"schema":{"@context":"https:\/\/schema.org","@graph":[{"@type":"WebPage","@id":"https:\/\/www.insardinia.ch\/it\/sardegna-immobiliare\/","url":"https:\/\/www.insardinia.ch\/it\/sardegna-immobiliare\/","name":"Sardegna: ville e appartamenti in vendita e affitto in Sardegna","isPartOf":{"@id":"https:\/\/www.insardinia.ch\/en\/#website"},"datePublished":"2018-02-06T14:07:37+00:00","dateModified":"2019-11-12T14:58:25+00:00","description":"Sardegna: specializzati in vendita e affitti ville, appartamenti sul mare nell'isola piu affascinante del Mediterraneo, vieni in Sardegna!!","breadcrumb":{"@id":"https:\/\/www.insardinia.ch\/it\/sardegna-immobiliare\/#breadcrumb"},"inLanguage":"it-IT","potentialAction":[{"@type":"ReadAction","target":["https:\/\/www.insardinia.ch\/it\/sardegna-immobiliare\/"]}]},{"@type":"BreadcrumbList","@id":"https:\/\/www.insardinia.ch\/it\/sardegna-immobiliare\/#breadcrumb","itemListElement":[{"@type":"ListItem","position":1,"name":"Home","item":"https:\/\/www.insardinia.ch\/it\/"},{"@type":"ListItem","position":2,"name":"Chi siamo"}]},{"@type":"WebSite","@id":"https:\/\/www.insardinia.ch\/en\/#website","url":"https:\/\/www.insardinia.ch\/en\/","name":"InSardinia","description":"","potentialAction":[{"@type":"SearchAction","target":{"@type":"EntryPoint","urlTemplate":"https:\/\/www.insardinia.ch\/en\/?s={search_term_string}"},"query-input":"required name=search_term_string"}],"inLanguage":"it-IT"}]}},"_links":{"self":[{"href":"https:\/\/www.insardinia.ch\/it\/wp-json\/wp\/v2\/pages\/2384"}],"collection":[{"href":"https:\/\/www.insardinia.ch\/it\/wp-json\/wp\/v2\/pages"}],"about":[{"href":"https:\/\/www.insardinia.ch\/it\/wp-json\/wp\/v2\/types\/page"}],"author":[{"embeddable":true,"href":"https:\/\/www.insardinia.ch\/it\/wp-json\/wp\/v2\/users\/1"}],"replies":[{"embeddable":true,"href":"https:\/\/www.insardinia.ch\/it\/wp-json\/wp\/v2\/comments?post=2384"}],"version-history":[{"count":0,"href":"https:\/\/www.insardinia.ch\/it\/wp-json\/wp\/v2\/pages\/2384\/revisions"}],"wp:featuredmedia":[{"embeddable":true,"href":"https:\/\/www.insardinia.ch\/it\/wp-json\/wp\/v2\/media\/4612"}],"wp:attachment":[{"href":"https:\/\/www.insardinia.ch\/it\/wp-json\/wp\/v2\/media?parent=2384"}],"curies":[{"name":"wp","href":"https:\/\/api.w.org\/{rel}","templated":true}]}}